
{"id":5990,"date":"2024-02-28T10:06:58","date_gmt":"2024-02-28T09:06:58","guid":{"rendered":"https:\/\/costanatura.com\/conditions-dutilisation\/"},"modified":"2026-04-08T09:59:15","modified_gmt":"2026-04-08T08:59:15","slug":"conditions-dutilisation","status":"publish","type":"page","link":"https:\/\/costanatura.com\/fr\/conditions-dutilisation\/","title":{"rendered":"Conditions d&rsquo;utilisation"},"content":{"rendered":"\t\t<div data-elementor-type=\"wp-page\" data-elementor-id=\"5990\" class=\"elementor elementor-5990 elementor-2353\" data-elementor-post-type=\"page\">\n\t\t\t\t<div class=\"elementor-element elementor-element-959a2e3 e-flex e-con-boxed e-con e-parent\" data-id=\"959a2e3\" data-element_type=\"container\" data-e-type=\"container\" data-settings=\"{&quot;background_background&quot;:&quot;classic&quot;}\">\n\t\t\t\t\t<div class=\"e-con-inner\">\n\t\t\t\t<div class=\"elementor-element elementor-element-26a42ce elementor-widget elementor-widget-heading\" data-id=\"26a42ce\" data-element_type=\"widget\" data-e-type=\"widget\" data-widget_type=\"heading.default\">\n\t\t\t\t<div class=\"elementor-widget-container\">\n\t\t\t\t\t<h1 class=\"elementor-heading-title elementor-size-default\">Conditions g\u00e9n\u00e9rales<\/h1>\t\t\t\t<\/div>\n\t\t\t\t<\/div>\n\t\t\t\t<div class=\"elementor-element elementor-element-9652cc5 elementor-widget elementor-widget-heading\" data-id=\"9652cc5\" data-element_type=\"widget\" data-e-type=\"widget\" data-widget_type=\"heading.default\">\n\t\t\t\t<div class=\"elementor-widget-container\">\n\t\t\t\t\t<div class=\"elementor-heading-title elementor-size-default\">Costa Natura<\/div>\t\t\t\t<\/div>\n\t\t\t\t<\/div>\n\t\t\t\t\t<\/div>\n\t\t\t\t<\/div>\n\t\t<div class=\"elementor-element elementor-element-ca73c4c e-flex e-con-boxed e-con e-parent\" data-id=\"ca73c4c\" data-element_type=\"container\" data-e-type=\"container\">\n\t\t\t\t\t<div class=\"e-con-inner\">\n\t\t<div class=\"elementor-element elementor-element-f3e3e6c e-flex e-con-boxed e-con e-child\" data-id=\"f3e3e6c\" data-element_type=\"container\" data-e-type=\"container\">\n\t\t\t\t\t<div class=\"e-con-inner\">\n\t\t\t\t<div class=\"elementor-element elementor-element-993bbe1 texto elementor-widget elementor-widget-text-editor\" data-id=\"993bbe1\" data-element_type=\"widget\" data-e-type=\"widget\" data-widget_type=\"text-editor.default\">\n\t\t\t\t<div class=\"elementor-widget-container\">\n\t\t\t\t\t\t\t\t\t<h2>APPARTEMENTS<\/h2><p>Tous les appartements sont \u00e9quip\u00e9s de leur propre terrasse, d&rsquo;une cuisine, d&rsquo;une salle de bain et de l&rsquo;air conditionn\u00e9.<\/p><ul><li><strong>Studios<\/strong>: Appartements qui abritent le salon, la chambre \u00e0 coucher et la cuisine dans le m\u00eame espace. Parfaits pour les s\u00e9jours d&rsquo;une ou deux personnes. L&rsquo;espace int\u00e9rieur est de 18 m\u00e8tres carr\u00e9s, 9 m\u00e8tres carr\u00e9s sur la terrasse.<\/li><li><strong>Appartements<\/strong>: Dans ces appartements, l&rsquo;espace de vie est s\u00e9par\u00e9 de la chambre \u00e0 coucher. L&rsquo;espace int\u00e9rieur est d&rsquo;environ 27 m\u00e8tres carr\u00e9s, 9 m\u00e8tres carr\u00e9s sur la terrasse. Selon l&rsquo;\u00e9quipement, ils peuvent accueillir entre 2 et 4 personnes.<\/li><li><strong>Grand appartement<\/strong>: C&rsquo;est un appartement plus grand, avec 36 m\u00e8tres carr\u00e9s sur un \u00e9tage, et 18 m\u00e8tres carr\u00e9s de terrasse (environ).<\/li><li><strong>Duplex<\/strong>: il a la m\u00eame taille que les grands appartements, 36 m\u00e8tres carr\u00e9s, mais divis\u00e9 en deux \u00e9tages, il a aussi deux terrasses de 9 m\u00e8tres carr\u00e9s, une terrasse \u00e0 chaque \u00e9tage.<\/li><li><strong>Penthouse<\/strong>: C&rsquo;est le plus grand, l&rsquo;appartement penthouse a une vue panoramique sur la mer et les montagnes, il est tr\u00e8s bien \u00e9quip\u00e9 et ses finitions sont de tr\u00e8s grande qualit\u00e9.<\/li><\/ul><p><em>(<\/em><em>Tu dois savoir que tous nos appartements appartiennent \u00e0 des particuliers. Chaque appartement est d\u00e9cor\u00e9, meubl\u00e9 et am\u00e9nag\u00e9 par le propri\u00e9taire selon une vari\u00e9t\u00e9 de styles, de couleurs et de go\u00fbts individuels, mais tous r\u00e9pondent \u00e0 la norme minimale).<\/em><\/p><h2>PRIX<\/h2><p>Les prix des appartements sont fix\u00e9s en fonction de leur emplacement dans le complexe, de la vue, de l&rsquo;\u00e9tat g\u00e9n\u00e9ral et de l&rsquo;\u00e9quipement. Tous les appartements couvrent les besoins des clients, du plus simple au plus sophistiqu\u00e9.<\/p><h2>PAIEMENTS<\/h2><p>Pour garantir la r\u00e9servation, nous demandons un acompte de 30 %. Sans cet acompte, votre r\u00e9servation ne sera pas confirm\u00e9e. Le solde doit \u00eatre pay\u00e9 <strong>4 semaines avant l&rsquo;arriv\u00e9e. <\/strong>Costa Natura se r\u00e9serve le droit d&rsquo;annuler la r\u00e9servation si elle n&rsquo;est pas int\u00e9gralement pay\u00e9e dans ce d\u00e9lai.<\/p><p><span style=\"text-align: var(--text-align); color: var( --e-global-color-text );\">Les paiements en esp\u00e8ces ne peuvent \u00eatre effectu\u00e9s que dans les r\u00e9servations d&rsquo;un montant inf\u00e9rieur ou \u00e9gal \u00e0 1000 \u20ac. Si le total des r\u00e9servations est sup\u00e9rieur \u00e0 1000 euros, les paiements doivent \u00eatre effectu\u00e9s par carte.<\/span><span style=\"text-align: var(--text-align); color: var( --e-global-color-text );\">.<\/span><\/p><h2>POLITIQUE D&rsquo;ANNULATION<\/h2><p>Pour les annulations effectu\u00e9es plus de <strong>4 semaines avant l&rsquo;arriv\u00e9e<\/strong>, le montant pay\u00e9 sera rembours\u00e9. Les annulations effectu\u00e9es <strong>entre 4 et 2 semaines avant l&rsquo;arriv\u00e9e<\/strong> entra\u00eeneront des <strong>frais de 50 %<\/strong> du montant total de la r\u00e9servation. Si vous annulez la r\u00e9servation moins de 2 semaines avant le jour d&rsquo;arriv\u00e9e, le montant pay\u00e9 ne sera pas rembours\u00e9 (veuillez noter que votre assurance voyage couvrira cette annulation, nous pouvons vous fournir la facture). Moins de 4 semaines avant l&rsquo;arriv\u00e9e, vous ne pourrez pas modifier la r\u00e9servation ou l&rsquo;appartement.<\/p><h2>CL\u00c9S ET CARTE\/BRACELET D&rsquo;ACC\u00c8S<\/h2><p>Pour acc\u00e9der au Resort lorsque la r\u00e9ception est ferm\u00e9e, nous te fournirons une carte d&rsquo;acc\u00e8s et des bracelets pour la dur\u00e9e de ton s\u00e9jour. Nous prenons une caution de 20\u20ac pour ces cl\u00e9s d&rsquo;acc\u00e8s en esp\u00e8ces qui te sera rendue lors de ton d\u00e9part.<\/p><h2>ARRIV\u00c9ES APR\u00c8S L&rsquo;HEURE D&rsquo;OUVERTURE DE LA R\u00c9CEPTION<\/h2><p>Si tu arrives alors que la r\u00e9ception est d\u00e9j\u00e0 ferm\u00e9e, des instructions compl\u00e8tes te seront fournies \u00e0 l&rsquo;avance. Tous les paiements doivent \u00eatre effectu\u00e9s \u00e0 l&rsquo;avance. (Si tu arrives en retard, pr\u00e9viens la r\u00e9ception).<\/p><h2>\u00c9LECTRICIT\u00c9<\/h2><p>Il est important de faire une utilisation responsable de l&rsquo;\u00e9lectricit\u00e9, par exemple en laissant les appareils \u00e9teints lorsque tu n&rsquo;es pas dans l&rsquo;appartement (climatisation, chauffage, chauffage par le sol, etc.) En cas de d\u00e9tection d&rsquo;une utilisation abusive de l&rsquo;\u00e9lectricit\u00e9, elle sera factur\u00e9e sur le compte du client.<\/p><h2>NETTOYAGE<\/h2><p>Nous fournissons le linge de maison et les serviettes \u00e0 l&rsquo;arriv\u00e9e. Toutes les locations (\u00e0 l&rsquo;exception des offres hivernales\/sp\u00e9ciales) comprennent un mini-nettoyage hebdomadaire avec changement de serviettes et de draps, ainsi qu&rsquo;un changement de serviettes tous les 4 jours.<\/p><h2>R\u00c8GLEMENTS<\/h2><p>Il s&rsquo;agit d&rsquo;une station naturiste familiale, nous demandons \u00e0 tous les propri\u00e9taires, clients et visiteurs d&rsquo;un jour de respecter la communaut\u00e9 et les protocoles naturistes familiaux. Nous demandons \u00e0 tous les vacanciers de respecter les <a href=\"\/?page_id=21997\"><strong>r\u00e8gles de la communaut\u00e9<\/strong><\/a>.<\/p><h2><span style=\"color: var(--e-global-color-30ecc66); font-family: Petrona, sans-serif; font-size: 18px; letter-spacing: 1.5px; text-transform: uppercase; text-align: var(--text-align);\">DOMMAGES ET UTILISATION INAPPROPRI\u00c9E<\/span><\/h2><p>Toutes les propri\u00e9t\u00e9s doivent \u00eatre laiss\u00e9es propres et doivent \u00eatre trait\u00e9es avec respect.<\/p><p>Les dommages g\u00e9n\u00e9r\u00e9s pendant le s\u00e9jour dans l&rsquo;appartement doivent \u00eatre signal\u00e9s \u00e0 la r\u00e9ception. Les dommages ou la casse r\u00e9sultant d&rsquo;une utilisation inappropri\u00e9e seront port\u00e9s au compte du client.<\/p><p>Les stores doivent \u00eatre enroul\u00e9s en cas de mauvaises conditions m\u00e9t\u00e9orologiques (pluie ou vent). Toute casse due \u00e0 une utilisation inappropri\u00e9e sera factur\u00e9e au client.<\/p><p>Il <strong>est interdit de fumer<\/strong> dans l&rsquo;appartement. Fumer \u00e0 l&rsquo;int\u00e9rieur de l&rsquo;appartement entra\u00eene des frais suppl\u00e9mentaires de 150\u20ac.<\/p><p>Lis notre d\u00e9claration de confidentialit\u00e9 et de GDPR <a href=\"https:\/\/costanatura.com\/fr\/gdpr-declaration-de-confidentialite\/\">ici<\/a><\/p><p><strong>ASOCIACI\u00d3N NATURISTA COSTA NATURA, CIF G-93265734<\/strong><\/p>\t\t\t\t\t\t\t\t<\/div>\n\t\t\t\t<\/div>\n\t\t\t\t\t<\/div>\n\t\t\t\t<\/div>\n\t\t\t\t<div class=\"elementor-element elementor-element-4e4de8e elementor-widget-divider--view-line elementor-widget elementor-widget-divider\" data-id=\"4e4de8e\" data-element_type=\"widget\" data-e-type=\"widget\" data-widget_type=\"divider.default\">\n\t\t\t\t<div class=\"elementor-widget-container\">\n\t\t\t\t\t\t\t<div class=\"elementor-divider\">\n\t\t\t<span class=\"elementor-divider-separator\">\n\t\t\t\t\t\t<\/span>\n\t\t<\/div>\n\t\t\t\t\t\t<\/div>\n\t\t\t\t<\/div>\n\t\t<div class=\"elementor-element elementor-element-1e9bbc7 e-flex e-con-boxed e-con e-child\" data-id=\"1e9bbc7\" data-element_type=\"container\" data-e-type=\"container\">\n\t\t\t\t\t<div class=\"e-con-inner\">\n\t\t\t\t<div class=\"elementor-element elementor-element-0be27f7 elementor-widget elementor-widget-button\" data-id=\"0be27f7\" data-element_type=\"widget\" data-e-type=\"widget\" data-widget_type=\"button.default\">\n\t\t\t\t<div class=\"elementor-widget-container\">\n\t\t\t\t\t\t\t\t\t<div class=\"elementor-button-wrapper\">\n\t\t\t\t\t<a class=\"elementor-button elementor-button-link elementor-size-sm\" href=\"https:\/\/costanatura.com\/community-rules\/\">\n\t\t\t\t\t\t<span class=\"elementor-button-content-wrapper\">\n\t\t\t\t\t\t\t\t\t<span class=\"elementor-button-text\">R\u00e8gles de la communaut\u00e9<\/span>\n\t\t\t\t\t<\/span>\n\t\t\t\t\t<\/a>\n\t\t\t\t<\/div>\n\t\t\t\t\t\t\t\t<\/div>\n\t\t\t\t<\/div>\n\t\t\t\t<div class=\"elementor-element elementor-element-0ba9b56 elementor-widget elementor-widget-button\" data-id=\"0ba9b56\" data-element_type=\"widget\" data-e-type=\"widget\" data-widget_type=\"button.default\">\n\t\t\t\t<div class=\"elementor-widget-container\">\n\t\t\t\t\t\t\t\t\t<div class=\"elementor-button-wrapper\">\n\t\t\t\t\t<a class=\"elementor-button elementor-button-link elementor-size-sm\" href=\"https:\/\/costanatura.com\/price-list\/\">\n\t\t\t\t\t\t<span class=\"elementor-button-content-wrapper\">\n\t\t\t\t\t\t\t\t\t<span class=\"elementor-button-text\">Liste de prix<\/span>\n\t\t\t\t\t<\/span>\n\t\t\t\t\t<\/a>\n\t\t\t\t<\/div>\n\t\t\t\t\t\t\t\t<\/div>\n\t\t\t\t<\/div>\n\t\t\t\t<div class=\"elementor-element elementor-element-b929c34 elementor-widget elementor-widget-button\" data-id=\"b929c34\" data-element_type=\"widget\" data-e-type=\"widget\" data-widget_type=\"button.default\">\n\t\t\t\t<div class=\"elementor-widget-container\">\n\t\t\t\t\t\t\t\t\t<div class=\"elementor-button-wrapper\">\n\t\t\t\t\t<a class=\"elementor-button elementor-button-link elementor-size-sm\" href=\"https:\/\/costanatura.com\/accommodations\/\">\n\t\t\t\t\t\t<span class=\"elementor-button-content-wrapper\">\n\t\t\t\t\t\t\t\t\t<span class=\"elementor-button-text\">Appartements<\/span>\n\t\t\t\t\t<\/span>\n\t\t\t\t\t<\/a>\n\t\t\t\t<\/div>\n\t\t\t\t\t\t\t\t<\/div>\n\t\t\t\t<\/div>\n\t\t\t\t\t<\/div>\n\t\t\t\t<\/div>\n\t\t\t\t\t<\/div>\n\t\t\t\t<\/div>\n\t\t\t\t<\/div>\n\t\t","protected":false},"excerpt":{"rendered":"<p>Conditions g\u00e9n\u00e9rales Costa Natura APPARTEMENTS Tous les appartements sont \u00e9quip\u00e9s de leur propre terrasse, d&rsquo;une cuisine, d&rsquo;une salle de bain et de l&rsquo;air conditionn\u00e9. Studios: Appartements qui abritent le salon, la chambre \u00e0 coucher et la cuisine dans le m\u00eame espace. Parfaits pour les s\u00e9jours d&rsquo;une ou deux personnes. L&rsquo;espace int\u00e9rieur est de 18 m\u00e8tres [&hellip;]<\/p>\n","protected":false},"author":1,"featured_media":5232168,"parent":0,"menu_order":0,"comment_status":"closed","ping_status":"closed","template":"","meta":{"inline_featured_image":false,"footnotes":""},"class_list":["post-5990","page","type-page","status-publish","has-post-thumbnail","hentry"],"aioseo_notices":[],"_links":{"self":[{"href":"https:\/\/costanatura.com\/fr\/wp-json\/wp\/v2\/pages\/5990","targetHints":{"allow":["GET"]}}],"collection":[{"href":"https:\/\/costanatura.com\/fr\/wp-json\/wp\/v2\/pages"}],"about":[{"href":"https:\/\/costanatura.com\/fr\/wp-json\/wp\/v2\/types\/page"}],"author":[{"embeddable":true,"href":"https:\/\/costanatura.com\/fr\/wp-json\/wp\/v2\/users\/1"}],"replies":[{"embeddable":true,"href":"https:\/\/costanatura.com\/fr\/wp-json\/wp\/v2\/comments?post=5990"}],"version-history":[{"count":11,"href":"https:\/\/costanatura.com\/fr\/wp-json\/wp\/v2\/pages\/5990\/revisions"}],"predecessor-version":[{"id":51472332,"href":"https:\/\/costanatura.com\/fr\/wp-json\/wp\/v2\/pages\/5990\/revisions\/51472332"}],"wp:featuredmedia":[{"embeddable":true,"href":"https:\/\/costanatura.com\/fr\/wp-json\/wp\/v2\/media\/5232168"}],"wp:attachment":[{"href":"https:\/\/costanatura.com\/fr\/wp-json\/wp\/v2\/media?parent=5990"}],"curies":[{"name":"wp","href":"https:\/\/api.w.org\/{rel}","templated":true}]}}