
{"id":5982,"date":"2024-02-28T10:06:03","date_gmt":"2024-02-28T09:06:03","guid":{"rendered":"https:\/\/costanatura.com\/offres-speciales\/"},"modified":"2026-03-22T10:36:01","modified_gmt":"2026-03-22T09:36:01","slug":"offres-speciales","status":"publish","type":"page","link":"https:\/\/costanatura.com\/fr\/offres-speciales\/","title":{"rendered":"Offres sp\u00e9ciales"},"content":{"rendered":"\t\t<div data-elementor-type=\"wp-page\" data-elementor-id=\"5982\" class=\"elementor elementor-5982 elementor-2343\" data-elementor-post-type=\"page\">\n\t\t\t\t<div class=\"elementor-element elementor-element-a25f192 e-con-full e-flex e-con e-parent\" data-id=\"a25f192\" data-element_type=\"container\" data-e-type=\"container\" data-settings=\"{&quot;background_background&quot;:&quot;classic&quot;}\">\n\t\t\t\t<\/div>\n\t\t<div class=\"elementor-element elementor-element-af1c54a e-flex e-con-boxed e-con e-parent\" data-id=\"af1c54a\" data-element_type=\"container\" data-e-type=\"container\" data-settings=\"{&quot;background_background&quot;:&quot;classic&quot;}\">\n\t\t\t\t\t<div class=\"e-con-inner\">\n\t\t<div class=\"elementor-element elementor-element-e506250 e-flex e-con-boxed e-con e-child\" data-id=\"e506250\" data-element_type=\"container\" data-e-type=\"container\">\n\t\t\t\t\t<div class=\"e-con-inner\">\n\t\t\t\t<div class=\"elementor-element elementor-element-4f59a20 elementor-widget elementor-widget-heading\" data-id=\"4f59a20\" data-element_type=\"widget\" data-e-type=\"widget\" data-widget_type=\"heading.default\">\n\t\t\t\t<div class=\"elementor-widget-container\">\n\t\t\t\t\t<h1 class=\"elementor-heading-title elementor-size-default\">Offres sp\u00e9ciales<\/h1>\t\t\t\t<\/div>\n\t\t\t\t<\/div>\n\t\t\t\t<div class=\"elementor-element elementor-element-d06f40f elementor-widget elementor-widget-text-editor\" data-id=\"d06f40f\" data-element_type=\"widget\" data-e-type=\"widget\" data-widget_type=\"text-editor.default\">\n\t\t\t\t<div class=\"elementor-widget-container\">\n\t\t\t\t\t\t\t\t\t<p>Costa Natura a beaucoup \u00e0 offrir pendant toute l&rsquo;ann\u00e9e, viens nous rendre visite pour un s\u00e9jour agr\u00e9able et d\u00e9tendu.  <\/p>\t\t\t\t\t\t\t\t<\/div>\n\t\t\t\t<\/div>\n\t\t\t\t<div class=\"elementor-element elementor-element-26c0b57 elementor-widget-divider--view-line elementor-widget elementor-widget-divider\" data-id=\"26c0b57\" data-element_type=\"widget\" data-e-type=\"widget\" data-widget_type=\"divider.default\">\n\t\t\t\t<div class=\"elementor-widget-container\">\n\t\t\t\t\t\t\t<div class=\"elementor-divider\">\n\t\t\t<span class=\"elementor-divider-separator\">\n\t\t\t\t\t\t<\/span>\n\t\t<\/div>\n\t\t\t\t\t\t<\/div>\n\t\t\t\t<\/div>\n\t\t\t\t\t<\/div>\n\t\t\t\t<\/div>\n\t\t\t\t\t<\/div>\n\t\t\t\t<\/div>\n\t\t<div class=\"elementor-element elementor-element-70bd8ec e-con-full e-flex e-con e-parent\" data-id=\"70bd8ec\" data-element_type=\"container\" data-e-type=\"container\">\n\t\t<div class=\"elementor-element elementor-element-c576336 e-con-full e-flex e-con e-child\" data-id=\"c576336\" data-element_type=\"container\" data-e-type=\"container\" data-settings=\"{&quot;background_background&quot;:&quot;classic&quot;}\">\n\t\t\t\t<\/div>\n\t\t<div class=\"elementor-element elementor-element-50c1c24 e-con-full e-flex e-con e-child\" data-id=\"50c1c24\" data-element_type=\"container\" data-e-type=\"container\" data-settings=\"{&quot;background_background&quot;:&quot;classic&quot;}\">\n\t\t\t\t<div class=\"elementor-element elementor-element-d496886 elementor-widget elementor-widget-heading\" data-id=\"d496886\" data-element_type=\"widget\" data-e-type=\"widget\" data-widget_type=\"heading.default\">\n\t\t\t\t<div class=\"elementor-widget-container\">\n\t\t\t\t\t<h3 class=\"elementor-heading-title elementor-size-default\">L'hiver \u00e0 Costa Natura<\/h3>\t\t\t\t<\/div>\n\t\t\t\t<\/div>\n\t\t\t\t<div class=\"elementor-element elementor-element-456a678 elementor-widget__width-initial elementor-widget elementor-widget-text-editor\" data-id=\"456a678\" data-element_type=\"widget\" data-e-type=\"widget\" data-widget_type=\"text-editor.default\">\n\t\t\t\t<div class=\"elementor-widget-container\">\n\t\t\t\t\t\t\t\t\t<p>Costa Natura reste la destination parfaite sur la Costa Del Sol pour en profiter de novembre \u00e0 mars. En Andalousie, nous continuons \u00e0 b\u00e9n\u00e9ficier d&rsquo;un climat hivernal doux, avec des journ\u00e9es ensoleill\u00e9es et des pr\u00e9cipitations minimes. Notre temp\u00e9rature moyenne se situe entre 7 et 10\u00b0C, avec des maxima d\u00e9passant les 15\u00b0C tout au long de la saison hivernale.<\/p><p>\u00c0 cette \u00e9poque de l&rsquo;ann\u00e9e, Costa Natura conserve son charme splendide, offrant une ambiance r\u00e9frig\u00e9r\u00e9e avec vue sur l&rsquo;oc\u00e9an M\u00e9diterran\u00e9e, alors que nous entrons dans la nouvelle ann\u00e9e. Notre centre de vill\u00e9giature affiche r\u00e9guli\u00e8rement un taux d&rsquo;occupation \u00e9lev\u00e9 pendant cette saison, ce qui garantit de nombreuses possibilit\u00e9s de se d\u00e9tendre, de socialiser et de profiter de toutes les commodit\u00e9s que Costa Natura a \u00e0 offrir.<\/p>\t\t\t\t\t\t\t\t<\/div>\n\t\t\t\t<\/div>\n\t\t\t\t<div class=\"elementor-element elementor-element-ed45813 elementor-widget elementor-widget-button\" data-id=\"ed45813\" data-element_type=\"widget\" data-e-type=\"widget\" data-widget_type=\"button.default\">\n\t\t\t\t<div class=\"elementor-widget-container\">\n\t\t\t\t\t\t\t\t\t<div class=\"elementor-button-wrapper\">\n\t\t\t\t\t<a class=\"elementor-button elementor-button-link elementor-size-sm\" href=\"tel:+34952808065\">\n\t\t\t\t\t\t<span class=\"elementor-button-content-wrapper\">\n\t\t\t\t\t\t\t\t\t<span class=\"elementor-button-text\">Contacter la r\u00e9ception<\/span>\n\t\t\t\t\t<\/span>\n\t\t\t\t\t<\/a>\n\t\t\t\t<\/div>\n\t\t\t\t\t\t\t\t<\/div>\n\t\t\t\t<\/div>\n\t\t\t\t<\/div>\n\t\t\t\t<\/div>\n\t\t<div class=\"elementor-element elementor-element-567f398 e-flex e-con-boxed e-con e-parent\" data-id=\"567f398\" data-element_type=\"container\" data-e-type=\"container\">\n\t\t\t\t\t<div class=\"e-con-inner\">\n\t\t<div class=\"elementor-element elementor-element-c194b92 e-con-full e-flex e-con e-child\" data-id=\"c194b92\" data-element_type=\"container\" data-e-type=\"container\">\n\t\t<div class=\"elementor-element elementor-element-507b5d6 e-flex e-con-boxed e-con e-child\" data-id=\"507b5d6\" data-element_type=\"container\" data-e-type=\"container\">\n\t\t\t\t\t<div class=\"e-con-inner\">\n\t\t\t\t<div class=\"elementor-element elementor-element-d2fc7b7 elementor-widget elementor-widget-heading\" data-id=\"d2fc7b7\" data-element_type=\"widget\" data-e-type=\"widget\" data-widget_type=\"heading.default\">\n\t\t\t\t<div class=\"elementor-widget-container\">\n\t\t\t\t\t<h3 class=\"elementor-heading-title elementor-size-default\">Tarifs de l'offre d'hiver<\/h3>\t\t\t\t<\/div>\n\t\t\t\t<\/div>\n\t\t\t\t<div class=\"elementor-element elementor-element-12652c4 texto elementor-widget elementor-widget-text-editor\" data-id=\"12652c4\" data-element_type=\"widget\" data-e-type=\"widget\" data-widget_type=\"text-editor.default\">\n\t\t\t\t<div class=\"elementor-widget-container\">\n\t\t\t\t\t\t\t\t\t<ul><li>Prix valables du 01\/11 au 31\/03<\/li><li>S\u00e9jour minimum de 30 nuits<\/li><li>L&rsquo;\u00e9lectricit\u00e9 et le nettoyage final sont inclus<\/li><li>Les serviettes et le changement de linge ne sont pas inclus<\/li><li>Les r\u00e9servations doivent \u00eatre faites directement aupr\u00e8s de la r\u00e9ception.<\/li><\/ul>\t\t\t\t\t\t\t\t<\/div>\n\t\t\t\t<\/div>\n\t\t\t\t\t<\/div>\n\t\t\t\t<\/div>\n\t\t\t\t<div class=\"elementor-element elementor-element-6380c70 elementor-widget__width-inherit texto elementor-widget elementor-widget-html\" data-id=\"6380c70\" data-element_type=\"widget\" data-e-type=\"widget\" data-widget_type=\"html.default\">\n\t\t\t\t<div class=\"elementor-widget-container\">\n\t\t\t\t\t<table class=\"col2\">\n<thead>\n<tr>\n<th><span style=\"color: var(--e-global-color-primary);\">Type<\/span><\/th>\n<th><span style=\"color: var(--e-global-color-primary);\">novembre - mars<\/span><\/th>\n<\/tr>\n<\/thead>\n<tbody>\n<tr>\n<td class=\"table-bcolor1 table-borde\">Appartement Studio *<\/td>\n<td><strong>40 \u20ac<\/strong><\/td>\n<\/tr>\n<tr>\n<td class=\"table-bcolor1 table-borde\">Appartement studio **<\/td>\n<td><strong>43 \u20ac<\/strong><\/td>\n<\/tr>\n<tr>\n<td class=\"table-bcolor1 table-borde\">Appartement studio ***<\/td>\n<td><strong>45 \u20ac<\/strong><\/td>\n<\/tr>\n<tr>\n<td class=\"table-bcolor1 table-borde\"><\/td>\n<td><\/td>\n<\/tr>\n<tr>\n<td class=\"table-bcolor1 table-borde\">Appartement de plain-pied *<\/td>\n<td><strong>48 \u20ac<\/strong><\/td>\n<\/tr>\n<tr>\n<td class=\"table-bcolor1 table-borde\">Appartement de plain-pied **<\/td>\n<td><strong>54 \u20ac<\/strong><\/td>\n<\/tr>\n<tr>\n<td class=\"table-bcolor1 table-borde\">Appartement de plain-pied ***<\/td>\n<td><strong>56 \u20ac<\/strong><\/td>\n<\/tr>\n<tr>\n<td class=\"table-bcolor1 table-borde\"><\/td>\n<td><\/td>\n<\/tr>\n<tr>\n<td class=\"table-bcolor1 table-borde\">One Level Large Apartment *<\/td>\n<td><strong>53 \u20ac<\/strong><\/td>\n<\/tr>\n<tr>\n<td class=\"table-bcolor1 table-borde\">One Level Large Apartment **<\/td>\n<td><strong>57 \u20ac<\/strong><\/td>\n<\/tr>\n<tr>\n<td class=\"table-bcolor1 table-borde\">One Level Large Apartment ***<\/td>\n<td><strong>63 \u20ac<\/strong><\/td>\n<\/tr>\n<tr>\n<td class=\"table-bcolor1 table-borde\"><\/td>\n<td><\/td>\n<\/tr>\n<tr>\n<td class=\"table-bcolor1 table-borde\">Duplex Apartment *<\/td>\n<td><strong>53 \u20ac<\/strong><\/td>\n<\/tr>\n<tr>\n<td class=\"table-bcolor1 table-borde\">Duplex Apartment **<\/td>\n<td><strong>57 \u20ac<\/strong><\/td>\n<\/tr>\n<tr>\n<td class=\"table-bcolor1 table-borde\">Appartement en duplex ***<\/td>\n<td><strong>63 \u20ac<\/strong><\/td>\n<\/tr>\n<\/tbody>\n<\/table>\t\t\t\t<\/div>\n\t\t\t\t<\/div>\n\t\t\t\t<div class=\"elementor-element elementor-element-f55e693 elementor-widget elementor-widget-heading\" data-id=\"f55e693\" data-element_type=\"widget\" data-e-type=\"widget\" data-widget_type=\"heading.default\">\n\t\t\t\t<div class=\"elementor-widget-container\">\n\t\t\t\t\t<div class=\"elementor-heading-title elementor-size-default\">Hiver 2026\/27<\/div>\t\t\t\t<\/div>\n\t\t\t\t<\/div>\n\t\t\t\t<\/div>\n\t\t<div class=\"elementor-element elementor-element-45fc02e e-con-full e-flex e-con e-child\" data-id=\"45fc02e\" data-element_type=\"container\" data-e-type=\"container\">\n\t\t\t\t<div class=\"elementor-element elementor-element-4262432 elementor-widget elementor-widget-heading\" data-id=\"4262432\" data-element_type=\"widget\" data-e-type=\"widget\" data-widget_type=\"heading.default\">\n\t\t\t\t<div class=\"elementor-widget-container\">\n\t\t\t\t\t<h3 class=\"elementor-heading-title elementor-size-default\">Offres sp\u00e9ciales \/ R\u00e9ductions<\/h3>\t\t\t\t<\/div>\n\t\t\t\t<\/div>\n\t\t\t\t<div class=\"elementor-element elementor-element-47b485c texto elementor-widget elementor-widget-text-editor\" data-id=\"47b485c\" data-element_type=\"widget\" data-e-type=\"widget\" data-widget_type=\"text-editor.default\">\n\t\t\t\t<div class=\"elementor-widget-container\">\n\t\t\t\t\t\t\t\t\t<ul>\n<li>\n<h3><strong><span style=\"text-decoration: underline;\">Apartment 55 10% from 01\/03 to 30\/04\/2026<\/span><\/strong><strong><br><\/strong><em><strong style=\"font-size: 16px;\">Coupon code:<\/strong> <strong>CN<\/strong><\/em><span style=\"background-color: transparent;\"><b><i>55-10%-01\/03-30\/04\/26<\/i><\/b><\/span><\/h3>\n<\/li>\n<\/ul>\t\t\t\t\t\t\t\t<\/div>\n\t\t\t\t<\/div>\n\t\t\t\t<\/div>\n\t\t\t\t\t<\/div>\n\t\t\t\t<\/div>\n\t\t<div class=\"elementor-element elementor-element-336a9c2 e-con-full e-flex e-con e-parent\" data-id=\"336a9c2\" data-element_type=\"container\" data-e-type=\"container\">\n\t\t\t\t<div class=\"elementor-element elementor-element-df45059 elementor-widget elementor-widget-template\" data-id=\"df45059\" data-element_type=\"widget\" data-e-type=\"widget\" data-widget_type=\"template.default\">\n\t\t\t\t<div class=\"elementor-widget-container\">\n\t\t\t\t\t\t\t<div class=\"elementor-template\">\n\t\t\t\t\t<div data-elementor-type=\"section\" data-elementor-id=\"5883\" class=\"elementor elementor-5883 elementor-447 elementor-447\" data-elementor-post-type=\"elementor_library\">\n\t\t\t<div class=\"elementor-element elementor-element-ee091f1 e-con-full e-flex e-con e-parent\" data-id=\"ee091f1\" data-element_type=\"container\" data-e-type=\"container\" data-settings=\"{&quot;background_background&quot;:&quot;classic&quot;}\">\n\t\t\t\t<div class=\"elementor-element elementor-element-dfb9040 elementor-widget elementor-widget-heading\" data-id=\"dfb9040\" data-element_type=\"widget\" data-e-type=\"widget\" data-widget_type=\"heading.default\">\n\t\t\t\t<div class=\"elementor-widget-container\">\n\t\t\t\t\t<h2 class=\"elementor-heading-title elementor-size-default\">Trouve l'<span>appartement id\u00e9al<\/span>.<\/h2>\t\t\t\t<\/div>\n\t\t\t\t<\/div>\n\t\t<div class=\"elementor-element elementor-element-630266f e-flex e-con-boxed e-con e-child\" data-id=\"630266f\" data-element_type=\"container\" data-e-type=\"container\" data-settings=\"{&quot;background_background&quot;:&quot;classic&quot;}\">\n\t\t\t\t\t<div class=\"e-con-inner\">\n\t\t<div class=\"elementor-element elementor-element-f9929ff e-flex e-con-boxed e-con e-child\" data-id=\"f9929ff\" data-element_type=\"container\" data-e-type=\"container\" data-settings=\"{&quot;background_background&quot;:&quot;classic&quot;}\">\n\t\t\t\t\t<div class=\"e-con-inner\">\n\t\t\t\t<div class=\"elementor-element elementor-element-2d5bad2 ctabooking elementor-widget elementor-widget-shortcode\" data-id=\"2d5bad2\" data-element_type=\"widget\" data-e-type=\"widget\" data-widget_type=\"shortcode.default\">\n\t\t\t\t<div class=\"elementor-widget-container\">\n\t\t\t\t\t\t\t<div class=\"elementor-shortcode\"><div class=\"mphb_sc_search-wrapper is-style-horizontal-form  transparent\">\n<form method=\"GET\" class=\"mphb_sc_search-form\" action=\"https:\/\/costanatura.com\/fr\/resultats-de-la-recherche\/\" data-first_available_check_in_date=\"2026-04-12\">\n\n\t<p class = \"mphb-required-fields-tip\">\n\t<small>\n\t\tLes champs obligatoires sont suivis de\t\t<abbr title=\"required\">*<\/abbr>\n\t<\/small>\n<\/p>\n\n\t<p class=\"mphb_sc_search-check-in-date\">\n\t\t<label for=\"mphb_check_in_date-mphb-search-form-69da07a4df449\">\n\t\t\tCheck-in\t\t\t<abbr title=\"Format\u00e9 comme dd\/mm\/yyyy\">*<\/abbr>\n\t\t<\/label>\n\t\t<br \/>\n\t\t<input\n\t\t\tid=\"mphb_check_in_date-mphb-search-form-69da07a4df449\"\n\t\t\tdata-datepick-group=\"mphb-search-form-69da07a4df449\"\n\t\t\tvalue=\"\"\n\t\t\tplaceholder=\"Date d&#039;enregistrement\"\n\t\t\trequired=\"required\"\n\t\t\ttype=\"text\"\n\t\t\tinputmode=\"none\"\n\t\t\tname=\"mphb_check_in_date\"\n\t\t\tclass=\"mphb-datepick\"\n\t\t\tautocomplete=\"off\"\n\t\t\t\/>\n\t<\/p>\n\n\t<p class=\"mphb_sc_search-check-out-date\">\n\t\t<label for=\"mphb_check_out_date-mphb-search-form-69da07a4df449\">\n\t\t\tCheck-out\t\t\t<abbr title=\"Format\u00e9 comme dd\/mm\/yyyy\">*<\/abbr>\n\t\t<\/label>\n\t\t<br \/>\n\t\t<input\n\t\t\tid=\"mphb_check_out_date-mphb-search-form-69da07a4df449\"\n\t\t\tdata-datepick-group=\"mphb-search-form-69da07a4df449\"\n\t\t\tvalue=\"\"\n\t\t\tplaceholder=\"Date de d\u00e9part\"\n\t\t\trequired=\"required\"\n\t\t\ttype=\"text\"\n\t\t\tinputmode=\"none\"\n\t\t\tname=\"mphb_check_out_date\"\n\t\t\tclass=\"mphb-datepick\"\n\t\t\tautocomplete=\"off\"\n\t\t\t\/>\n\t<\/p>\n\n\t\t\t<p class=\"mphb_sc_search-adults\">\n\t\t\t<label for=\"mphb_adults-mphb-search-form-69da07a4df449\">\n\t\t\t\tAdultes\t\t\t<\/label>\n\t\t\t<br \/>\n\t\t\t<select id=\"mphb_adults-mphb-search-form-69da07a4df449\" name=\"mphb_adults\" >\n\t\t\t\t\t\t\t\t\t<option value=\"1\"  selected='selected'>1<\/option>\n\t\t\t\t\t\t\t\t\t<option value=\"2\" >2<\/option>\n\t\t\t\t\t\t\t\t\t<option value=\"3\" >3<\/option>\n\t\t\t\t\t\t\t\t\t<option value=\"4\" >4<\/option>\n\t\t\t\t\t\t\t\t\t<option value=\"5\" >5<\/option>\n\t\t\t\t\t\t\t\t\t<option value=\"6\" >6<\/option>\n\t\t\t\t\t\t\t\t\t<option value=\"7\" >7<\/option>\n\t\t\t\t\t\t\t\t\t<option value=\"8\" >8<\/option>\n\t\t\t\t\t\t\t\t\t<option value=\"9\" >9<\/option>\n\t\t\t\t\t\t\t\t\t<option value=\"10\" >10<\/option>\n\t\t\t\t\t\t\t<\/select>\n\t\t<\/p>\n\t\n\t\t\t<p class=\"mphb_sc_search-children\">\n\t\t\t<label for=\"mphb_children-mphb-search-form-69da07a4df449\">\n\t\t\t\tLes enfants\t\t\t<\/label>\n\t\t\t<br \/>\n\t\t\t<select id=\"mphb_children-mphb-search-form-69da07a4df449\" name=\"mphb_children\">\n\t\t\t\t\t\t\t\t\t<option value=\"0\"  selected='selected'>0<\/option>\n\t\t\t\t\t\t\t\t\t<option value=\"1\" >1<\/option>\n\t\t\t\t\t\t\t\t\t<option value=\"2\" >2<\/option>\n\t\t\t\t\t\t\t\t\t<option value=\"3\" >3<\/option>\n\t\t\t\t\t\t\t\t\t<option value=\"4\" >4<\/option>\n\t\t\t\t\t\t\t\t\t<option value=\"5\" >5<\/option>\n\t\t\t\t\t\t\t\t\t<option value=\"6\" >6<\/option>\n\t\t\t\t\t\t\t\t\t<option value=\"7\" >7<\/option>\n\t\t\t\t\t\t\t\t\t<option value=\"8\" >8<\/option>\n\t\t\t\t\t\t\t\t\t<option value=\"9\" >9<\/option>\n\t\t\t\t\t\t\t\t\t<option value=\"10\" >10<\/option>\n\t\t\t\t\t\t\t<\/select>\n\t\t<\/p>\n\t\n\t\n\t\n\t<input id=\"mphb_check_in_date-mphb-search-form-69da07a4df449-hidden\" value=\"\" type=\"hidden\" name=\"mphb_check_in_date\" \/><input id=\"mphb_check_out_date-mphb-search-form-69da07a4df449-hidden\" value=\"\" type=\"hidden\" name=\"mphb_check_out_date\" \/>\n\t<p class=\"mphb_sc_search-submit-button-wrapper\">\n\t\t<input type=\"submit\" class=\"button\" value=\"Recherche\"\/>\n\t<\/p>\n\n\t\n<\/form>\n<\/div><\/div>\n\t\t\t\t\t\t<\/div>\n\t\t\t\t<\/div>\n\t\t\t\t\t<\/div>\n\t\t\t\t<\/div>\n\t\t\t\t\t<\/div>\n\t\t\t\t<\/div>\n\t\t\t\t<div class=\"elementor-element elementor-element-c74512a elementor-widget-divider--view-line elementor-widget elementor-widget-divider\" data-id=\"c74512a\" data-element_type=\"widget\" data-e-type=\"widget\" data-widget_type=\"divider.default\">\n\t\t\t\t<div class=\"elementor-widget-container\">\n\t\t\t\t\t\t\t<div class=\"elementor-divider\">\n\t\t\t<span class=\"elementor-divider-separator\">\n\t\t\t\t\t\t<\/span>\n\t\t<\/div>\n\t\t\t\t\t\t<\/div>\n\t\t\t\t<\/div>\n\t\t<div class=\"elementor-element elementor-element-81aaa6f e-flex e-con-boxed e-con e-child\" data-id=\"81aaa6f\" data-element_type=\"container\" data-e-type=\"container\">\n\t\t\t\t\t<div class=\"e-con-inner\">\n\t\t\t\t<div class=\"elementor-element elementor-element-4eaec28 elementor-widget elementor-widget-button\" data-id=\"4eaec28\" data-element_type=\"widget\" data-e-type=\"widget\" data-widget_type=\"button.default\">\n\t\t\t\t<div class=\"elementor-widget-container\">\n\t\t\t\t\t\t\t\t\t<div class=\"elementor-button-wrapper\">\n\t\t\t\t\t<a class=\"elementor-button elementor-button-link elementor-size-sm\" href=\"https:\/\/costanatura.com\/resort\/\">\n\t\t\t\t\t\t<span class=\"elementor-button-content-wrapper\">\n\t\t\t\t\t\t\t\t\t<span class=\"elementor-button-text\">Le centre de vill\u00e9giature<\/span>\n\t\t\t\t\t<\/span>\n\t\t\t\t\t<\/a>\n\t\t\t\t<\/div>\n\t\t\t\t\t\t\t\t<\/div>\n\t\t\t\t<\/div>\n\t\t\t\t<div class=\"elementor-element elementor-element-07f6cf6 elementor-widget elementor-widget-button\" data-id=\"07f6cf6\" data-element_type=\"widget\" data-e-type=\"widget\" data-widget_type=\"button.default\">\n\t\t\t\t<div class=\"elementor-widget-container\">\n\t\t\t\t\t\t\t\t\t<div class=\"elementor-button-wrapper\">\n\t\t\t\t\t<a class=\"elementor-button elementor-button-link elementor-size-sm\" href=\"https:\/\/costanatura.com\/our-location\/\">\n\t\t\t\t\t\t<span class=\"elementor-button-content-wrapper\">\n\t\t\t\t\t\t\t\t\t<span class=\"elementor-button-text\">notre emplacement<\/span>\n\t\t\t\t\t<\/span>\n\t\t\t\t\t<\/a>\n\t\t\t\t<\/div>\n\t\t\t\t\t\t\t\t<\/div>\n\t\t\t\t<\/div>\n\t\t\t\t<div class=\"elementor-element elementor-element-fae1e03 elementor-widget elementor-widget-button\" data-id=\"fae1e03\" data-element_type=\"widget\" data-e-type=\"widget\" data-widget_type=\"button.default\">\n\t\t\t\t<div class=\"elementor-widget-container\">\n\t\t\t\t\t\t\t\t\t<div class=\"elementor-button-wrapper\">\n\t\t\t\t\t<a class=\"elementor-button elementor-button-link elementor-size-sm\" href=\"https:\/\/costanatura.com\/contact\/\">\n\t\t\t\t\t\t<span class=\"elementor-button-content-wrapper\">\n\t\t\t\t\t\t\t\t\t<span class=\"elementor-button-text\">contact<\/span>\n\t\t\t\t\t<\/span>\n\t\t\t\t\t<\/a>\n\t\t\t\t<\/div>\n\t\t\t\t\t\t\t\t<\/div>\n\t\t\t\t<\/div>\n\t\t\t\t\t<\/div>\n\t\t\t\t<\/div>\n\t\t\t\t<\/div>\n\t\t\t\t<\/div>\n\t\t\t\t<\/div>\n\t\t\t\t\t\t<\/div>\n\t\t\t\t<\/div>\n\t\t\t\t<\/div>\n\t\t\t\t<\/div>\n\t\t","protected":false},"excerpt":{"rendered":"<p>Offres sp\u00e9ciales Costa Natura a beaucoup \u00e0 offrir pendant toute l&rsquo;ann\u00e9e, viens nous rendre visite pour un s\u00e9jour agr\u00e9able et d\u00e9tendu. L&rsquo;hiver \u00e0 Costa Natura Costa Natura reste la destination parfaite sur la Costa Del Sol pour en profiter de novembre \u00e0 mars. En Andalousie, nous continuons \u00e0 b\u00e9n\u00e9ficier d&rsquo;un climat hivernal doux, avec des [&hellip;]<\/p>\n","protected":false},"author":1,"featured_media":5232168,"parent":0,"menu_order":0,"comment_status":"closed","ping_status":"closed","template":"","meta":{"inline_featured_image":false,"footnotes":""},"class_list":["post-5982","page","type-page","status-publish","has-post-thumbnail","hentry"],"aioseo_notices":[],"_links":{"self":[{"href":"https:\/\/costanatura.com\/fr\/wp-json\/wp\/v2\/pages\/5982","targetHints":{"allow":["GET"]}}],"collection":[{"href":"https:\/\/costanatura.com\/fr\/wp-json\/wp\/v2\/pages"}],"about":[{"href":"https:\/\/costanatura.com\/fr\/wp-json\/wp\/v2\/types\/page"}],"author":[{"embeddable":true,"href":"https:\/\/costanatura.com\/fr\/wp-json\/wp\/v2\/users\/1"}],"replies":[{"embeddable":true,"href":"https:\/\/costanatura.com\/fr\/wp-json\/wp\/v2\/comments?post=5982"}],"version-history":[{"count":16,"href":"https:\/\/costanatura.com\/fr\/wp-json\/wp\/v2\/pages\/5982\/revisions"}],"predecessor-version":[{"id":51438016,"href":"https:\/\/costanatura.com\/fr\/wp-json\/wp\/v2\/pages\/5982\/revisions\/51438016"}],"wp:featuredmedia":[{"embeddable":true,"href":"https:\/\/costanatura.com\/fr\/wp-json\/wp\/v2\/media\/5232168"}],"wp:attachment":[{"href":"https:\/\/costanatura.com\/fr\/wp-json\/wp\/v2\/media?parent=5982"}],"curies":[{"name":"wp","href":"https:\/\/api.w.org\/{rel}","templated":true}]}}