
{"id":5963,"date":"2024-02-28T10:06:36","date_gmt":"2024-02-28T09:06:36","guid":{"rendered":"https:\/\/costanatura.com\/liste-de-prix\/"},"modified":"2026-04-28T09:47:01","modified_gmt":"2026-04-28T08:47:01","slug":"liste-de-prix","status":"publish","type":"page","link":"https:\/\/costanatura.com\/fr\/liste-de-prix\/","title":{"rendered":"Liste de prix"},"content":{"rendered":"\t\t<div data-elementor-type=\"wp-page\" data-elementor-id=\"5963\" class=\"elementor elementor-5963 elementor-2349\" data-elementor-post-type=\"page\">\n\t\t\t\t<div class=\"elementor-element elementor-element-d2a16d9 e-flex e-con-boxed e-con e-parent\" data-id=\"d2a16d9\" data-element_type=\"container\" data-e-type=\"container\" data-settings=\"{&quot;background_background&quot;:&quot;classic&quot;}\">\n\t\t\t\t\t<div class=\"e-con-inner\">\n\t\t\t\t<div class=\"elementor-element elementor-element-7c89273 elementor-widget elementor-widget-heading\" data-id=\"7c89273\" data-element_type=\"widget\" data-e-type=\"widget\" data-widget_type=\"heading.default\">\n\t\t\t\t<div class=\"elementor-widget-container\">\n\t\t\t\t\t<h1 class=\"elementor-heading-title elementor-size-default\">Liste de prix actuelle<\/h1>\t\t\t\t<\/div>\n\t\t\t\t<\/div>\n\t\t\t\t<div class=\"elementor-element elementor-element-12f1eb7 elementor-widget elementor-widget-heading\" data-id=\"12f1eb7\" data-element_type=\"widget\" data-e-type=\"widget\" data-widget_type=\"heading.default\">\n\t\t\t\t<div class=\"elementor-widget-container\">\n\t\t\t\t\t<div class=\"elementor-heading-title elementor-size-default\">La liste des prix de Costa Natura est susceptible d'\u00eatre modifi\u00e9e en fonction des tarifs saisonniers et des offres promotionnelles<\/div>\t\t\t\t<\/div>\n\t\t\t\t<\/div>\n\t\t\t\t\t<\/div>\n\t\t\t\t<\/div>\n\t\t<div class=\"elementor-element elementor-element-298ab21 e-flex e-con-boxed e-con e-parent\" data-id=\"298ab21\" data-element_type=\"container\" data-e-type=\"container\">\n\t\t\t\t\t<div class=\"e-con-inner\">\n\t\t\t\t<div class=\"elementor-element elementor-element-08bb643 elementor-widget elementor-widget-heading\" data-id=\"08bb643\" data-element_type=\"widget\" data-e-type=\"widget\" data-widget_type=\"heading.default\">\n\t\t\t\t<div class=\"elementor-widget-container\">\n\t\t\t\t\t<h2 class=\"elementor-heading-title elementor-size-default\">Apartment Rates 2026\/27<\/h2>\t\t\t\t<\/div>\n\t\t\t\t<\/div>\n\t\t\t\t<div class=\"elementor-element elementor-element-d4c0b3b texto elementor-widget elementor-widget-text-editor\" data-id=\"d4c0b3b\" data-element_type=\"widget\" data-e-type=\"widget\" data-widget_type=\"text-editor.default\">\n\t\t\t\t<div class=\"elementor-widget-container\">\n\t\t\t\t\t\t\t\t\t<table>\n<thead>\n<tr>\n<th class=\"table-bcolor2 table-borde\"><span style=\"color: var(--e-global-color-primary);\">Mois<\/span><\/th>\n<th class=\"table-bcolor2\" rowspan=\"2\"><span style=\"color: var(--e-global-color-primary); display: block;\">Novembre &#8211; F\u00e9vrier<\/span><\/th>\n<th class=\"table-bcolor2\" rowspan=\"2\"><span style=\"color: var(--e-global-color-primary); display: block;\">Mars &#8211; Avril&nbsp;<\/span><\/th>\n<th class=\"table-bcolor2\" rowspan=\"2\"><span style=\"color: var(--e-global-color-primary); display: block;\">Mai &#8211; Juin \/ Octobre<\/span><\/th>\n<th class=\"table-bcolor2\" rowspan=\"2\"><span style=\"color: var(--e-global-color-primary); display: block;\">Juillet &#8211; Septembre<\/span><\/th>\n<\/tr>\n<tr>\n<th class=\"table-borde\"><span style=\"color: var(--e-global-color-primary);\">Type<\/span><\/th>\n<\/tr>\n<\/thead>\n<tbody>\n<tr>\n<td class=\"table-bcolor1 table-borde\">Appartement Studio <\/td>\n<td>53 &#8211; 61 &#8211; 69 \u20ac<\/td>\n<td>69 &#8211; 79 &#8211; 91 \u20ac<\/td>\n<td>85 &#8211; 97 &#8211; 116 \u20ac<\/td>\n<td>114 &#8211; 132 &#8211; 145 \u20ac<\/td>\n<\/tr>\n<tr>\n<td class=\"table-bcolor1 table-borde\">&nbsp;<\/td>\n<td>&nbsp;<\/td>\n<td>&nbsp;<\/td>\n<td>&nbsp;<\/td>\n<td>&nbsp;<\/td>\n<\/tr>\n<tr>\n<td class=\"table-bcolor1 table-borde\"> Appartement <\/td>\n<td>71 &#8211; 84 &#8211; 95 \u20ac<\/td>\n<td>94 &#8211; 108 &#8211; 123 \u20ac<\/td>\n<td>114 &#8211; 132 &#8211; 153 \u20ac<\/td>\n<td>139 &#8211; 160 &#8211; 179 \u20ac<\/td>\n<\/tr>\n<tr>\n<td class=\"table-bcolor1 table-borde\">&nbsp;<\/td>\n<td>&nbsp;<\/td>\n<td>&nbsp;<\/td>\n<td>&nbsp;<\/td>\n<td>&nbsp;<\/td>\n<\/tr>\n<tr>\n<td class=\"table-bcolor1 table-borde\"> Grand Appartement \/ Duplex<\/td>\n<td>77 &#8211; 91 &#8211; 103 \u20ac<\/td>\n<td>106 &#8211; 121 &#8211; 139 \u20ac<\/td>\n<td>133 &#8211; 154 &#8211; 174 \u20ac<\/td>\n<td>161 &#8211; 186 &#8211; 205 \u20ac<\/td>\n<\/tr>\n<tr>\n<td class=\"table-bcolor1 table-borde\">&nbsp;<\/td>\n<td>&nbsp;<\/td>\n<td>&nbsp;<\/td>\n<td>&nbsp;<\/td>\n<td>&nbsp;<\/td>\n<\/tr>\n<tr>\n<td class=\"table-bcolor1 table-borde\">Appartement Penthouse<\/td>\n<td>159 \u20ac<\/td>\n<td>215 \u20ac<\/td>\n<td>267 \u20ac<\/td>\n<td>329 \u20ac<\/td>\n<\/tr>\n<\/tbody>\n<\/table>\t\t\t\t\t\t\t\t<\/div>\n\t\t\t\t<\/div>\n\t\t\t\t<div class=\"elementor-element elementor-element-eed1237 elementor-widget-divider--view-line elementor-widget elementor-widget-divider\" data-id=\"eed1237\" data-element_type=\"widget\" data-e-type=\"widget\" data-widget_type=\"divider.default\">\n\t\t\t\t<div class=\"elementor-widget-container\">\n\t\t\t\t\t\t\t<div class=\"elementor-divider\">\n\t\t\t<span class=\"elementor-divider-separator\">\n\t\t\t\t\t\t<\/span>\n\t\t<\/div>\n\t\t\t\t\t\t<\/div>\n\t\t\t\t<\/div>\n\t\t\t\t<div class=\"elementor-element elementor-element-f2d8e9d texto elementor-widget elementor-widget-text-editor\" data-id=\"f2d8e9d\" data-element_type=\"widget\" data-e-type=\"widget\" data-widget_type=\"text-editor.default\">\n\t\t\t\t<div class=\"elementor-widget-container\">\n\t\t\t\t\t\t\t\t\t<h2>Conditions g\u00e9n\u00e9rales de r\u00e9servation<\/h2><ul><li>Tous les prix sont en euros et incluent la taxe espagnole.<\/li><li>La r\u00e9servation minimale par appartement est de deux nuits (certains appartements peuvent diff\u00e9rer).<\/li><\/ul><h2>Nettoyage<\/h2><ul><li>Les serviettes seront chang\u00e9es tous les 4 jours.<\/li><li>Le changement des serviettes et du linge de lit seront fournis chaque semaine.<\/li><\/ul><div>\u00a0<\/div>\t\t\t\t\t\t\t\t<\/div>\n\t\t\t\t<\/div>\n\t\t<div class=\"elementor-element elementor-element-28ea6fb e-con-full e-flex e-con e-child\" data-id=\"28ea6fb\" data-element_type=\"container\" data-e-type=\"container\">\n\t\t<div class=\"elementor-element elementor-element-bfcc02c e-flex e-con-boxed e-con e-child\" data-id=\"bfcc02c\" data-element_type=\"container\" data-e-type=\"container\">\n\t\t\t\t\t<div class=\"e-con-inner\">\n\t\t\t\t<div class=\"elementor-element elementor-element-e06f46e elementor-widget elementor-widget-heading\" data-id=\"e06f46e\" data-element_type=\"widget\" data-e-type=\"widget\" data-widget_type=\"heading.default\">\n\t\t\t\t<div class=\"elementor-widget-container\">\n\t\t\t\t\t<h2 class=\"elementor-heading-title elementor-size-default\">Tarifs de l'offre d'hiver 2026\/27<\/h2>\t\t\t\t<\/div>\n\t\t\t\t<\/div>\n\t\t\t\t<div class=\"elementor-element elementor-element-d28bb11 texto elementor-widget elementor-widget-text-editor\" data-id=\"d28bb11\" data-element_type=\"widget\" data-e-type=\"widget\" data-widget_type=\"text-editor.default\">\n\t\t\t\t<div class=\"elementor-widget-container\">\n\t\t\t\t\t\t\t\t\t<ul><li>Prix valables du 01\/11 au 31\/03<\/li><li>S\u00e9jour minimum de 30 nuits<\/li><li>L&rsquo;\u00e9lectricit\u00e9 et le nettoyage final sont inclus<\/li><li>Les serviettes et le changement de linge ne sont pas inclus<\/li><li>Les r\u00e9servations doivent \u00eatre faites directement aupr\u00e8s de la r\u00e9ception.<\/li><\/ul>\t\t\t\t\t\t\t\t<\/div>\n\t\t\t\t<\/div>\n\t\t\t\t\t<\/div>\n\t\t\t\t<\/div>\n\t\t<div class=\"elementor-element elementor-element-4097cee e-flex e-con-boxed e-con e-child\" data-id=\"4097cee\" data-element_type=\"container\" data-e-type=\"container\">\n\t\t\t\t\t<div class=\"e-con-inner\">\n\t\t\t\t<div class=\"elementor-element elementor-element-5ccf4d9 texto elementor-widget elementor-widget-text-editor\" data-id=\"5ccf4d9\" data-element_type=\"widget\" data-e-type=\"widget\" data-widget_type=\"text-editor.default\">\n\t\t\t\t<div class=\"elementor-widget-container\">\n\t\t\t\t\t\t\t\t\t<table class=\"col2\">\n<thead>\n<tr>\n<th><span style=\"color: var(--e-global-color-primary);\">Type<\/span><\/th>\n<th><span style=\"color: var(--e-global-color-primary);\">novembre &#8211; mars<\/span><\/th>\n<\/tr>\n<\/thead>\n<tbody>\n<tr>\n<td class=\"table-bcolor1 table-borde\">Appartement Studio <\/td>\n<td><strong>40 &#8211; 43 &#8211; 45 \u20ac<\/strong><\/td>\n<\/tr>\n<tr>\n<td class=\"table-bcolor1 table-borde\">&nbsp;<\/td>\n<td>&nbsp;<\/td>\n<\/tr>\n<tr>\n<td class=\"table-bcolor1 table-borde\">Appartement <\/td>\n<td><strong>48 &#8211; 54 &#8211; 56 \u20ac<\/strong><\/td>\n<\/tr>\n<tr>\n<td class=\"table-bcolor1 table-borde\">&nbsp;<\/td>\n<td>&nbsp;<\/td>\n<\/tr>\n<tr>\n<td class=\"table-bcolor1 table-borde\">Grand Appartement \/ Duplex <\/td>\n<td><strong>53 &#8211; 57 &#8211; 63 \u20ac<\/strong><\/td>\n<\/tr>\n<tr>\n<td class=\"table-bcolor1 table-borde\">&nbsp;<\/td>\n<td>&nbsp;<\/td>\n<\/tr>\n<\/tbody>\n<\/table>\t\t\t\t\t\t\t\t<\/div>\n\t\t\t\t<\/div>\n\t\t\t\t\t<\/div>\n\t\t\t\t<\/div>\n\t\t\t\t<\/div>\n\t\t<div class=\"elementor-element elementor-element-2615191 e-flex e-con-boxed e-con e-child\" data-id=\"2615191\" data-element_type=\"container\" data-e-type=\"container\">\n\t\t\t\t\t<div class=\"e-con-inner\">\n\t\t\t\t<div class=\"elementor-element elementor-element-43e4860 elementor-widget elementor-widget-button\" data-id=\"43e4860\" data-element_type=\"widget\" data-e-type=\"widget\" data-widget_type=\"button.default\">\n\t\t\t\t<div class=\"elementor-widget-container\">\n\t\t\t\t\t\t\t\t\t<div class=\"elementor-button-wrapper\">\n\t\t\t\t\t<a class=\"elementor-button elementor-button-link elementor-size-sm\" href=\"https:\/\/costanatura.com\/terms-and-conditions\/\">\n\t\t\t\t\t\t<span class=\"elementor-button-content-wrapper\">\n\t\t\t\t\t\t\t\t\t<span class=\"elementor-button-text\">Conditions d'utilisation<\/span>\n\t\t\t\t\t<\/span>\n\t\t\t\t\t<\/a>\n\t\t\t\t<\/div>\n\t\t\t\t\t\t\t\t<\/div>\n\t\t\t\t<\/div>\n\t\t\t\t<div class=\"elementor-element elementor-element-6330a23 elementor-widget elementor-widget-button\" data-id=\"6330a23\" data-element_type=\"widget\" data-e-type=\"widget\" data-widget_type=\"button.default\">\n\t\t\t\t<div class=\"elementor-widget-container\">\n\t\t\t\t\t\t\t\t\t<div class=\"elementor-button-wrapper\">\n\t\t\t\t\t<a class=\"elementor-button elementor-button-link elementor-size-sm\" href=\"https:\/\/costanatura.com\/community-rules\/\">\n\t\t\t\t\t\t<span class=\"elementor-button-content-wrapper\">\n\t\t\t\t\t\t\t\t\t<span class=\"elementor-button-text\">R\u00e8gles de la communaut\u00e9<\/span>\n\t\t\t\t\t<\/span>\n\t\t\t\t\t<\/a>\n\t\t\t\t<\/div>\n\t\t\t\t\t\t\t\t<\/div>\n\t\t\t\t<\/div>\n\t\t\t\t<div class=\"elementor-element elementor-element-82c74d4 elementor-widget elementor-widget-button\" data-id=\"82c74d4\" data-element_type=\"widget\" data-e-type=\"widget\" data-widget_type=\"button.default\">\n\t\t\t\t<div class=\"elementor-widget-container\">\n\t\t\t\t\t\t\t\t\t<div class=\"elementor-button-wrapper\">\n\t\t\t\t\t<a class=\"elementor-button elementor-button-link elementor-size-sm\" href=\"https:\/\/costanatura.com\/accommodations\/\">\n\t\t\t\t\t\t<span class=\"elementor-button-content-wrapper\">\n\t\t\t\t\t\t\t\t\t<span class=\"elementor-button-text\">Appartements<\/span>\n\t\t\t\t\t<\/span>\n\t\t\t\t\t<\/a>\n\t\t\t\t<\/div>\n\t\t\t\t\t\t\t\t<\/div>\n\t\t\t\t<\/div>\n\t\t\t\t\t<\/div>\n\t\t\t\t<\/div>\n\t\t<div class=\"elementor-element elementor-element-416fa0c e-con-full e-flex e-con e-child\" data-id=\"416fa0c\" data-element_type=\"container\" data-e-type=\"container\">\n\t\t\t\t<\/div>\n\t\t\t\t\t<\/div>\n\t\t\t\t<\/div>\n\t\t<div class=\"elementor-element elementor-element-0411334 e-flex e-con-boxed e-con e-parent\" data-id=\"0411334\" data-element_type=\"container\" data-e-type=\"container\">\n\t\t\t\t\t<div class=\"e-con-inner\">\n\t\t\t\t<div class=\"elementor-element elementor-element-d346dd7 elementor-widget-divider--view-line elementor-widget elementor-widget-divider\" data-id=\"d346dd7\" data-element_type=\"widget\" data-e-type=\"widget\" data-widget_type=\"divider.default\">\n\t\t\t\t<div class=\"elementor-widget-container\">\n\t\t\t\t\t\t\t<div class=\"elementor-divider\">\n\t\t\t<span class=\"elementor-divider-separator\">\n\t\t\t\t\t\t<\/span>\n\t\t<\/div>\n\t\t\t\t\t\t<\/div>\n\t\t\t\t<\/div>\n\t\t\t\t\t<\/div>\n\t\t\t\t<\/div>\n\t\t\t\t<\/div>\n\t\t","protected":false},"excerpt":{"rendered":"<p>Liste de prix actuelle La liste des prix de Costa Natura est susceptible d&rsquo;\u00eatre modifi\u00e9e en fonction des tarifs saisonniers et des offres promotionnelles Apartment Rates 2026\/27 Mois Novembre &#8211; F\u00e9vrier Mars &#8211; Avril&nbsp; Mai &#8211; Juin \/ Octobre Juillet &#8211; Septembre Type Appartement Studio 53 &#8211; 61 &#8211; 69 \u20ac 69 &#8211; 79 &#8211; [&hellip;]<\/p>\n","protected":false},"author":1,"featured_media":5232168,"parent":0,"menu_order":0,"comment_status":"closed","ping_status":"closed","template":"","meta":{"inline_featured_image":false,"footnotes":""},"class_list":["post-5963","page","type-page","status-publish","has-post-thumbnail","hentry"],"aioseo_notices":[],"_links":{"self":[{"href":"https:\/\/costanatura.com\/fr\/wp-json\/wp\/v2\/pages\/5963","targetHints":{"allow":["GET"]}}],"collection":[{"href":"https:\/\/costanatura.com\/fr\/wp-json\/wp\/v2\/pages"}],"about":[{"href":"https:\/\/costanatura.com\/fr\/wp-json\/wp\/v2\/types\/page"}],"author":[{"embeddable":true,"href":"https:\/\/costanatura.com\/fr\/wp-json\/wp\/v2\/users\/1"}],"replies":[{"embeddable":true,"href":"https:\/\/costanatura.com\/fr\/wp-json\/wp\/v2\/comments?post=5963"}],"version-history":[{"count":20,"href":"https:\/\/costanatura.com\/fr\/wp-json\/wp\/v2\/pages\/5963\/revisions"}],"predecessor-version":[{"id":51515468,"href":"https:\/\/costanatura.com\/fr\/wp-json\/wp\/v2\/pages\/5963\/revisions\/51515468"}],"wp:featuredmedia":[{"embeddable":true,"href":"https:\/\/costanatura.com\/fr\/wp-json\/wp\/v2\/media\/5232168"}],"wp:attachment":[{"href":"https:\/\/costanatura.com\/fr\/wp-json\/wp\/v2\/media?parent=5963"}],"curies":[{"name":"wp","href":"https:\/\/api.w.org\/{rel}","templated":true}]}}