
{"id":5947,"date":"2024-02-28T10:06:47","date_gmt":"2024-02-28T09:06:47","guid":{"rendered":"https:\/\/costanatura.com\/regles-de-la-communaute\/"},"modified":"2024-03-25T14:22:33","modified_gmt":"2024-03-25T13:22:33","slug":"regles-de-la-communaute","status":"publish","type":"page","link":"https:\/\/costanatura.com\/fr\/regles-de-la-communaute\/","title":{"rendered":"R\u00e8gles de la communaut\u00e9"},"content":{"rendered":"\t\t<div data-elementor-type=\"wp-page\" data-elementor-id=\"5947\" class=\"elementor elementor-5947 elementor-2351\" data-elementor-post-type=\"page\">\n\t\t\t\t<div class=\"elementor-element elementor-element-91fe42c e-flex e-con-boxed e-con e-parent\" data-id=\"91fe42c\" data-element_type=\"container\" data-e-type=\"container\" data-settings=\"{&quot;background_background&quot;:&quot;classic&quot;}\">\n\t\t\t\t\t<div class=\"e-con-inner\">\n\t\t\t\t<div class=\"elementor-element elementor-element-fe12daa elementor-widget elementor-widget-heading\" data-id=\"fe12daa\" data-element_type=\"widget\" data-e-type=\"widget\" data-widget_type=\"heading.default\">\n\t\t\t\t<div class=\"elementor-widget-container\">\n\t\t\t\t\t<h1 class=\"elementor-heading-title elementor-size-default\">R\u00e8gles de la communaut\u00e9<\/h1>\t\t\t\t<\/div>\n\t\t\t\t<\/div>\n\t\t\t\t<div class=\"elementor-element elementor-element-526b8a7 elementor-widget elementor-widget-heading\" data-id=\"526b8a7\" data-element_type=\"widget\" data-e-type=\"widget\" data-widget_type=\"heading.default\">\n\t\t\t\t<div class=\"elementor-widget-container\">\n\t\t\t\t\t<div class=\"elementor-heading-title elementor-size-default\">Costa Natura<\/div>\t\t\t\t<\/div>\n\t\t\t\t<\/div>\n\t\t\t\t\t<\/div>\n\t\t\t\t<\/div>\n\t\t<div class=\"elementor-element elementor-element-15deac0 e-flex e-con-boxed e-con e-parent\" data-id=\"15deac0\" data-element_type=\"container\" data-e-type=\"container\">\n\t\t\t\t\t<div class=\"e-con-inner\">\n\t\t<div class=\"elementor-element elementor-element-386bb8d e-flex e-con-boxed e-con e-child\" data-id=\"386bb8d\" data-element_type=\"container\" data-e-type=\"container\">\n\t\t\t\t\t<div class=\"e-con-inner\">\n\t\t\t\t<div class=\"elementor-element elementor-element-02da245 texto elementor-widget elementor-widget-text-editor\" data-id=\"02da245\" data-element_type=\"widget\" data-e-type=\"widget\" data-widget_type=\"text-editor.default\">\n\t\t\t\t<div class=\"elementor-widget-container\">\n\t\t\t\t\t\t\t\t\t<p><b>Applicable \u00e0 :<\/b><\/p>\n<ul>\n<li>Propri\u00e9taires<\/li>\n<li>Les clients<\/li>\n<li>Membres du club<\/li>\n<li>Visiteurs de jour<\/li>\n<\/ul>\n<p><b>R\u00e9sum\u00e9<\/b><\/p>\n<p>Les clients, les membres du club et les visiteurs d&rsquo;un jour devront, \u00e0 la r\u00e9ception, remplir un formulaire par lequel ils s&rsquo;engagent \u00e0 respecter le r\u00e8glement int\u00e9rieur du centre de vill\u00e9giature naturiste, qui est \u00e9nonc\u00e9 ci-dessous.<\/p>\n<ul>\n<li>La nudit\u00e9 est la norme dans l&rsquo;enceinte et les locaux de Costa Natura. Aucun v\u00eatement (y compris les maillots de bain) n&rsquo;est autoris\u00e9 dans les piscines, le jacuzzi ou le sauna. Les serviettes DOIVENT \u00eatre utilis\u00e9es \u00e0 tout moment lors de l&rsquo;utilisation des balan\u00e7oires, des chaises longues, des chaises sur les terrasses et lors de l&rsquo;utilisation du sauna.<\/li>\n<li>Chacun est tenu de se comporter de mani\u00e8re \u00e0 respecter les droits d&rsquo;autrui et \u00e0 ne pas offenser, ni perturber l&rsquo;harmonie ou la tranquillit\u00e9 de Costa Natura.<\/li>\n<li>Costa Natura accueille les enfants dans le centre de vill\u00e9giature \u00e0 condition que les parents\/tuteurs surveillent leurs enfants \u00e0 tout moment et veillent \u00e0 ce qu&rsquo;ils se conforment \u00e9galement \u00e0 ces r\u00e8gles. Afin de respecter les r\u00e8gles de sant\u00e9 et de s\u00e9curit\u00e9, il est recommand\u00e9 que les enfants de moins de 8 ans n&rsquo;utilisent pas le jacuzzi ou le sauna. Si des enfants de moins de 8 ans entrent dans le jacuzzi ou le sauna, ils doivent \u00eatre accompagn\u00e9s de leurs parents\/tuteurs Aucune responsabilit\u00e9 n&rsquo;est prise par la direction en cas de non-respect de ces r\u00e8gles. L&rsquo;utilisation de toutes les installations se fait enti\u00e8rement aux risques et p\u00e9rils de l&rsquo;individu. La salle de fitness ne peut \u00eatre utilis\u00e9e que par les personnes \u00e2g\u00e9es de 16 ans et plus.<\/li>\n<li>Chacun s&rsquo;engage \u00e0 respecter les horaires de baignade indiqu\u00e9s dans la signal\u00e9tique de la piscine et sur le tableau d&rsquo;affichage \u00e0 l&rsquo;accueil. En dehors de ces heures, l&rsquo;utilisateur agit \u00e0 ses propres risques (les parents sont responsables de leurs enfants).<\/li>\n<li>La couverture de la piscine sera prolong\u00e9e en cas de mauvaises conditions m\u00e9t\u00e9orologiques. Cela permet de maintenir le niveau de chaleur \u00e0 l&rsquo;int\u00e9rieur de la piscine<\/li>\n<li>Tous sont tenus responsables des dommages caus\u00e9s aux biens de la communaut\u00e9, y compris ceux caus\u00e9s par leurs enfants, ou par toute autre personne dont ils sont responsables. Ils remboursent \u00e0 la Communaut\u00e9 tous les frais encourus.<\/li>\n<li>Les clients, les membres du club et les visiteurs d&rsquo;un jour ne sont pas autoris\u00e9s \u00e0 amener un animal \u00e0 Costa Natura. Il est interdit \u00e0 toute personne d&rsquo;allumer des feux ouverts ou des barbecues.<\/li>\n<li>Tout le monde doit utiliser les s\u00e9choirs fournis dans chaque appartement, et ne pas \u00e9tendre les serviettes ou les v\u00eatements en travers de la terrasse.<\/li>\n<li>Seuls les propri\u00e9taires et les clients peuvent apporter des v\u00e9hicules priv\u00e9s et se garer dans les zones de stationnement d\u00e9finies (1 v\u00e9hicule par appartement). Il est interdit d&rsquo;apporter ou d&rsquo;utiliser des tentes, des caravanes ou des camping-cars. Le camping, les mobil-homes, les tentes ou autres h\u00e9bergements temporaires similaires ne sont pas autoris\u00e9s. Les utilisateurs du parking sont pri\u00e9s de respecter les places de parking d\u00e9sign\u00e9es en bleu pour les personnes \u00e0 mobilit\u00e9 r\u00e9duite. Merci de vous garer en faisant attention aux autres usagers du parking.<\/li>\n<li>Les membres du club et les visiteurs d&rsquo;un jour doivent entrer \u00e0 Costa Natura par la r\u00e9ception et ne sont pas autoris\u00e9s \u00e0 amener des v\u00e9hicules dans le Resort. Les cartes de membre doivent \u00eatre disponibles \u00e0 tout moment pour inspection et doivent \u00eatre pr\u00e9sent\u00e9es \u00e0 l&rsquo;entr\u00e9e.<\/li>\n<li>Le vestiaire (avec un espace limit\u00e9 pour les casiers) est destin\u00e9 \u00e0 la commodit\u00e9 des membres du club et des visiteurs d&rsquo;un jour. Une cl\u00e9 est disponible en versant une caution \u00e0 la r\u00e9ception. La direction n&rsquo;accepte aucune responsabilit\u00e9 pour l&rsquo;\u00e9quipement personnel ou les v\u00eatements qui y sont laiss\u00e9s. Les membres du club et les visiteurs d&rsquo;un jour doivent utiliser le vestiaire afin d&rsquo;\u00e9viter de se d\u00e9shabiller et de s&rsquo;habiller dans les zones communes.<\/li>\n<li>L&rsquo;utilisation d&rsquo;appareils d&rsquo;enregistrement ou de transmission photographique\/vid\u00e9o\/t\u00e9l\u00e9phone\/tablette est express\u00e9ment interdite dans les espaces publics s&rsquo;il s&rsquo;agit de personnes sans leur autorisation \u00e9crite.<\/li>\n<li>Tous les utilisateurs du r\u00e9seau sans fil de Costa Natura doivent respecter les conditions d&rsquo;utilisation sp\u00e9cifi\u00e9es lors de la connexion au r\u00e9seau.<\/li>\n<li>Tous les accidents doivent \u00eatre signal\u00e9s \u00e0 la direction. La direction se r\u00e9serve le droit de refuser l&rsquo;entr\u00e9e ou l&rsquo;adh\u00e9sion et de demander aux invit\u00e9s de partir ou de r\u00e9voquer l&rsquo;adh\u00e9sion, en cas d&rsquo;infraction \u00e0 ces r\u00e8gles.<\/li>\n<li>Il est interdit de fumer dans les appartements, au restaurant, dans l&rsquo;espace piscine, dans le jacuzzi, dans le sauna et \u00e0 la r\u00e9ception. Respecte les panneaux d&rsquo;interdiction de fumer.<\/li>\n<\/ul>\n<p>Les visiteurs de Costa Natura devront signer et accepter les r\u00e8gles susmentionn\u00e9es avant d&rsquo;entrer sur Costa Natura.<\/p>\n<p>Tous les visiteurs doivent s&rsquo;enregistrer \u00e0 la r\u00e9ception avant le d\u00e9but de leur visite.<\/p>\n<p><strong>Politique vestimentaire<\/strong><\/p>\n<p>Le naturisme est consid\u00e9r\u00e9 comme normal partout et \u00e0 tout moment dans les limites de CostaNatura.<\/p>\n<p>Le soir, au restaurant, il est pr\u00e9f\u00e9rable que les gens s&rsquo;habillent pour l&rsquo;occasion. Cependant, ce n&rsquo;est pas obligatoire. Danser nu dans le restaurant n&rsquo;est pas encourag\u00e9, mais lors de certains \u00e9v\u00e9nements \u00e0 th\u00e8me annonc\u00e9s sur les panneaux d&rsquo;affichage, la nudit\u00e9 totale ou partielle est acceptable.<\/p>\n<p>Les maillots de bain, quels qu&rsquo;ils soient, ne doivent pas \u00eatre port\u00e9s dans les piscines, le jacuzzi ou le sauna. L&rsquo;utilisation de couches de natation sur les petits nourrissons \/ bambins est encourag\u00e9e \u00e0 tout moment. Note que les nourrissons, les bambins ou les enfants (moins de 16 ans) ne sont pas autoris\u00e9s dans le sauna ou le jacuzzi.<\/p>\n<p><strong>\u00c9tiquette naturiste<\/strong><\/p>\n<p>Utilise une serviette lorsque tu t&rsquo;assois nu sur les chaises, les bancs, les lits de bronzage, les chaises longues, l&rsquo;\u00e9quipement d&rsquo;exercice ou l&rsquo;\u00e9quipement de l&rsquo;aire de jeux pour enfants.<\/p>\n<h2>Conditions d&rsquo;utilisation du WiFi<\/h2>\n<ul>\n<li>Le service Wifi fournit un acc\u00e8s Internet partag\u00e9, \u00e0 vitesse limit\u00e9e et limit\u00e9 \u00e0 2 appareils par code d&rsquo;utilisateur.<\/li>\n<li>L&rsquo;acc\u00e8s gratuit au r\u00e9seau WiFi \/ Internet n&rsquo;est pas autoris\u00e9. C&rsquo;est un service unique pour les propri\u00e9taires, les clients et les visiteurs de Costa Natura.<\/li>\n<li>Pour acc\u00e9der \u00e0 Internet, un code d&rsquo;utilisateur est n\u00e9cessaire Le code n&rsquo;est pas transf\u00e9rable.<\/li>\n<li>L&rsquo;utilisation du code pour se connecter au r\u00e9seau WiFi et \u00e0 l&rsquo;Internet rel\u00e8ve enti\u00e8rement de la responsabilit\u00e9 de l&rsquo;utilisateur.<\/li>\n<li>Le service Wifi stocke les connexions sortantes de chaque utilisateur dans une base de donn\u00e9es, que nous fournirons aux autorit\u00e9s l\u00e9gales ou judiciaires comp\u00e9tentes si elles en font la demande. Accepter ce document signifie que l&rsquo;utilisateur est conscient et autorise le stockage automatis\u00e9 de ces connexions, des temps d&rsquo;utilisation et de tous les d\u00e9tails de l&rsquo;appareil.<\/li>\n<li>Il est de la responsabilit\u00e9 de l&rsquo;utilisateur de prot\u00e9ger ses appareils au sein du r\u00e9seau Wifi et de l&rsquo;Internet avec des antivirus, des logiciels malveillants ou des pare-feu appropri\u00e9s.  <\/li>\n<li>L&rsquo;utilisation de programmes P2P ou le t\u00e9l\u00e9chargement excessif ne sont pas autoris\u00e9s. Une politique d&rsquo;utilisation \u00e9quitable s&rsquo;applique, telle que d\u00e9termin\u00e9e par la Comunidad de Propietarios de Costa Natura et l&rsquo;Asociacion Naturista Costa Natura (le fournisseur de Wi-Fi).<\/li>\n<li>Le fournisseur WiFi se r\u00e9serve le droit de bloquer l&rsquo;acc\u00e8s, d&rsquo;\u00e9tablir une liste noire ou de refuser l&rsquo;acc\u00e8s \u00e0 un site, un domaine, un port ou une installation de connexion \u00e0 tout moment.<\/li>\n<li>Le fournisseur WIFI se r\u00e9serve le droit, sans pr\u00e9avis, de supprimer l&rsquo;acc\u00e8s \u00e0 ceux qui emp\u00eachent ou redirigent d\u00e9lib\u00e9r\u00e9ment l&rsquo;acc\u00e8s l\u00e9gitime des utilisateurs l\u00e9gitimes au syst\u00e8me WIFI.<\/li>\n<\/ul>\n<p>D&rsquo;autres langues sont disponibles sur demande. <a href=\"https:\/\/costanatura.com\/fr\/contact\/\">Contacte-nous ici<\/a>.<\/p>\n<p>D&rsquo;autres langues sont disponibles sur demande. Si tu as besoin d&rsquo;informations dans une langue suppl\u00e9mentaire, demande-le <a href=\"\/es\/contacto\">ici<\/a>.<\/p><\/p>\n\t\t\t\t\t\t\t\t<\/div>\n\t\t\t\t<\/div>\n\t\t\t\t\t<\/div>\n\t\t\t\t<\/div>\n\t\t\t\t<div class=\"elementor-element elementor-element-f5b6e39 elementor-widget-divider--view-line elementor-widget elementor-widget-divider\" data-id=\"f5b6e39\" data-element_type=\"widget\" data-e-type=\"widget\" data-widget_type=\"divider.default\">\n\t\t\t\t<div class=\"elementor-widget-container\">\n\t\t\t\t\t\t\t<div class=\"elementor-divider\">\n\t\t\t<span class=\"elementor-divider-separator\">\n\t\t\t\t\t\t<\/span>\n\t\t<\/div>\n\t\t\t\t\t\t<\/div>\n\t\t\t\t<\/div>\n\t\t<div class=\"elementor-element elementor-element-9ffeb6d e-flex e-con-boxed e-con e-child\" data-id=\"9ffeb6d\" data-element_type=\"container\" data-e-type=\"container\">\n\t\t\t\t\t<div class=\"e-con-inner\">\n\t\t\t\t<div class=\"elementor-element elementor-element-d7234d7 elementor-widget elementor-widget-button\" data-id=\"d7234d7\" data-element_type=\"widget\" data-e-type=\"widget\" data-widget_type=\"button.default\">\n\t\t\t\t<div class=\"elementor-widget-container\">\n\t\t\t\t\t\t\t\t\t<div class=\"elementor-button-wrapper\">\n\t\t\t\t\t<a class=\"elementor-button elementor-button-link elementor-size-sm\" href=\"https:\/\/costanatura.com\/terms-and-conditions\/\">\n\t\t\t\t\t\t<span class=\"elementor-button-content-wrapper\">\n\t\t\t\t\t\t\t\t\t<span class=\"elementor-button-text\">Conditions g\u00e9n\u00e9rales<\/span>\n\t\t\t\t\t<\/span>\n\t\t\t\t\t<\/a>\n\t\t\t\t<\/div>\n\t\t\t\t\t\t\t\t<\/div>\n\t\t\t\t<\/div>\n\t\t\t\t<div class=\"elementor-element elementor-element-abccadc elementor-widget elementor-widget-button\" data-id=\"abccadc\" data-element_type=\"widget\" data-e-type=\"widget\" data-widget_type=\"button.default\">\n\t\t\t\t<div class=\"elementor-widget-container\">\n\t\t\t\t\t\t\t\t\t<div class=\"elementor-button-wrapper\">\n\t\t\t\t\t<a class=\"elementor-button elementor-button-link elementor-size-sm\" href=\"https:\/\/costanatura.com\/price-list\/\">\n\t\t\t\t\t\t<span class=\"elementor-button-content-wrapper\">\n\t\t\t\t\t\t\t\t\t<span class=\"elementor-button-text\">Liste de prix<\/span>\n\t\t\t\t\t<\/span>\n\t\t\t\t\t<\/a>\n\t\t\t\t<\/div>\n\t\t\t\t\t\t\t\t<\/div>\n\t\t\t\t<\/div>\n\t\t\t\t<div class=\"elementor-element elementor-element-6d076c2 elementor-widget elementor-widget-button\" data-id=\"6d076c2\" data-element_type=\"widget\" data-e-type=\"widget\" data-widget_type=\"button.default\">\n\t\t\t\t<div class=\"elementor-widget-container\">\n\t\t\t\t\t\t\t\t\t<div class=\"elementor-button-wrapper\">\n\t\t\t\t\t<a class=\"elementor-button elementor-button-link elementor-size-sm\" href=\"https:\/\/costanatura.com\/accommodations\/\">\n\t\t\t\t\t\t<span class=\"elementor-button-content-wrapper\">\n\t\t\t\t\t\t\t\t\t<span class=\"elementor-button-text\">Appartements<\/span>\n\t\t\t\t\t<\/span>\n\t\t\t\t\t<\/a>\n\t\t\t\t<\/div>\n\t\t\t\t\t\t\t\t<\/div>\n\t\t\t\t<\/div>\n\t\t\t\t\t<\/div>\n\t\t\t\t<\/div>\n\t\t\t\t\t<\/div>\n\t\t\t\t<\/div>\n\t\t\t\t<\/div>\n\t\t","protected":false},"excerpt":{"rendered":"<p>R\u00e8gles de la communaut\u00e9 Costa Natura Applicable \u00e0 : Propri\u00e9taires Les clients Membres du club Visiteurs de jour R\u00e9sum\u00e9 Les clients, les membres du club et les visiteurs d&rsquo;un jour devront, \u00e0 la r\u00e9ception, remplir un formulaire par lequel ils s&rsquo;engagent \u00e0 respecter le r\u00e8glement int\u00e9rieur du centre de vill\u00e9giature naturiste, qui est \u00e9nonc\u00e9 ci-dessous. [&hellip;]<\/p>\n","protected":false},"author":1,"featured_media":0,"parent":0,"menu_order":0,"comment_status":"closed","ping_status":"closed","template":"","meta":{"inline_featured_image":false,"footnotes":""},"class_list":["post-5947","page","type-page","status-publish","hentry"],"aioseo_notices":[],"_links":{"self":[{"href":"https:\/\/costanatura.com\/fr\/wp-json\/wp\/v2\/pages\/5947","targetHints":{"allow":["GET"]}}],"collection":[{"href":"https:\/\/costanatura.com\/fr\/wp-json\/wp\/v2\/pages"}],"about":[{"href":"https:\/\/costanatura.com\/fr\/wp-json\/wp\/v2\/types\/page"}],"author":[{"embeddable":true,"href":"https:\/\/costanatura.com\/fr\/wp-json\/wp\/v2\/users\/1"}],"replies":[{"embeddable":true,"href":"https:\/\/costanatura.com\/fr\/wp-json\/wp\/v2\/comments?post=5947"}],"version-history":[{"count":0,"href":"https:\/\/costanatura.com\/fr\/wp-json\/wp\/v2\/pages\/5947\/revisions"}],"wp:attachment":[{"href":"https:\/\/costanatura.com\/fr\/wp-json\/wp\/v2\/media?parent=5947"}],"curies":[{"name":"wp","href":"https:\/\/api.w.org\/{rel}","templated":true}]}}