
{"id":5943,"date":"2024-03-21T17:30:40","date_gmt":"2024-03-21T16:30:40","guid":{"rendered":"https:\/\/costanatura.com\/checkout\/"},"modified":"2024-05-28T17:46:41","modified_gmt":"2024-05-28T16:46:41","slug":"checkout","status":"publish","type":"page","link":"https:\/\/costanatura.com\/fr\/checkout\/","title":{"rendered":"Checkout"},"content":{"rendered":"\t\t<div data-elementor-type=\"wp-page\" data-elementor-id=\"5943\" class=\"elementor elementor-5943 elementor-4685\" data-elementor-post-type=\"page\">\n\t\t\t\t<div class=\"elementor-element elementor-element-a947636 e-flex e-con-boxed e-con e-parent\" data-id=\"a947636\" data-element_type=\"container\" data-e-type=\"container\" data-settings=\"{&quot;background_background&quot;:&quot;classic&quot;}\">\n\t\t\t\t\t<div class=\"e-con-inner\">\n\t\t\t\t<div class=\"elementor-element elementor-element-5326545 elementor-widget elementor-widget-heading\" data-id=\"5326545\" data-element_type=\"widget\" data-e-type=\"widget\" data-widget_type=\"heading.default\">\n\t\t\t\t<div class=\"elementor-widget-container\">\n\t\t\t\t\t<h1 class=\"elementor-heading-title elementor-size-default\">Confirmation de r\u00e9servation<\/h1>\t\t\t\t<\/div>\n\t\t\t\t<\/div>\n\t\t\t\t\t<\/div>\n\t\t\t\t<\/div>\n\t\t<div class=\"elementor-element elementor-element-66a1cec1 e-flex e-con-boxed e-con e-parent\" data-id=\"66a1cec1\" data-element_type=\"container\" data-e-type=\"container\">\n\t\t\t\t\t<div class=\"e-con-inner\">\n\t\t\t\t<div class=\"elementor-element elementor-element-c7c4b7b elementor-widget elementor-widget-mphbe-checkout\" data-id=\"c7c4b7b\" data-element_type=\"widget\" data-e-type=\"widget\" data-widget_type=\"mphbe-checkout.default\">\n\t\t\t\t<div class=\"elementor-widget-container\">\n\t\t\t\t\t<div class=\"mphb_sc_checkout-wrapper \"><\/div>\t\t\t\t<\/div>\n\t\t\t\t<\/div>\n\t\t\t\t\t<\/div>\n\t\t\t\t<\/div>\n\t\t<div class=\"elementor-element elementor-element-ce30e04 elementor-hidden-desktop elementor-hidden-tablet elementor-hidden-mobile e-flex e-con-boxed e-con e-parent\" data-id=\"ce30e04\" data-element_type=\"container\" data-e-type=\"container\">\n\t\t\t\t\t<div class=\"e-con-inner\">\n\t\t\t\t<div class=\"elementor-element elementor-element-a4847e7 elementor-widget elementor-widget-heading\" data-id=\"a4847e7\" data-element_type=\"widget\" data-e-type=\"widget\" id=\"custom_text\" data-widget_type=\"heading.default\">\n\t\t\t\t<div class=\"elementor-widget-container\">\n\t\t\t\t\t<span class=\"elementor-heading-title elementor-size-default\">Cr\u00e9er un compte. Pour consulter l'historique de vos r\u00e9servations et de vos paiements, il est conseill\u00e9 de vous enregistrer.<\/span>\t\t\t\t<\/div>\n\t\t\t\t<\/div>\n\t\t\t\t<div class=\"elementor-element elementor-element-a7d88e1 elementor-widget elementor-widget-html\" data-id=\"a7d88e1\" data-element_type=\"widget\" data-e-type=\"widget\" data-widget_type=\"html.default\">\n\t\t\t\t<div class=\"elementor-widget-container\">\n\t\t\t\t\t<script>jQuery(function($){\n    \n    $('.mphb-customer-create-account > label').text($('#custom_text').text());\n    \n    });\n<\/script>\t\t\t\t<\/div>\n\t\t\t\t<\/div>\n\t\t\t\t\t<\/div>\n\t\t\t\t<\/div>\n\t\t<div class=\"elementor-element elementor-element-e406616 e-flex e-con-boxed e-con e-parent\" data-id=\"e406616\" data-element_type=\"container\" data-e-type=\"container\">\n\t\t\t\t\t<div class=\"e-con-inner\">\n\t\t\t\t<div class=\"elementor-element elementor-element-49b212d elementor-widget elementor-widget-spacer\" data-id=\"49b212d\" data-element_type=\"widget\" data-e-type=\"widget\" data-widget_type=\"spacer.default\">\n\t\t\t\t<div class=\"elementor-widget-container\">\n\t\t\t\t\t\t\t<div class=\"elementor-spacer\">\n\t\t\t<div class=\"elementor-spacer-inner\"><\/div>\n\t\t<\/div>\n\t\t\t\t\t\t<\/div>\n\t\t\t\t<\/div>\n\t\t\t\t\t<\/div>\n\t\t\t\t<\/div>\n\t\t\t\t<\/div>\n\t\t","protected":false},"excerpt":{"rendered":"<p>Confirmation de r\u00e9servation Cr\u00e9er un compte. Pour consulter l&rsquo;historique de vos r\u00e9servations et de vos paiements, il est conseill\u00e9 de vous enregistrer.<\/p>\n","protected":false},"author":1,"featured_media":5232168,"parent":0,"menu_order":0,"comment_status":"closed","ping_status":"closed","template":"","meta":{"inline_featured_image":false,"footnotes":""},"class_list":["post-5943","page","type-page","status-publish","has-post-thumbnail","hentry"],"aioseo_notices":[],"_links":{"self":[{"href":"https:\/\/costanatura.com\/fr\/wp-json\/wp\/v2\/pages\/5943","targetHints":{"allow":["GET"]}}],"collection":[{"href":"https:\/\/costanatura.com\/fr\/wp-json\/wp\/v2\/pages"}],"about":[{"href":"https:\/\/costanatura.com\/fr\/wp-json\/wp\/v2\/types\/page"}],"author":[{"embeddable":true,"href":"https:\/\/costanatura.com\/fr\/wp-json\/wp\/v2\/users\/1"}],"replies":[{"embeddable":true,"href":"https:\/\/costanatura.com\/fr\/wp-json\/wp\/v2\/comments?post=5943"}],"version-history":[{"count":0,"href":"https:\/\/costanatura.com\/fr\/wp-json\/wp\/v2\/pages\/5943\/revisions"}],"wp:featuredmedia":[{"embeddable":true,"href":"https:\/\/costanatura.com\/fr\/wp-json\/wp\/v2\/media\/5232168"}],"wp:attachment":[{"href":"https:\/\/costanatura.com\/fr\/wp-json\/wp\/v2\/media?parent=5943"}],"curies":[{"name":"wp","href":"https:\/\/api.w.org\/{rel}","templated":true}]}}