
{"id":5925,"date":"2023-12-22T04:43:37","date_gmt":"2023-12-22T03:43:37","guid":{"rendered":"https:\/\/costanatura.com\/confirmation-de-reservation\/reservation-confirmee\/"},"modified":"2024-06-23T12:43:44","modified_gmt":"2024-06-23T11:43:44","slug":"reservation-confirmee","status":"publish","type":"page","link":"https:\/\/costanatura.com\/fr\/confirmation-de-reservation\/reservation-confirmee\/","title":{"rendered":"R\u00e9servation confirm\u00e9e"},"content":{"rendered":"\t\t<div data-elementor-type=\"wp-page\" data-elementor-id=\"5925\" class=\"elementor elementor-5925 elementor-12\" data-elementor-post-type=\"page\">\n\t\t\t\t<div class=\"elementor-element elementor-element-64f943b e-flex e-con-boxed e-con e-parent\" data-id=\"64f943b\" data-element_type=\"container\" data-e-type=\"container\" data-settings=\"{&quot;background_background&quot;:&quot;classic&quot;}\">\n\t\t\t\t\t<div class=\"e-con-inner\">\n\t\t\t\t<div class=\"elementor-element elementor-element-4077fde elementor-widget elementor-widget-heading\" data-id=\"4077fde\" data-element_type=\"widget\" data-e-type=\"widget\" data-widget_type=\"heading.default\">\n\t\t\t\t<div class=\"elementor-widget-container\">\n\t\t\t\t\t<h1 class=\"elementor-heading-title elementor-size-default\">R\u00e9servation confirm\u00e9e<\/h1>\t\t\t\t<\/div>\n\t\t\t\t<\/div>\n\t\t\t\t\t<\/div>\n\t\t\t\t<\/div>\n\t\t<div class=\"elementor-element elementor-element-47222679 e-flex e-con-boxed e-con e-parent\" data-id=\"47222679\" data-element_type=\"container\" data-e-type=\"container\">\n\t\t\t\t\t<div class=\"e-con-inner\">\n\t\t\t\t<div class=\"elementor-element elementor-element-f44f28d elementor-widget elementor-widget-text-editor\" data-id=\"f44f28d\" data-element_type=\"widget\" data-e-type=\"widget\" data-widget_type=\"text-editor.default\">\n\t\t\t\t<div class=\"elementor-widget-container\">\n\t\t\t\t\t\t\t\t\t<p>Ta r\u00e9servation a \u00e9t\u00e9 re\u00e7ue et est confirm\u00e9e.<br \/>Au plaisir de te voir \u00e0 Costa Natura.<\/p>\n\t\t\t\t\t\t\t\t<\/div>\n\t\t\t\t<\/div>\n\t\t\t\t<div class=\"elementor-element elementor-element-51729a3 elementor-widget elementor-widget-text-editor\" data-id=\"51729a3\" data-element_type=\"widget\" data-e-type=\"widget\" data-widget_type=\"text-editor.default\">\n\t\t\t\t<div class=\"elementor-widget-container\">\n\t\t\t\t\t\t\t\t\t<p>Nous confirmons par la pr\u00e9sente que nous avons bien re\u00e7u ta r\u00e9servation.  <br \/>Nous t&rsquo;avons envoy\u00e9 les d\u00e9tails par e-mail. Nous nous r\u00e9jouissons de t&rsquo;accueillir \u00e0 Costa Natura.<\/p>\n\t\t\t\t\t\t\t\t<\/div>\n\t\t\t\t<\/div>\n\t\t\t\t<div class=\"elementor-element elementor-element-2be1ced4 elementor-widget elementor-widget-shortcode\" data-id=\"2be1ced4\" data-element_type=\"widget\" data-e-type=\"widget\" data-widget_type=\"shortcode.default\">\n\t\t\t\t<div class=\"elementor-widget-container\">\n\t\t\t\t\t\t\t<div class=\"elementor-shortcode\"><div class=\"mphb_sc_booking_confirmation\"><\/div><\/div>\n\t\t\t\t\t\t<\/div>\n\t\t\t\t<\/div>\n\t\t\t\t<div class=\"elementor-element elementor-element-e24213a elementor-widget elementor-widget-spacer\" data-id=\"e24213a\" data-element_type=\"widget\" data-e-type=\"widget\" data-widget_type=\"spacer.default\">\n\t\t\t\t<div class=\"elementor-widget-container\">\n\t\t\t\t\t\t\t<div class=\"elementor-spacer\">\n\t\t\t<div class=\"elementor-spacer-inner\"><\/div>\n\t\t<\/div>\n\t\t\t\t\t\t<\/div>\n\t\t\t\t<\/div>\n\t\t\t\t\t<\/div>\n\t\t\t\t<\/div>\n\t\t\t\t<\/div>\n\t\t","protected":false},"excerpt":{"rendered":"<p>R\u00e9servation confirm\u00e9e Ta r\u00e9servation a \u00e9t\u00e9 re\u00e7ue et est confirm\u00e9e.Au plaisir de te voir \u00e0 Costa Natura. Nous confirmons par la pr\u00e9sente que nous avons bien re\u00e7u ta r\u00e9servation. Nous t&rsquo;avons envoy\u00e9 les d\u00e9tails par e-mail. Nous nous r\u00e9jouissons de t&rsquo;accueillir \u00e0 Costa Natura.<\/p>\n","protected":false},"author":1,"featured_media":0,"parent":5909,"menu_order":0,"comment_status":"closed","ping_status":"closed","template":"","meta":{"inline_featured_image":false,"footnotes":""},"class_list":["post-5925","page","type-page","status-publish","hentry"],"aioseo_notices":[],"_links":{"self":[{"href":"https:\/\/costanatura.com\/fr\/wp-json\/wp\/v2\/pages\/5925","targetHints":{"allow":["GET"]}}],"collection":[{"href":"https:\/\/costanatura.com\/fr\/wp-json\/wp\/v2\/pages"}],"about":[{"href":"https:\/\/costanatura.com\/fr\/wp-json\/wp\/v2\/types\/page"}],"author":[{"embeddable":true,"href":"https:\/\/costanatura.com\/fr\/wp-json\/wp\/v2\/users\/1"}],"replies":[{"embeddable":true,"href":"https:\/\/costanatura.com\/fr\/wp-json\/wp\/v2\/comments?post=5925"}],"version-history":[{"count":0,"href":"https:\/\/costanatura.com\/fr\/wp-json\/wp\/v2\/pages\/5925\/revisions"}],"up":[{"embeddable":true,"href":"https:\/\/costanatura.com\/fr\/wp-json\/wp\/v2\/pages\/5909"}],"wp:attachment":[{"href":"https:\/\/costanatura.com\/fr\/wp-json\/wp\/v2\/media?parent=5925"}],"curies":[{"name":"wp","href":"https:\/\/api.w.org\/{rel}","templated":true}]}}