
{"id":42759,"date":"2024-04-15T05:44:40","date_gmt":"2024-04-15T04:44:40","guid":{"rendered":"https:\/\/costanatura.com\/erreur-de-reservation\/"},"modified":"2024-04-17T16:49:50","modified_gmt":"2024-04-17T15:49:50","slug":"erreur-de-reservation","status":"publish","type":"page","link":"https:\/\/costanatura.com\/fr\/erreur-de-reservation\/","title":{"rendered":"Erreur de r\u00e9servation"},"content":{"rendered":"\t\t<div data-elementor-type=\"wp-page\" data-elementor-id=\"42759\" class=\"elementor elementor-42759 elementor-38330\" data-elementor-post-type=\"page\">\n\t\t\t\t<div class=\"elementor-element elementor-element-c96990b e-flex e-con-boxed e-con e-parent\" data-id=\"c96990b\" data-element_type=\"container\" data-e-type=\"container\">\n\t\t\t\t\t<div class=\"e-con-inner\">\n\t\t\t\t<div class=\"elementor-element elementor-element-6d335da elementor-widget elementor-widget-heading\" data-id=\"6d335da\" data-element_type=\"widget\" data-e-type=\"widget\" data-widget_type=\"heading.default\">\n\t\t\t\t<div class=\"elementor-widget-container\">\n\t\t\t\t\t<h2 class=\"elementor-heading-title elementor-size-default\">Une erreur s'est produite<\/h2>\t\t\t\t<\/div>\n\t\t\t\t<\/div>\n\t\t\t\t<div class=\"elementor-element elementor-element-a26b26e elementor-widget elementor-widget-text-editor\" data-id=\"a26b26e\" data-element_type=\"widget\" data-e-type=\"widget\" data-widget_type=\"text-editor.default\">\n\t\t\t\t<div class=\"elementor-widget-container\">\n\t\t\t\t\t\t\t\t\t<p>Malheureusement, il semble que nous ayons rencontr\u00e9 un probl\u00e8me pour traiter ta demande de r\u00e9servation de chambre.<br>Notre \u00e9quipe de la r\u00e9ception est l\u00e0 pour t&rsquo;aider \u00e0 compl\u00e9ter ta r\u00e9servation et s&rsquo;assurer que tu passes un s\u00e9jour parfait dans notre station naturiste.<\/p>\n<p>Contacte-nous directement et nous serons heureux de t&rsquo;aider dans le processus de r\u00e9servation :<br><a href=\"tel:+34952808065\">  +34 952 80 80 65<\/a><br><a href=\"mailto:info@costanatura.com\">info@costanatura.com<\/a><\/p>\t\t\t\t\t\t\t\t<\/div>\n\t\t\t\t<\/div>\n\t\t\t\t\t<\/div>\n\t\t\t\t<\/div>\n\t\t\t\t<\/div>\n\t\t","protected":false},"excerpt":{"rendered":"<p>Une erreur s&rsquo;est produite Malheureusement, il semble que nous ayons rencontr\u00e9 un probl\u00e8me pour traiter ta demande de r\u00e9servation de chambre.Notre \u00e9quipe de la r\u00e9ception est l\u00e0 pour t&rsquo;aider \u00e0 compl\u00e9ter ta r\u00e9servation et s&rsquo;assurer que tu passes un s\u00e9jour parfait dans notre station naturiste. Contacte-nous directement et nous serons heureux de t&rsquo;aider dans le [&hellip;]<\/p>\n","protected":false},"author":1,"featured_media":0,"parent":0,"menu_order":0,"comment_status":"closed","ping_status":"closed","template":"","meta":{"inline_featured_image":false,"footnotes":""},"class_list":["post-42759","page","type-page","status-publish","hentry"],"aioseo_notices":[],"_links":{"self":[{"href":"https:\/\/costanatura.com\/fr\/wp-json\/wp\/v2\/pages\/42759","targetHints":{"allow":["GET"]}}],"collection":[{"href":"https:\/\/costanatura.com\/fr\/wp-json\/wp\/v2\/pages"}],"about":[{"href":"https:\/\/costanatura.com\/fr\/wp-json\/wp\/v2\/types\/page"}],"author":[{"embeddable":true,"href":"https:\/\/costanatura.com\/fr\/wp-json\/wp\/v2\/users\/1"}],"replies":[{"embeddable":true,"href":"https:\/\/costanatura.com\/fr\/wp-json\/wp\/v2\/comments?post=42759"}],"version-history":[{"count":0,"href":"https:\/\/costanatura.com\/fr\/wp-json\/wp\/v2\/pages\/42759\/revisions"}],"wp:attachment":[{"href":"https:\/\/costanatura.com\/fr\/wp-json\/wp\/v2\/media?parent=42759"}],"curies":[{"name":"wp","href":"https:\/\/api.w.org\/{rel}","templated":true}]}}