
{"id":31744,"date":"2023-12-22T04:43:37","date_gmt":"2023-12-22T03:43:37","guid":{"rendered":"https:\/\/costanatura.com\/mon-compte\/"},"modified":"2025-09-19T08:16:34","modified_gmt":"2025-09-19T07:16:34","slug":"my-account","status":"publish","type":"page","link":"https:\/\/costanatura.com\/fr\/my-account\/","title":{"rendered":"Mon compte"},"content":{"rendered":"\t\t<div data-elementor-type=\"wp-page\" data-elementor-id=\"31744\" class=\"elementor elementor-31744 elementor-16\" data-elementor-post-type=\"page\">\n\t\t\t\t<div class=\"elementor-element elementor-element-08db20c e-flex e-con-boxed e-con e-parent\" data-id=\"08db20c\" data-element_type=\"container\" data-e-type=\"container\" data-settings=\"{&quot;background_background&quot;:&quot;classic&quot;}\">\n\t\t\t\t\t<div class=\"e-con-inner\">\n\t\t<div class=\"elementor-element elementor-element-e9db15a e-flex e-con-boxed e-con e-child\" data-id=\"e9db15a\" data-element_type=\"container\" data-e-type=\"container\" data-settings=\"{&quot;background_background&quot;:&quot;classic&quot;}\">\n\t\t\t\t\t<div class=\"e-con-inner\">\n\t\t\t\t<div class=\"elementor-element elementor-element-30d6c79 elementor-widget elementor-widget-heading\" data-id=\"30d6c79\" data-element_type=\"widget\" data-e-type=\"widget\" data-widget_type=\"heading.default\">\n\t\t\t\t<div class=\"elementor-widget-container\">\n\t\t\t\t\t<h2 class=\"elementor-heading-title elementor-size-default\">S'inscrire<\/h2>\t\t\t\t<\/div>\n\t\t\t\t<\/div>\n\t\t\t\t<div class=\"elementor-element elementor-element-3f4bdf3 elementor-widget__width-initial elementor-widget elementor-widget-shortcode\" data-id=\"3f4bdf3\" data-element_type=\"widget\" data-e-type=\"widget\" data-widget_type=\"shortcode.default\">\n\t\t\t\t<div class=\"elementor-widget-container\">\n\t\t\t\t\t\t\t<div class=\"elementor-shortcode\">\t\t<div class=\"mphb_sc_account\">\n\t\t\t\t\t\t<div class=\"mphb-account-content\">\n\t\t\t\t\t\t\t\t\t\t\t\t\t\t\t<div class=\"mphb-login-form\">\n\t\t\t\t<form name=\"loginform\" id=\"loginform\" action=\"https:\/\/costanatura.com\/fr\/wp-login.php\" method=\"post\"><p class=\"login-username\">\n\t\t\t\t<label for=\"user_login\">Identifiant ou adresse e-mail<\/label>\n\t\t\t\t<input type=\"text\" name=\"log\" id=\"user_login\" autocomplete=\"username\" class=\"input\" value=\"\" size=\"20\" \/>\n\t\t\t<\/p><p class=\"login-password\">\n\t\t\t\t<label for=\"user_pass\">Mot de passe<\/label>\n\t\t\t\t<input type=\"password\" name=\"pwd\" id=\"user_pass\" autocomplete=\"current-password\" spellcheck=\"false\" class=\"input\" value=\"\" size=\"20\" \/>\n\t\t\t<\/p><p class=\"login-remember\"><label><input name=\"rememberme\" type=\"checkbox\" id=\"rememberme\" value=\"forever\" \/> Se souvenir de moi<\/label><\/p><p class=\"login-submit\">\n\t\t\t\t<input type=\"submit\" name=\"wp-submit\" id=\"wp-submit\" class=\"button button-primary\" value=\"Se connecter\" \/>\n\t\t\t\t<input type=\"hidden\" name=\"redirect_to\" value=\"https:\/\/costanatura.com\/fr\/wp-json\/wp\/v2\/pages\/31744\" \/>\n\t\t\t<\/p><\/form>\t\t\t\t<a href=\"https:\/\/costanatura.com\/reset-password\/\">Vous avez perdu votre mot de passe ?<\/a>\n\t\t\t<\/div>\n\t\t\t\t\t\t\t\t\t\t<\/div>\n\t\t<\/div>\n\t\t<\/div>\n\t\t\t\t\t\t<\/div>\n\t\t\t\t<\/div>\n\t\t\t\t<div class=\"elementor-element elementor-element-c0c4873 elementor-widget elementor-widget-button\" data-id=\"c0c4873\" data-element_type=\"widget\" data-e-type=\"widget\" id=\"lostPass\" data-widget_type=\"button.default\">\n\t\t\t\t<div class=\"elementor-widget-container\">\n\t\t\t\t\t\t\t\t\t<div class=\"elementor-button-wrapper\">\n\t\t\t\t\t<a class=\"elementor-button elementor-button-link elementor-size-sm\" href=\"https:\/\/costanatura.com\/fr\/reinitialiser-le-mot-de-passe\/\">\n\t\t\t\t\t\t<span class=\"elementor-button-content-wrapper\">\n\t\t\t\t\t\t\t\t\t<span class=\"elementor-button-text\">Vous avez perdu votre mot de passe ?<\/span>\n\t\t\t\t\t<\/span>\n\t\t\t\t\t<\/a>\n\t\t\t\t<\/div>\n\t\t\t\t\t\t\t\t<\/div>\n\t\t\t\t<\/div>\n\t\t\t\t<div class=\"elementor-element elementor-element-6decdc6 elementor-widget elementor-widget-html\" data-id=\"6decdc6\" data-element_type=\"widget\" data-e-type=\"widget\" data-widget_type=\"html.default\">\n\t\t\t\t<div class=\"elementor-widget-container\">\n\t\t\t\t\t<script>jQuery(function($){\n   \n   $(\"#user_login\").attr({ \"required\": \"required\"});\n   $(\"#user_pass\").attr({ \"required\": \"required\"});\n\n\n});\n    \n<\/script>\t\t\t\t<\/div>\n\t\t\t\t<\/div>\n\t\t\t\t\t<\/div>\n\t\t\t\t<\/div>\n\t\t\t\t\t<\/div>\n\t\t\t\t<\/div>\n\t\t\t\t<\/div>\n\t\t","protected":false},"excerpt":{"rendered":"<p>Domaine de la client\u00e8le Zone du propri\u00e9taire bienvenue, D\u00e9connecte-toi A la d\u00e9couverte de la Costa del Sol EXPLORER PLUS S&rsquo;inscrire Vous avez perdu votre mot de passe ?<\/p>\n","protected":false},"author":1,"featured_media":5232168,"parent":0,"menu_order":0,"comment_status":"closed","ping_status":"closed","template":"","meta":{"inline_featured_image":false,"footnotes":""},"class_list":["post-31744","page","type-page","status-publish","has-post-thumbnail","hentry"],"aioseo_notices":[],"_links":{"self":[{"href":"https:\/\/costanatura.com\/fr\/wp-json\/wp\/v2\/pages\/31744","targetHints":{"allow":["GET"]}}],"collection":[{"href":"https:\/\/costanatura.com\/fr\/wp-json\/wp\/v2\/pages"}],"about":[{"href":"https:\/\/costanatura.com\/fr\/wp-json\/wp\/v2\/types\/page"}],"author":[{"embeddable":true,"href":"https:\/\/costanatura.com\/fr\/wp-json\/wp\/v2\/users\/1"}],"replies":[{"embeddable":true,"href":"https:\/\/costanatura.com\/fr\/wp-json\/wp\/v2\/comments?post=31744"}],"version-history":[{"count":5,"href":"https:\/\/costanatura.com\/fr\/wp-json\/wp\/v2\/pages\/31744\/revisions"}],"predecessor-version":[{"id":40200738,"href":"https:\/\/costanatura.com\/fr\/wp-json\/wp\/v2\/pages\/31744\/revisions\/40200738"}],"wp:featuredmedia":[{"embeddable":true,"href":"https:\/\/costanatura.com\/fr\/wp-json\/wp\/v2\/media\/5232168"}],"wp:attachment":[{"href":"https:\/\/costanatura.com\/fr\/wp-json\/wp\/v2\/media?parent=31744"}],"curies":[{"name":"wp","href":"https:\/\/api.w.org\/{rel}","templated":true}]}}