
{"id":20254,"date":"2024-04-07T10:23:37","date_gmt":"2024-04-07T09:23:37","guid":{"rendered":"https:\/\/costanatura.com\/costanatura\/"},"modified":"2024-04-07T10:33:23","modified_gmt":"2024-04-07T09:33:23","slug":"costanatura","status":"publish","type":"page","link":"https:\/\/costanatura.com\/fr\/costanatura\/","title":{"rendered":"CostaNatura"},"content":{"rendered":"\t\t<div data-elementor-type=\"wp-page\" data-elementor-id=\"20254\" class=\"elementor elementor-20254 elementor-20207\" data-elementor-post-type=\"page\">\n\t\t\t\t<div class=\"elementor-element elementor-element-96ac7bc e-flex e-con-boxed e-con e-parent\" data-id=\"96ac7bc\" data-element_type=\"container\" data-e-type=\"container\">\n\t\t\t\t\t<div class=\"e-con-inner\">\n\t\t\t\t<div class=\"elementor-element elementor-element-863641f elementor-widget elementor-widget-image\" data-id=\"863641f\" data-element_type=\"widget\" data-e-type=\"widget\" data-widget_type=\"image.default\">\n\t\t\t\t<div class=\"elementor-widget-container\">\n\t\t\t\t\t\t\t\t\t\t\t\t\t\t\t<img decoding=\"async\" width=\"124\" height=\"123\" src=\"https:\/\/costanatura.com\/wp-content\/uploads\/2024\/02\/CostaNautra-Logo-Blue.svg\" class=\"attachment-full size-full wp-image-1107\" alt=\"\" \/>\t\t\t\t\t\t\t\t\t\t\t\t\t\t\t<\/div>\n\t\t\t\t<\/div>\n\t\t\t\t<div class=\"elementor-element elementor-element-d0cc586 elementor-widget elementor-widget-text-editor\" data-id=\"d0cc586\" data-element_type=\"widget\" data-e-type=\"widget\" data-widget_type=\"text-editor.default\">\n\t\t\t\t<div class=\"elementor-widget-container\">\n\t\t\t\t\t\t\t\t\t<p>Nous sommes en train de mettre \u00e0 jour notre site Internet.<br \/>Pour plus d&rsquo;informations sur Costa Natura Resort, ta r\u00e9servation ou toute autre demande, appelle notre r\u00e9ception :<br \/><a href=\"tel:+34952808065\">+34 952 80 80 65<\/a><\/p>\n\t\t\t\t\t\t\t\t<\/div>\n\t\t\t\t<\/div>\n\t\t\t\t<div class=\"elementor-element elementor-element-5949e94 elementor-widget elementor-widget-heading\" data-id=\"5949e94\" data-element_type=\"widget\" data-e-type=\"widget\" data-widget_type=\"heading.default\">\n\t\t\t\t<div class=\"elementor-widget-container\">\n\t\t\t\t\t<h2 class=\"elementor-heading-title elementor-size-default\">R\u00e9servations<\/h2>\t\t\t\t<\/div>\n\t\t\t\t<\/div>\n\t\t\t\t<div class=\"elementor-element elementor-element-ded286a elementor-widget elementor-widget-text-editor\" data-id=\"ded286a\" data-element_type=\"widget\" data-e-type=\"widget\" data-widget_type=\"text-editor.default\">\n\t\t\t\t<div class=\"elementor-widget-container\">\n\t\t\t\t\t\t\t\t\tPour les r\u00e9servations, appelle notre r\u00e9ception :<br>\n<a href=\"tel:+34952808065\">+34 952 80 80 65<\/a>\t\t\t\t\t\t\t\t<\/div>\n\t\t\t\t<\/div>\n\t\t\t\t\t<\/div>\n\t\t\t\t<\/div>\n\t\t\t\t<\/div>\n\t\t","protected":false},"excerpt":{"rendered":"<p>Nous sommes en train de mettre \u00e0 jour notre site Internet.Pour plus d&rsquo;informations sur Costa Natura Resort, ta r\u00e9servation ou toute autre demande, appelle notre r\u00e9ception :+34 952 80 80 65 R\u00e9servations Pour les r\u00e9servations, appelle notre r\u00e9ception : +34 952 80 80 65<\/p>\n","protected":false},"author":1,"featured_media":0,"parent":0,"menu_order":0,"comment_status":"closed","ping_status":"closed","template":"","meta":{"inline_featured_image":false,"footnotes":""},"class_list":["post-20254","page","type-page","status-publish","hentry"],"aioseo_notices":[],"_links":{"self":[{"href":"https:\/\/costanatura.com\/fr\/wp-json\/wp\/v2\/pages\/20254","targetHints":{"allow":["GET"]}}],"collection":[{"href":"https:\/\/costanatura.com\/fr\/wp-json\/wp\/v2\/pages"}],"about":[{"href":"https:\/\/costanatura.com\/fr\/wp-json\/wp\/v2\/types\/page"}],"author":[{"embeddable":true,"href":"https:\/\/costanatura.com\/fr\/wp-json\/wp\/v2\/users\/1"}],"replies":[{"embeddable":true,"href":"https:\/\/costanatura.com\/fr\/wp-json\/wp\/v2\/comments?post=20254"}],"version-history":[{"count":0,"href":"https:\/\/costanatura.com\/fr\/wp-json\/wp\/v2\/pages\/20254\/revisions"}],"wp:attachment":[{"href":"https:\/\/costanatura.com\/fr\/wp-json\/wp\/v2\/media?parent=20254"}],"curies":[{"name":"wp","href":"https:\/\/api.w.org\/{rel}","templated":true}]}}