
{"id":5988,"date":"2024-02-28T10:06:58","date_gmt":"2024-02-28T09:06:58","guid":{"rendered":"https:\/\/costanatura.com\/condiciones-generales\/"},"modified":"2026-04-08T10:02:06","modified_gmt":"2026-04-08T09:02:06","slug":"condiciones-generales","status":"publish","type":"page","link":"https:\/\/costanatura.com\/es\/condiciones-generales\/","title":{"rendered":"Condiciones generales"},"content":{"rendered":"\t\t<div data-elementor-type=\"wp-page\" data-elementor-id=\"5988\" class=\"elementor elementor-5988 elementor-2353\" data-elementor-post-type=\"page\">\n\t\t\t\t<div class=\"elementor-element elementor-element-959a2e3 e-flex e-con-boxed e-con e-parent\" data-id=\"959a2e3\" data-element_type=\"container\" data-e-type=\"container\" data-settings=\"{&quot;background_background&quot;:&quot;classic&quot;}\">\n\t\t\t\t\t<div class=\"e-con-inner\">\n\t\t\t\t<div class=\"elementor-element elementor-element-26a42ce elementor-widget elementor-widget-heading\" data-id=\"26a42ce\" data-element_type=\"widget\" data-e-type=\"widget\" data-widget_type=\"heading.default\">\n\t\t\t\t<div class=\"elementor-widget-container\">\n\t\t\t\t\t<h1 class=\"elementor-heading-title elementor-size-default\">Condiciones generales<\/h1>\t\t\t\t<\/div>\n\t\t\t\t<\/div>\n\t\t\t\t<div class=\"elementor-element elementor-element-9652cc5 elementor-widget elementor-widget-heading\" data-id=\"9652cc5\" data-element_type=\"widget\" data-e-type=\"widget\" data-widget_type=\"heading.default\">\n\t\t\t\t<div class=\"elementor-widget-container\">\n\t\t\t\t\t<div class=\"elementor-heading-title elementor-size-default\">Costa Natura<\/div>\t\t\t\t<\/div>\n\t\t\t\t<\/div>\n\t\t\t\t\t<\/div>\n\t\t\t\t<\/div>\n\t\t<div class=\"elementor-element elementor-element-ca73c4c e-flex e-con-boxed e-con e-parent\" data-id=\"ca73c4c\" data-element_type=\"container\" data-e-type=\"container\">\n\t\t\t\t\t<div class=\"e-con-inner\">\n\t\t<div class=\"elementor-element elementor-element-f3e3e6c e-flex e-con-boxed e-con e-child\" data-id=\"f3e3e6c\" data-element_type=\"container\" data-e-type=\"container\">\n\t\t\t\t\t<div class=\"e-con-inner\">\n\t\t\t\t<div class=\"elementor-element elementor-element-993bbe1 texto elementor-widget elementor-widget-text-editor\" data-id=\"993bbe1\" data-element_type=\"widget\" data-e-type=\"widget\" data-widget_type=\"text-editor.default\">\n\t\t\t\t<div class=\"elementor-widget-container\">\n\t\t\t\t\t\t\t\t\t<h2>APARTAMENTOS<\/h2><p>Todos los apartamentos est\u00e1n equipados con terraza propia, cocina, ba\u00f1o y aire acondicionado.<\/p><ul><li><strong>Estudios<\/strong>: Apartamentos que albergan el sal\u00f3n, el dormitorio y la cocina en un mismo espacio. Perfectos para estancias de una o dos personas. El espacio interior es de 18 metros cuadrados, 9 metros cuadrados en la terraza.<\/li><li><strong>Apartamentos<\/strong>: En estos apartamentos la zona de estar est\u00e1 separada del dormitorio. El espacio interior es de aproximadamente 27 metros cuadrados, 9 metros cuadrados en la terraza. Dependiendo del equipamiento, pueden alojar entre 2 y 4 personas.<\/li><li><strong>Apartamento grande<\/strong>: Es un apartamento m\u00e1s grande, con 36 metros cuadrados en una sola planta, y 18 metros cuadrados de terraza (aprox.).<\/li><li><strong>D\u00faplex<\/strong>: Tiene el mismo tama\u00f1o que los apartamentos grandes, 36 metros cuadrados, pero divididos en dos plantas, tambi\u00e9n tiene dos terrazas de 9 metros cuadrados, una terraza en cada planta.<\/li><li><strong>\u00c1tico<\/strong>: Este \u00e1tico, el m\u00e1s grande, tiene vistas panor\u00e1micas al mar y a la monta\u00f1a, est\u00e1 muy bien equipado y sus acabados son de gran calidad.<\/li><\/ul><p><em>(<\/em><em>Ten en cuenta que todos nuestros apartamentos son de propiedad privada. Cada apartamento est\u00e1 decorado, amueblado y equipado por el propietario seg\u00fan una variedad de estilos, colores y gustos individuales, pero todos cumplen la norma m\u00ednima).<\/em><\/p><h2>PRECIOS<\/h2><p>Los precios de los apartamentos se fijan en funci\u00f3n de su ubicaci\u00f3n dentro del complejo, las vistas, el estado general y el equipamiento. Todos los apartamentos cubren las necesidades del cliente, desde lo b\u00e1sico hasta un alto nivel.<\/p><h2>PAGOS<\/h2><p>Para garantizar la reserva, necesitamos un dep\u00f3sito del 30 %. Sin este dep\u00f3sito, no se confirmar\u00e1 la reserva. El resto debe abonarse <strong>4 semanas antes de la llegada. <\/strong>Costa Natura se reserva el derecho de cancelar la reserva si no est\u00e1 integramente pagada en ese plazo.<\/p><p><span style=\"text-align: var(--text-align); color: var( --e-global-color-text );\">Los pagos en efectivo s\u00f3lo se pueden hacer en reservas de un importe inferior o igual a 1.000 euros. Si el total de las reservas es por un importe superior a 1.000 euros, los pagos deber\u00e1n efectuarse con tarjeta<\/span><span style=\"text-align: var(--text-align); color: var( --e-global-color-text );\">.<\/span><\/p><h2>POL\u00cdTICA DE CANCELACI\u00d3N<\/h2><p>En las cancelaciones realizadas con m\u00e1s de <strong>4 semanas de antelaci\u00f3n a la llegada<\/strong>, se reembolsar\u00e1 el importe abonado. Las cancelaciones realizadas <strong>entre 4 y 2 semanas antes de la llegada<\/strong> conllevar\u00e1n un <strong>cargo del 50%<\/strong> del total de la reserva. Si cancelas la reserva con menos de 2 semanas de antelaci\u00f3n al d\u00eda de llegada, no se reembolsar\u00e1 el importe abonado (ten en cuenta que tu seguro de viaje cubrir\u00e1 esta cancelaci\u00f3n, podemos facilitarte la factura). A menos de 4 semanas de la llegada, no podr\u00e1s cambiar la reserva ni el apartamento.<\/p><h2>LLAVES Y TARJETA\/PULSERA DE ACCESO<\/h2><p>Para acceder al Complejo cuando la recepci\u00f3n est\u00e9 cerrada, te proporcionaremos una tarjeta de acceso y pulseras durante toda tu estancia. Tomamos un dep\u00f3sito de 20\u20ac en efectivo por estas llaves de acceso, que se te devolver\u00e1 a la salida.<\/p><h2>LLEGADAS DESPU\u00c9S DE LA HORA DE APERTURA DE LA RECEPCI\u00d3N<\/h2><p>Si llegas cuando la recepci\u00f3n ya est\u00e1 cerrada, se te dar\u00e1n instrucciones completas por adelantado. Todos los pagos deben hacerse por adelantado. (Si llegas tarde, informa a la recepci\u00f3n).<\/p><h2>ELECTRICIDAD<\/h2><p>Es importante hacer un uso responsable de la electricidad, como dejar apagados los aparatos cuando no est\u00e9s en el apartamento (aire acondicionado, calefacci\u00f3n, calefacci\u00f3n por suelo radiante, etc.). En caso de detectar un uso abusivo de la electricidad, se cargar\u00e1 a la cuenta del cliente.<\/p><h2>LIMPIEZA<\/h2><p>Proporcionamos s\u00e1banas y toallas a la llegada. Todos los alquileres (excepto los de invierno\/ofertas especiales) incluyen una minilimpieza semanal con cambio de toallas y s\u00e1banas, as\u00ed como un cambio de toallas cada 4 d\u00edas.<\/p><h2>REGLAS<\/h2><p>\u00c9ste es un complejo naturista familiar, pedimos a todos los propietarios, clientes y visitantes de d\u00eda que respeten los protocolos naturistas comunitarios y familiares. Pedimos a todos los turistas que respeten las <a href=\"\/?page_id=21997\"><strong>normas de la comunidad<\/strong><\/a>.<\/p><h2><span style=\"color: var(--e-global-color-30ecc66); font-family: Petrona, sans-serif; font-size: 18px; letter-spacing: 1.5px; text-transform: uppercase; text-align: var(--text-align);\">DA\u00d1OS Y USO INADECUADO<\/span><\/h2><p>Todas las propiedades deben dejarse limpias y tratarse con respeto.<\/p><p>Los da\u00f1os generados durante la estancia en el apartamento deben comunicarse a la recepci\u00f3n. Los da\u00f1os o roturas como consecuencia de un uso inadecuado se cargar\u00e1n en la cuenta del cliente.<\/p><p>Los toldos deben enrollarse en caso de condiciones meteorol\u00f3gicas adversas (lluvia o viento). Cualquier rotura debida a un uso inadecuado correr\u00e1 a cargo del cliente.<\/p><p><strong>No est\u00e1 permitido fumar<\/strong> en el apartamento. Fumar dentro del apartamento tiene un cargo adicional de 150\u20ac.<\/p><p>Lee <a href=\"https:\/\/costanatura.com\/es\/gdpr-y-declaracion-de-privacidad\/\">aqu\u00ed<\/a> nuestra declaraci\u00f3n de privacidad y GDPR<\/p><p><strong>ASOCIACI\u00d3N NATURISTA COSTA NATURA, CIF G-93265734<\/strong><\/p>\t\t\t\t\t\t\t\t<\/div>\n\t\t\t\t<\/div>\n\t\t\t\t\t<\/div>\n\t\t\t\t<\/div>\n\t\t\t\t<div class=\"elementor-element elementor-element-4e4de8e elementor-widget-divider--view-line elementor-widget elementor-widget-divider\" data-id=\"4e4de8e\" data-element_type=\"widget\" data-e-type=\"widget\" data-widget_type=\"divider.default\">\n\t\t\t\t<div class=\"elementor-widget-container\">\n\t\t\t\t\t\t\t<div class=\"elementor-divider\">\n\t\t\t<span class=\"elementor-divider-separator\">\n\t\t\t\t\t\t<\/span>\n\t\t<\/div>\n\t\t\t\t\t\t<\/div>\n\t\t\t\t<\/div>\n\t\t<div class=\"elementor-element elementor-element-1e9bbc7 e-flex e-con-boxed e-con e-child\" data-id=\"1e9bbc7\" data-element_type=\"container\" data-e-type=\"container\">\n\t\t\t\t\t<div class=\"e-con-inner\">\n\t\t\t\t<div class=\"elementor-element elementor-element-0be27f7 elementor-widget elementor-widget-button\" data-id=\"0be27f7\" data-element_type=\"widget\" data-e-type=\"widget\" data-widget_type=\"button.default\">\n\t\t\t\t<div class=\"elementor-widget-container\">\n\t\t\t\t\t\t\t\t\t<div class=\"elementor-button-wrapper\">\n\t\t\t\t\t<a class=\"elementor-button elementor-button-link elementor-size-sm\" href=\"https:\/\/costanatura.com\/community-rules\/\">\n\t\t\t\t\t\t<span class=\"elementor-button-content-wrapper\">\n\t\t\t\t\t\t\t\t\t<span class=\"elementor-button-text\">Normas comunitarias<\/span>\n\t\t\t\t\t<\/span>\n\t\t\t\t\t<\/a>\n\t\t\t\t<\/div>\n\t\t\t\t\t\t\t\t<\/div>\n\t\t\t\t<\/div>\n\t\t\t\t<div class=\"elementor-element elementor-element-0ba9b56 elementor-widget elementor-widget-button\" data-id=\"0ba9b56\" data-element_type=\"widget\" data-e-type=\"widget\" data-widget_type=\"button.default\">\n\t\t\t\t<div class=\"elementor-widget-container\">\n\t\t\t\t\t\t\t\t\t<div class=\"elementor-button-wrapper\">\n\t\t\t\t\t<a class=\"elementor-button elementor-button-link elementor-size-sm\" href=\"https:\/\/costanatura.com\/price-list\/\">\n\t\t\t\t\t\t<span class=\"elementor-button-content-wrapper\">\n\t\t\t\t\t\t\t\t\t<span class=\"elementor-button-text\">Lista de precios<\/span>\n\t\t\t\t\t<\/span>\n\t\t\t\t\t<\/a>\n\t\t\t\t<\/div>\n\t\t\t\t\t\t\t\t<\/div>\n\t\t\t\t<\/div>\n\t\t\t\t<div class=\"elementor-element elementor-element-b929c34 elementor-widget elementor-widget-button\" data-id=\"b929c34\" data-element_type=\"widget\" data-e-type=\"widget\" data-widget_type=\"button.default\">\n\t\t\t\t<div class=\"elementor-widget-container\">\n\t\t\t\t\t\t\t\t\t<div class=\"elementor-button-wrapper\">\n\t\t\t\t\t<a class=\"elementor-button elementor-button-link elementor-size-sm\" href=\"https:\/\/costanatura.com\/accommodations\/\">\n\t\t\t\t\t\t<span class=\"elementor-button-content-wrapper\">\n\t\t\t\t\t\t\t\t\t<span class=\"elementor-button-text\">Apartamentos<\/span>\n\t\t\t\t\t<\/span>\n\t\t\t\t\t<\/a>\n\t\t\t\t<\/div>\n\t\t\t\t\t\t\t\t<\/div>\n\t\t\t\t<\/div>\n\t\t\t\t\t<\/div>\n\t\t\t\t<\/div>\n\t\t\t\t\t<\/div>\n\t\t\t\t<\/div>\n\t\t\t\t<\/div>\n\t\t","protected":false},"excerpt":{"rendered":"<p>Condiciones generales Costa Natura APARTAMENTOS Todos los apartamentos est\u00e1n equipados con terraza propia, cocina, ba\u00f1o y aire acondicionado. Estudios: Apartamentos que albergan el sal\u00f3n, el dormitorio y la cocina en un mismo espacio. Perfectos para estancias de una o dos personas. El espacio interior es de 18 metros cuadrados, 9 metros cuadrados en la terraza. [&hellip;]<\/p>\n","protected":false},"author":1,"featured_media":5232170,"parent":0,"menu_order":0,"comment_status":"closed","ping_status":"closed","template":"","meta":{"inline_featured_image":false,"footnotes":""},"class_list":["post-5988","page","type-page","status-publish","has-post-thumbnail","hentry"],"aioseo_notices":[],"_links":{"self":[{"href":"https:\/\/costanatura.com\/es\/wp-json\/wp\/v2\/pages\/5988","targetHints":{"allow":["GET"]}}],"collection":[{"href":"https:\/\/costanatura.com\/es\/wp-json\/wp\/v2\/pages"}],"about":[{"href":"https:\/\/costanatura.com\/es\/wp-json\/wp\/v2\/types\/page"}],"author":[{"embeddable":true,"href":"https:\/\/costanatura.com\/es\/wp-json\/wp\/v2\/users\/1"}],"replies":[{"embeddable":true,"href":"https:\/\/costanatura.com\/es\/wp-json\/wp\/v2\/comments?post=5988"}],"version-history":[{"count":11,"href":"https:\/\/costanatura.com\/es\/wp-json\/wp\/v2\/pages\/5988\/revisions"}],"predecessor-version":[{"id":51472362,"href":"https:\/\/costanatura.com\/es\/wp-json\/wp\/v2\/pages\/5988\/revisions\/51472362"}],"wp:featuredmedia":[{"embeddable":true,"href":"https:\/\/costanatura.com\/es\/wp-json\/wp\/v2\/media\/5232170"}],"wp:attachment":[{"href":"https:\/\/costanatura.com\/es\/wp-json\/wp\/v2\/media?parent=5988"}],"curies":[{"name":"wp","href":"https:\/\/api.w.org\/{rel}","templated":true}]}}