
{"id":5980,"date":"2024-02-28T10:06:03","date_gmt":"2024-02-28T09:06:03","guid":{"rendered":"https:\/\/costanatura.com\/ofertas-especiales\/"},"modified":"2026-03-22T10:36:41","modified_gmt":"2026-03-22T09:36:41","slug":"ofertas-especiales","status":"publish","type":"page","link":"https:\/\/costanatura.com\/es\/ofertas-especiales\/","title":{"rendered":"Ofertas especiales"},"content":{"rendered":"\t\t<div data-elementor-type=\"wp-page\" data-elementor-id=\"5980\" class=\"elementor elementor-5980 elementor-2343\" data-elementor-post-type=\"page\">\n\t\t\t\t<div class=\"elementor-element elementor-element-a25f192 e-con-full e-flex e-con e-parent\" data-id=\"a25f192\" data-element_type=\"container\" data-e-type=\"container\" data-settings=\"{&quot;background_background&quot;:&quot;classic&quot;}\">\n\t\t\t\t<\/div>\n\t\t<div class=\"elementor-element elementor-element-af1c54a e-flex e-con-boxed e-con e-parent\" data-id=\"af1c54a\" data-element_type=\"container\" data-e-type=\"container\" data-settings=\"{&quot;background_background&quot;:&quot;classic&quot;}\">\n\t\t\t\t\t<div class=\"e-con-inner\">\n\t\t<div class=\"elementor-element elementor-element-e506250 e-flex e-con-boxed e-con e-child\" data-id=\"e506250\" data-element_type=\"container\" data-e-type=\"container\">\n\t\t\t\t\t<div class=\"e-con-inner\">\n\t\t\t\t<div class=\"elementor-element elementor-element-4f59a20 elementor-widget elementor-widget-heading\" data-id=\"4f59a20\" data-element_type=\"widget\" data-e-type=\"widget\" data-widget_type=\"heading.default\">\n\t\t\t\t<div class=\"elementor-widget-container\">\n\t\t\t\t\t<h1 class=\"elementor-heading-title elementor-size-default\">Ofertas especiales<\/h1>\t\t\t\t<\/div>\n\t\t\t\t<\/div>\n\t\t\t\t<div class=\"elementor-element elementor-element-d06f40f elementor-widget elementor-widget-text-editor\" data-id=\"d06f40f\" data-element_type=\"widget\" data-e-type=\"widget\" data-widget_type=\"text-editor.default\">\n\t\t\t\t<div class=\"elementor-widget-container\">\n\t\t\t\t\t\t\t\t\t<p>Costa Natura tiene mucho que ofrecer durante todo el a\u00f1o, ven a visitarnos para disfrutar de una estancia agradable y relajada.  <\/p>\t\t\t\t\t\t\t\t<\/div>\n\t\t\t\t<\/div>\n\t\t\t\t<div class=\"elementor-element elementor-element-26c0b57 elementor-widget-divider--view-line elementor-widget elementor-widget-divider\" data-id=\"26c0b57\" data-element_type=\"widget\" data-e-type=\"widget\" data-widget_type=\"divider.default\">\n\t\t\t\t<div class=\"elementor-widget-container\">\n\t\t\t\t\t\t\t<div class=\"elementor-divider\">\n\t\t\t<span class=\"elementor-divider-separator\">\n\t\t\t\t\t\t<\/span>\n\t\t<\/div>\n\t\t\t\t\t\t<\/div>\n\t\t\t\t<\/div>\n\t\t\t\t\t<\/div>\n\t\t\t\t<\/div>\n\t\t\t\t\t<\/div>\n\t\t\t\t<\/div>\n\t\t<div class=\"elementor-element elementor-element-70bd8ec e-con-full e-flex e-con e-parent\" data-id=\"70bd8ec\" data-element_type=\"container\" data-e-type=\"container\">\n\t\t<div class=\"elementor-element elementor-element-c576336 e-con-full e-flex e-con e-child\" data-id=\"c576336\" data-element_type=\"container\" data-e-type=\"container\" data-settings=\"{&quot;background_background&quot;:&quot;classic&quot;}\">\n\t\t\t\t<\/div>\n\t\t<div class=\"elementor-element elementor-element-50c1c24 e-con-full e-flex e-con e-child\" data-id=\"50c1c24\" data-element_type=\"container\" data-e-type=\"container\" data-settings=\"{&quot;background_background&quot;:&quot;classic&quot;}\">\n\t\t\t\t<div class=\"elementor-element elementor-element-d496886 elementor-widget elementor-widget-heading\" data-id=\"d496886\" data-element_type=\"widget\" data-e-type=\"widget\" data-widget_type=\"heading.default\">\n\t\t\t\t<div class=\"elementor-widget-container\">\n\t\t\t\t\t<h3 class=\"elementor-heading-title elementor-size-default\">Invierno en Costa Natura<\/h3>\t\t\t\t<\/div>\n\t\t\t\t<\/div>\n\t\t\t\t<div class=\"elementor-element elementor-element-456a678 elementor-widget__width-initial elementor-widget elementor-widget-text-editor\" data-id=\"456a678\" data-element_type=\"widget\" data-e-type=\"widget\" data-widget_type=\"text-editor.default\">\n\t\t\t\t<div class=\"elementor-widget-container\">\n\t\t\t\t\t\t\t\t\t<p>Costa Natura sigue siendo el destino perfecto de la Costa del Sol para disfrutar de noviembre a marzo. En Andaluc\u00eda, seguimos disfrutando de un clima invernal suave, con d\u00edas soleados y precipitaciones m\u00ednimas. Nuestra temperatura media oscila entre 7 y 10\u00b0C, con m\u00e1ximas que superan los 15\u00b0C durante todo el invierno.<\/p><p>Durante esta \u00e9poca del a\u00f1o, Costa Natura conserva su espl\u00e9ndido encanto, ofreciendo un ambiente relajado con vistas al oc\u00e9ano Mediterr\u00e1neo mientras damos la bienvenida al nuevo a\u00f1o. Nuestro complejo cuenta siempre con una alta ocupaci\u00f3n durante esta temporada, lo que garantiza amplias oportunidades para relajarse, socializar y disfrutar de todos los servicios que ofrece Costa Natura.<\/p>\t\t\t\t\t\t\t\t<\/div>\n\t\t\t\t<\/div>\n\t\t\t\t<div class=\"elementor-element elementor-element-ed45813 elementor-widget elementor-widget-button\" data-id=\"ed45813\" data-element_type=\"widget\" data-e-type=\"widget\" data-widget_type=\"button.default\">\n\t\t\t\t<div class=\"elementor-widget-container\">\n\t\t\t\t\t\t\t\t\t<div class=\"elementor-button-wrapper\">\n\t\t\t\t\t<a class=\"elementor-button elementor-button-link elementor-size-sm\" href=\"tel:+34952808065\">\n\t\t\t\t\t\t<span class=\"elementor-button-content-wrapper\">\n\t\t\t\t\t\t\t\t\t<span class=\"elementor-button-text\">Contactar con la recepci\u00f3n<\/span>\n\t\t\t\t\t<\/span>\n\t\t\t\t\t<\/a>\n\t\t\t\t<\/div>\n\t\t\t\t\t\t\t\t<\/div>\n\t\t\t\t<\/div>\n\t\t\t\t<\/div>\n\t\t\t\t<\/div>\n\t\t<div class=\"elementor-element elementor-element-567f398 e-flex e-con-boxed e-con e-parent\" data-id=\"567f398\" data-element_type=\"container\" data-e-type=\"container\">\n\t\t\t\t\t<div class=\"e-con-inner\">\n\t\t<div class=\"elementor-element elementor-element-c194b92 e-con-full e-flex e-con e-child\" data-id=\"c194b92\" data-element_type=\"container\" data-e-type=\"container\">\n\t\t<div class=\"elementor-element elementor-element-507b5d6 e-flex e-con-boxed e-con e-child\" data-id=\"507b5d6\" data-element_type=\"container\" data-e-type=\"container\">\n\t\t\t\t\t<div class=\"e-con-inner\">\n\t\t\t\t<div class=\"elementor-element elementor-element-d2fc7b7 elementor-widget elementor-widget-heading\" data-id=\"d2fc7b7\" data-element_type=\"widget\" data-e-type=\"widget\" data-widget_type=\"heading.default\">\n\t\t\t\t<div class=\"elementor-widget-container\">\n\t\t\t\t\t<h3 class=\"elementor-heading-title elementor-size-default\">Tarifas de la Oferta de Invierno<\/h3>\t\t\t\t<\/div>\n\t\t\t\t<\/div>\n\t\t\t\t<div class=\"elementor-element elementor-element-12652c4 texto elementor-widget elementor-widget-text-editor\" data-id=\"12652c4\" data-element_type=\"widget\" data-e-type=\"widget\" data-widget_type=\"text-editor.default\">\n\t\t\t\t<div class=\"elementor-widget-container\">\n\t\t\t\t\t\t\t\t\t<ul><li>Precios v\u00e1lidos del 01\/11 al 31\/03<\/li><li>Estancia m\u00ednima de 30 noches<\/li><li>La electricidad y la limpieza final est\u00e1n incluidas<\/li><li>Las toallas y el cambio de s\u00e1banas no est\u00e1n incluidos<\/li><li>Las reservas deben hacerse directamente en recepci\u00f3n.<\/li><\/ul>\t\t\t\t\t\t\t\t<\/div>\n\t\t\t\t<\/div>\n\t\t\t\t\t<\/div>\n\t\t\t\t<\/div>\n\t\t\t\t<div class=\"elementor-element elementor-element-6380c70 elementor-widget__width-inherit texto elementor-widget elementor-widget-html\" data-id=\"6380c70\" data-element_type=\"widget\" data-e-type=\"widget\" data-widget_type=\"html.default\">\n\t\t\t\t<div class=\"elementor-widget-container\">\n\t\t\t\t\t<table class=\"col2\">\n<thead>\n<tr>\n<th><span style=\"color: var(--e-global-color-primary);\">Tipo<\/span><\/th>\n<th><span style=\"color: var(--e-global-color-primary);\">Noviembre - Marzo<\/span><\/th>\n<\/tr>\n<\/thead>\n<tbody>\n<tr>\n<td class=\"table-bcolor1 table-borde\">Estudio *<\/td>\n<td><strong>40 \u20ac<\/strong><\/td>\n<\/tr>\n<tr>\n<td class=\"table-bcolor1 table-borde\">Apartamento Estudio **<\/td>\n<td><strong>43 \u20ac<\/strong><\/td>\n<\/tr>\n<tr>\n<td class=\"table-bcolor1 table-borde\">Estudio ***<\/td>\n<td><strong>45 \u20ac<\/strong><\/td>\n<\/tr>\n<tr>\n<td class=\"table-bcolor1 table-borde\"><\/td>\n<td><\/td>\n<\/tr>\n<tr>\n<td class=\"table-bcolor1 table-borde\">Apartamento de un nivel *<\/td>\n<td><strong>48 \u20ac<\/strong><\/td>\n<\/tr>\n<tr>\n<td class=\"table-bcolor1 table-borde\">One Level Apartment **<\/td>\n<td><strong>54 \u20ac<\/strong><\/td>\n<\/tr>\n<tr>\n<td class=\"table-bcolor1 table-borde\">One Level Apartment ***<\/td>\n<td><strong>56 \u20ac<\/strong><\/td>\n<\/tr>\n<tr>\n<td class=\"table-bcolor1 table-borde\"><\/td>\n<td><\/td>\n<\/tr>\n<tr>\n<td class=\"table-bcolor1 table-borde\">One Level Large Apartment *<\/td>\n<td><strong>53 \u20ac<\/strong><\/td>\n<\/tr>\n<tr>\n<td class=\"table-bcolor1 table-borde\">One Level Large Apartment **<\/td>\n<td><strong>57 \u20ac<\/strong><\/td>\n<\/tr>\n<tr>\n<td class=\"table-bcolor1 table-borde\">Apartamento grande de una planta ***<\/td>\n<td><strong>63 \u20ac<\/strong><\/td>\n<\/tr>\n<tr>\n<td class=\"table-bcolor1 table-borde\"><\/td>\n<td><\/td>\n<\/tr>\n<tr>\n<td class=\"table-bcolor1 table-borde\">Apartamento D\u00faplex *<\/td>\n<td><strong>53 \u20ac<\/strong><\/td>\n<\/tr>\n<tr>\n<td class=\"table-bcolor1 table-borde\">Apartamento d\u00faplex **<\/td>\n<td><strong>57 \u20ac<\/strong><\/td>\n<\/tr>\n<tr>\n<td class=\"table-bcolor1 table-borde\">Apartamento d\u00faplex ***<\/td>\n<td><strong>63 \u20ac<\/strong><\/td>\n<\/tr>\n<\/tbody>\n<\/table>\t\t\t\t<\/div>\n\t\t\t\t<\/div>\n\t\t\t\t<div class=\"elementor-element elementor-element-f55e693 elementor-widget elementor-widget-heading\" data-id=\"f55e693\" data-element_type=\"widget\" data-e-type=\"widget\" data-widget_type=\"heading.default\">\n\t\t\t\t<div class=\"elementor-widget-container\">\n\t\t\t\t\t<div class=\"elementor-heading-title elementor-size-default\">Invierno 2026\/27<\/div>\t\t\t\t<\/div>\n\t\t\t\t<\/div>\n\t\t\t\t<\/div>\n\t\t<div class=\"elementor-element elementor-element-45fc02e e-con-full e-flex e-con e-child\" data-id=\"45fc02e\" data-element_type=\"container\" data-e-type=\"container\">\n\t\t\t\t<div class=\"elementor-element elementor-element-4262432 elementor-widget elementor-widget-heading\" data-id=\"4262432\" data-element_type=\"widget\" data-e-type=\"widget\" data-widget_type=\"heading.default\">\n\t\t\t\t<div class=\"elementor-widget-container\">\n\t\t\t\t\t<h3 class=\"elementor-heading-title elementor-size-default\">Ofertas especiales \/ Descuentos<\/h3>\t\t\t\t<\/div>\n\t\t\t\t<\/div>\n\t\t\t\t<div class=\"elementor-element elementor-element-47b485c texto elementor-widget elementor-widget-text-editor\" data-id=\"47b485c\" data-element_type=\"widget\" data-e-type=\"widget\" data-widget_type=\"text-editor.default\">\n\t\t\t\t<div class=\"elementor-widget-container\">\n\t\t\t\t\t\t\t\t\t<ul>\n<li>\n<h3><strong><span style=\"text-decoration: underline;\">Apartment 55 10% from 01\/03 to 30\/04\/2026<\/span><\/strong><strong><br><\/strong><em><strong style=\"font-size: 16px;\">Coupon code:<\/strong> <strong>CN<\/strong><\/em><span style=\"background-color: transparent;\"><b><i>55-10%-01\/03-30\/04\/26<\/i><\/b><\/span><\/h3>\n<\/li>\n<\/ul>\t\t\t\t\t\t\t\t<\/div>\n\t\t\t\t<\/div>\n\t\t\t\t<\/div>\n\t\t\t\t\t<\/div>\n\t\t\t\t<\/div>\n\t\t<div class=\"elementor-element elementor-element-336a9c2 e-con-full e-flex e-con e-parent\" data-id=\"336a9c2\" data-element_type=\"container\" data-e-type=\"container\">\n\t\t\t\t<div class=\"elementor-element elementor-element-df45059 elementor-widget elementor-widget-template\" data-id=\"df45059\" data-element_type=\"widget\" data-e-type=\"widget\" data-widget_type=\"template.default\">\n\t\t\t\t<div class=\"elementor-widget-container\">\n\t\t\t\t\t\t\t<div class=\"elementor-template\">\n\t\t\t\t\t<div data-elementor-type=\"section\" data-elementor-id=\"4576\" class=\"elementor elementor-4576 elementor-447 elementor-447\" data-elementor-post-type=\"elementor_library\">\n\t\t\t<div class=\"elementor-element elementor-element-ee091f1 e-con-full e-flex e-con e-parent\" data-id=\"ee091f1\" data-element_type=\"container\" data-e-type=\"container\" data-settings=\"{&quot;background_background&quot;:&quot;classic&quot;}\">\n\t\t\t\t<div class=\"elementor-element elementor-element-dfb9040 elementor-widget elementor-widget-heading\" data-id=\"dfb9040\" data-element_type=\"widget\" data-e-type=\"widget\" data-widget_type=\"heading.default\">\n\t\t\t\t<div class=\"elementor-widget-container\">\n\t\t\t\t\t<h2 class=\"elementor-heading-title elementor-size-default\">Encuentra tu <span>apartamento perfecto.<\/span><\/h2>\t\t\t\t<\/div>\n\t\t\t\t<\/div>\n\t\t<div class=\"elementor-element elementor-element-630266f e-flex e-con-boxed e-con e-child\" data-id=\"630266f\" data-element_type=\"container\" data-e-type=\"container\" data-settings=\"{&quot;background_background&quot;:&quot;classic&quot;}\">\n\t\t\t\t\t<div class=\"e-con-inner\">\n\t\t<div class=\"elementor-element elementor-element-f9929ff e-flex e-con-boxed e-con e-child\" data-id=\"f9929ff\" data-element_type=\"container\" data-e-type=\"container\" data-settings=\"{&quot;background_background&quot;:&quot;classic&quot;}\">\n\t\t\t\t\t<div class=\"e-con-inner\">\n\t\t\t\t<div class=\"elementor-element elementor-element-2d5bad2 ctabooking elementor-widget elementor-widget-shortcode\" data-id=\"2d5bad2\" data-element_type=\"widget\" data-e-type=\"widget\" data-widget_type=\"shortcode.default\">\n\t\t\t\t<div class=\"elementor-widget-container\">\n\t\t\t\t\t\t\t<div class=\"elementor-shortcode\"><div class=\"mphb_sc_search-wrapper is-style-horizontal-form  transparent\">\n<form method=\"GET\" class=\"mphb_sc_search-form\" action=\"https:\/\/costanatura.com\/es\/resultados-de-la-busqueda\/\" data-first_available_check_in_date=\"2026-04-12\">\n\n\t<p class = \"mphb-required-fields-tip\">\n\t<small>\n\t\tLos campos obligatorios son seguidos por\t\t<abbr title=\"required\">*<\/abbr>\n\t<\/small>\n<\/p>\n\n\t<p class=\"mphb_sc_search-check-in-date\">\n\t\t<label for=\"mphb_check_in_date-mphb-search-form-69da2c1a1771d\">\n\t\t\tCheck-in\t\t\t<abbr title=\"Formateado como dd\/mm\/yyyy\">*<\/abbr>\n\t\t<\/label>\n\t\t<br \/>\n\t\t<input\n\t\t\tid=\"mphb_check_in_date-mphb-search-form-69da2c1a1771d\"\n\t\t\tdata-datepick-group=\"mphb-search-form-69da2c1a1771d\"\n\t\t\tvalue=\"\"\n\t\t\tplaceholder=\"Fecha de entrada\"\n\t\t\trequired=\"required\"\n\t\t\ttype=\"text\"\n\t\t\tinputmode=\"none\"\n\t\t\tname=\"mphb_check_in_date\"\n\t\t\tclass=\"mphb-datepick\"\n\t\t\tautocomplete=\"off\"\n\t\t\t\/>\n\t<\/p>\n\n\t<p class=\"mphb_sc_search-check-out-date\">\n\t\t<label for=\"mphb_check_out_date-mphb-search-form-69da2c1a1771d\">\n\t\t\tCheck-out\t\t\t<abbr title=\"Formateado como dd\/mm\/yyyy\">*<\/abbr>\n\t\t<\/label>\n\t\t<br \/>\n\t\t<input\n\t\t\tid=\"mphb_check_out_date-mphb-search-form-69da2c1a1771d\"\n\t\t\tdata-datepick-group=\"mphb-search-form-69da2c1a1771d\"\n\t\t\tvalue=\"\"\n\t\t\tplaceholder=\"Fecha de salida\"\n\t\t\trequired=\"required\"\n\t\t\ttype=\"text\"\n\t\t\tinputmode=\"none\"\n\t\t\tname=\"mphb_check_out_date\"\n\t\t\tclass=\"mphb-datepick\"\n\t\t\tautocomplete=\"off\"\n\t\t\t\/>\n\t<\/p>\n\n\t\t\t<p class=\"mphb_sc_search-adults\">\n\t\t\t<label for=\"mphb_adults-mphb-search-form-69da2c1a1771d\">\n\t\t\t\tAdultos\t\t\t<\/label>\n\t\t\t<br \/>\n\t\t\t<select id=\"mphb_adults-mphb-search-form-69da2c1a1771d\" name=\"mphb_adults\" >\n\t\t\t\t\t\t\t\t\t<option value=\"1\"  selected='selected'>1<\/option>\n\t\t\t\t\t\t\t\t\t<option value=\"2\" >2<\/option>\n\t\t\t\t\t\t\t\t\t<option value=\"3\" >3<\/option>\n\t\t\t\t\t\t\t\t\t<option value=\"4\" >4<\/option>\n\t\t\t\t\t\t\t\t\t<option value=\"5\" >5<\/option>\n\t\t\t\t\t\t\t\t\t<option value=\"6\" >6<\/option>\n\t\t\t\t\t\t\t\t\t<option value=\"7\" >7<\/option>\n\t\t\t\t\t\t\t\t\t<option value=\"8\" >8<\/option>\n\t\t\t\t\t\t\t\t\t<option value=\"9\" >9<\/option>\n\t\t\t\t\t\t\t\t\t<option value=\"10\" >10<\/option>\n\t\t\t\t\t\t\t<\/select>\n\t\t<\/p>\n\t\n\t\t\t<p class=\"mphb_sc_search-children\">\n\t\t\t<label for=\"mphb_children-mphb-search-form-69da2c1a1771d\">\n\t\t\t\tNi\u00f1os\t\t\t<\/label>\n\t\t\t<br \/>\n\t\t\t<select id=\"mphb_children-mphb-search-form-69da2c1a1771d\" name=\"mphb_children\">\n\t\t\t\t\t\t\t\t\t<option value=\"0\"  selected='selected'>0<\/option>\n\t\t\t\t\t\t\t\t\t<option value=\"1\" >1<\/option>\n\t\t\t\t\t\t\t\t\t<option value=\"2\" >2<\/option>\n\t\t\t\t\t\t\t\t\t<option value=\"3\" >3<\/option>\n\t\t\t\t\t\t\t\t\t<option value=\"4\" >4<\/option>\n\t\t\t\t\t\t\t\t\t<option value=\"5\" >5<\/option>\n\t\t\t\t\t\t\t\t\t<option value=\"6\" >6<\/option>\n\t\t\t\t\t\t\t\t\t<option value=\"7\" >7<\/option>\n\t\t\t\t\t\t\t\t\t<option value=\"8\" >8<\/option>\n\t\t\t\t\t\t\t\t\t<option value=\"9\" >9<\/option>\n\t\t\t\t\t\t\t\t\t<option value=\"10\" >10<\/option>\n\t\t\t\t\t\t\t<\/select>\n\t\t<\/p>\n\t\n\t\n\t\n\t<input id=\"mphb_check_in_date-mphb-search-form-69da2c1a1771d-hidden\" value=\"\" type=\"hidden\" name=\"mphb_check_in_date\" \/><input id=\"mphb_check_out_date-mphb-search-form-69da2c1a1771d-hidden\" value=\"\" type=\"hidden\" name=\"mphb_check_out_date\" \/>\n\t<p class=\"mphb_sc_search-submit-button-wrapper\">\n\t\t<input type=\"submit\" class=\"button\" value=\"Buscar\"\/>\n\t<\/p>\n\n\t\n<\/form>\n<\/div><\/div>\n\t\t\t\t\t\t<\/div>\n\t\t\t\t<\/div>\n\t\t\t\t\t<\/div>\n\t\t\t\t<\/div>\n\t\t\t\t\t<\/div>\n\t\t\t\t<\/div>\n\t\t\t\t<div class=\"elementor-element elementor-element-c74512a elementor-widget-divider--view-line elementor-widget elementor-widget-divider\" data-id=\"c74512a\" data-element_type=\"widget\" data-e-type=\"widget\" data-widget_type=\"divider.default\">\n\t\t\t\t<div class=\"elementor-widget-container\">\n\t\t\t\t\t\t\t<div class=\"elementor-divider\">\n\t\t\t<span class=\"elementor-divider-separator\">\n\t\t\t\t\t\t<\/span>\n\t\t<\/div>\n\t\t\t\t\t\t<\/div>\n\t\t\t\t<\/div>\n\t\t<div class=\"elementor-element elementor-element-81aaa6f e-flex e-con-boxed e-con e-child\" data-id=\"81aaa6f\" data-element_type=\"container\" data-e-type=\"container\">\n\t\t\t\t\t<div class=\"e-con-inner\">\n\t\t\t\t<div class=\"elementor-element elementor-element-4eaec28 elementor-widget elementor-widget-button\" data-id=\"4eaec28\" data-element_type=\"widget\" data-e-type=\"widget\" data-widget_type=\"button.default\">\n\t\t\t\t<div class=\"elementor-widget-container\">\n\t\t\t\t\t\t\t\t\t<div class=\"elementor-button-wrapper\">\n\t\t\t\t\t<a class=\"elementor-button elementor-button-link elementor-size-sm\" href=\"https:\/\/costanatura.com\/es\/complejo\/\">\n\t\t\t\t\t\t<span class=\"elementor-button-content-wrapper\">\n\t\t\t\t\t\t\t\t\t<span class=\"elementor-button-text\">El resort<\/span>\n\t\t\t\t\t<\/span>\n\t\t\t\t\t<\/a>\n\t\t\t\t<\/div>\n\t\t\t\t\t\t\t\t<\/div>\n\t\t\t\t<\/div>\n\t\t\t\t<div class=\"elementor-element elementor-element-07f6cf6 elementor-widget elementor-widget-button\" data-id=\"07f6cf6\" data-element_type=\"widget\" data-e-type=\"widget\" data-widget_type=\"button.default\">\n\t\t\t\t<div class=\"elementor-widget-container\">\n\t\t\t\t\t\t\t\t\t<div class=\"elementor-button-wrapper\">\n\t\t\t\t\t<a class=\"elementor-button elementor-button-link elementor-size-sm\" href=\"https:\/\/costanatura.com\/es\/nuestra-ubicacion\/\">\n\t\t\t\t\t\t<span class=\"elementor-button-content-wrapper\">\n\t\t\t\t\t\t\t\t\t<span class=\"elementor-button-text\">nuestra ubicaci\u00f3n<\/span>\n\t\t\t\t\t<\/span>\n\t\t\t\t\t<\/a>\n\t\t\t\t<\/div>\n\t\t\t\t\t\t\t\t<\/div>\n\t\t\t\t<\/div>\n\t\t\t\t<div class=\"elementor-element elementor-element-fae1e03 elementor-widget elementor-widget-button\" data-id=\"fae1e03\" data-element_type=\"widget\" data-e-type=\"widget\" data-widget_type=\"button.default\">\n\t\t\t\t<div class=\"elementor-widget-container\">\n\t\t\t\t\t\t\t\t\t<div class=\"elementor-button-wrapper\">\n\t\t\t\t\t<a class=\"elementor-button elementor-button-link elementor-size-sm\" href=\"https:\/\/costanatura.com\/es\/contactos\/\">\n\t\t\t\t\t\t<span class=\"elementor-button-content-wrapper\">\n\t\t\t\t\t\t\t\t\t<span class=\"elementor-button-text\">contacto<\/span>\n\t\t\t\t\t<\/span>\n\t\t\t\t\t<\/a>\n\t\t\t\t<\/div>\n\t\t\t\t\t\t\t\t<\/div>\n\t\t\t\t<\/div>\n\t\t\t\t\t<\/div>\n\t\t\t\t<\/div>\n\t\t\t\t<\/div>\n\t\t\t\t<\/div>\n\t\t\t\t<\/div>\n\t\t\t\t\t\t<\/div>\n\t\t\t\t<\/div>\n\t\t\t\t<\/div>\n\t\t\t\t<\/div>\n\t\t","protected":false},"excerpt":{"rendered":"<p>Ofertas especiales Costa Natura tiene mucho que ofrecer durante todo el a\u00f1o, ven a visitarnos para disfrutar de una estancia agradable y relajada. Invierno en Costa Natura Costa Natura sigue siendo el destino perfecto de la Costa del Sol para disfrutar de noviembre a marzo. En Andaluc\u00eda, seguimos disfrutando de un clima invernal suave, con [&hellip;]<\/p>\n","protected":false},"author":1,"featured_media":5232170,"parent":0,"menu_order":0,"comment_status":"closed","ping_status":"closed","template":"","meta":{"inline_featured_image":false,"footnotes":""},"class_list":["post-5980","page","type-page","status-publish","has-post-thumbnail","hentry"],"aioseo_notices":[],"_links":{"self":[{"href":"https:\/\/costanatura.com\/es\/wp-json\/wp\/v2\/pages\/5980","targetHints":{"allow":["GET"]}}],"collection":[{"href":"https:\/\/costanatura.com\/es\/wp-json\/wp\/v2\/pages"}],"about":[{"href":"https:\/\/costanatura.com\/es\/wp-json\/wp\/v2\/types\/page"}],"author":[{"embeddable":true,"href":"https:\/\/costanatura.com\/es\/wp-json\/wp\/v2\/users\/1"}],"replies":[{"embeddable":true,"href":"https:\/\/costanatura.com\/es\/wp-json\/wp\/v2\/comments?post=5980"}],"version-history":[{"count":17,"href":"https:\/\/costanatura.com\/es\/wp-json\/wp\/v2\/pages\/5980\/revisions"}],"predecessor-version":[{"id":51438017,"href":"https:\/\/costanatura.com\/es\/wp-json\/wp\/v2\/pages\/5980\/revisions\/51438017"}],"wp:featuredmedia":[{"embeddable":true,"href":"https:\/\/costanatura.com\/es\/wp-json\/wp\/v2\/media\/5232170"}],"wp:attachment":[{"href":"https:\/\/costanatura.com\/es\/wp-json\/wp\/v2\/media?parent=5980"}],"curies":[{"name":"wp","href":"https:\/\/api.w.org\/{rel}","templated":true}]}}