
{"id":4587,"date":"2024-02-28T10:06:47","date_gmt":"2024-02-28T09:06:47","guid":{"rendered":"https:\/\/costanatura.com\/normas-comunitarias\/"},"modified":"2026-03-12T15:39:25","modified_gmt":"2026-03-12T14:39:25","slug":"normas-comunitarias","status":"publish","type":"page","link":"https:\/\/costanatura.com\/es\/normas-comunitarias\/","title":{"rendered":"Normas comunitarias"},"content":{"rendered":"\t\t<div data-elementor-type=\"wp-page\" data-elementor-id=\"4587\" class=\"elementor elementor-4587 elementor-2351\" data-elementor-post-type=\"page\">\n\t\t\t\t<div class=\"elementor-element elementor-element-91fe42c e-flex e-con-boxed e-con e-parent\" data-id=\"91fe42c\" data-element_type=\"container\" data-e-type=\"container\" data-settings=\"{&quot;background_background&quot;:&quot;classic&quot;}\">\n\t\t\t\t\t<div class=\"e-con-inner\">\n\t\t\t\t<div class=\"elementor-element elementor-element-fe12daa elementor-widget elementor-widget-heading\" data-id=\"fe12daa\" data-element_type=\"widget\" data-e-type=\"widget\" data-widget_type=\"heading.default\">\n\t\t\t\t<div class=\"elementor-widget-container\">\n\t\t\t\t\t<h1 class=\"elementor-heading-title elementor-size-default\">Normas comunitarias<\/h1>\t\t\t\t<\/div>\n\t\t\t\t<\/div>\n\t\t\t\t<div class=\"elementor-element elementor-element-526b8a7 elementor-widget elementor-widget-heading\" data-id=\"526b8a7\" data-element_type=\"widget\" data-e-type=\"widget\" data-widget_type=\"heading.default\">\n\t\t\t\t<div class=\"elementor-widget-container\">\n\t\t\t\t\t<div class=\"elementor-heading-title elementor-size-default\">Costa Natura<\/div>\t\t\t\t<\/div>\n\t\t\t\t<\/div>\n\t\t\t\t\t<\/div>\n\t\t\t\t<\/div>\n\t\t<div class=\"elementor-element elementor-element-15deac0 e-flex e-con-boxed e-con e-parent\" data-id=\"15deac0\" data-element_type=\"container\" data-e-type=\"container\">\n\t\t\t\t\t<div class=\"e-con-inner\">\n\t\t<div class=\"elementor-element elementor-element-386bb8d e-flex e-con-boxed e-con e-child\" data-id=\"386bb8d\" data-element_type=\"container\" data-e-type=\"container\">\n\t\t\t\t\t<div class=\"e-con-inner\">\n\t\t\t\t<div class=\"elementor-element elementor-element-02da245 texto elementor-widget elementor-widget-text-editor\" data-id=\"02da245\" data-element_type=\"widget\" data-e-type=\"widget\" data-widget_type=\"text-editor.default\">\n\t\t\t\t<div class=\"elementor-widget-container\">\n\t\t\t\t\t\t\t\t\t<p><b>Aplicable a:<\/b><\/p>\n<ul>\n<li>Propietarios<\/li>\n<li>Clientes<\/li>\n<li>Miembros del Club<\/li>\n<li>Visitantes de d\u00eda<\/li>\n<\/ul>\n<p><b>Resumen<\/b><\/p>\n<p>A los Clientes, Socios del Club y pases de d\u00eda se les pedir\u00e1 en Recepci\u00f3n que rellenen un formulario por el que se comprometen a cumplir las normas internas del Complejo Naturista, que se exponen a continuaci\u00f3n:<\/p>\n<ul>\n<li>La desnudez es la norma dentro de Costa Natura y sus instalaciones. No se permite llevar ropa (ni siquiera ba\u00f1adores) en las piscinas, el jacuzzi o la sauna. DEBES utilizar toallas en todo momento cuando utilices los columpios, las tumbonas, las sillas de las terrazas y cuando utilices la sauna.<\/li>\n<li>Se espera de todos que se comporten de forma que respeten los derechos de los dem\u00e1s y no causen ofensa, ni perturben la armon\u00eda o la tranquilidad de Costa Natura.<\/li>\n<li>Costa Natura acoge a los ni\u00f1os en el complejo tur\u00edstico con la condici\u00f3n de que los padres\/tutores supervisen a sus hijos en todo momento y se aseguren de que tambi\u00e9n cumplen estas normas. Para cumplir las normas de salud y seguridad, se recomienda que los ni\u00f1os menores de 8 a\u00f1os no utilicen el jacuzzi ni la sauna. Si los menores de 8 a\u00f1os entran en el jacuzzi o la sauna, deben ir acompa\u00f1ados de sus padres\/tutores. La direcci\u00f3n no se hace responsable del incumplimiento de estas normas. El uso de todas las instalaciones es por cuenta y riesgo del individuo. La sala de fitness s\u00f3lo puede ser utilizada por mayores de 16 a\u00f1os.<\/li>\n<li>Todo el mundo se compromete a respetar los horarios de ba\u00f1o indicados en la se\u00f1alizaci\u00f3n de la piscina y en el tabl\u00f3n de anuncios de la recepci\u00f3n. Fuera de este horario, el usuario act\u00faa por su cuenta y riesgo (los padres son responsables de sus hijos).<\/li>\n<li>La cubierta de la piscina se extender\u00e1 en caso de malas condiciones meteorol\u00f3gicas. Esto es para mantener los niveles de calor dentro de la piscina.<\/li>\n<li>Todos son responsables de cualquier da\u00f1o a los bienes comunitarios, incluidos los causados por sus hijos, o por cualquier otra persona de la que sean responsables. Deber\u00e1n reembolsar a la Comunidad todos los gastos en que hayan incurrido.<\/li>\n<li>Los clientes, socios del Club y visitantes de d\u00eda no pueden introducir ning\u00fan animal en Costa Natura. No est\u00e1 permitido que ninguna persona encienda hogueras o haga barbacoas.<\/li>\n<li>Todo el mundo debe utilizar los tendederos que hay en cada apartamento, y no colgar toallas ni ropa en la terraza.<\/li>\n<li>S\u00f3lo los Propietarios y Clientes pueden traer veh\u00edculos privados y aparcar dentro de las zonas de aparcamiento delimitadas (1 veh\u00edculo por apartamento). No est\u00e1 permitido introducir ni utilizar tiendas de campa\u00f1a, caravanas o autocaravanas. No est\u00e1 permitido acampar, utilizar casas m\u00f3viles, tiendas de campa\u00f1a o alojamientos temporales similares. Se ruega a los usuarios del aparcamiento que respeten las plazas azules destinadas a las personas con movilidad reducida. Por favor, aparca con el debido cuidado y atenci\u00f3n a los dem\u00e1s usuarios del aparcamiento.<\/li>\n<li>Los Socios del Club y los Visitantes Diurnos deben entrar en Costa Natura a trav\u00e9s de la Recepci\u00f3n y no se les permite introducir veh\u00edculos en el Resort. Las tarjetas de miembro deben estar disponibles en todo momento para su inspecci\u00f3n y deben mostrarse al entrar.<\/li>\n<li>Los vestuarios (con espacio limitado para taquillas) son para comodidad de los Socios del Club y los visitantes de un d\u00eda. Se puede obtener una llave pagando una fianza en recepci\u00f3n. La direcci\u00f3n no acepta ninguna responsabilidad por el equipo personal o la ropa que se deje all\u00ed. Los Socios del Club y los pases de d\u00eda deben utilizar los vestuarios para evitar desvestirse y vestirse en las zonas comunes.<\/li>\n<li>Se proh\u00edbe expresamente el uso de equipos de grabaci\u00f3n o transmisi\u00f3n fotogr\u00e1fica\/v\u00eddeo\/tel\u00e9fono\/tableta en zonas p\u00fablicas si involucran a personas y no tiene un permiso por escrito.<\/li>\n<li>Todos los usuarios de la red inal\u00e1mbrica de Costa Natura deben respetar los t\u00e9rminos y condiciones de uso especificados al iniciar sesi\u00f3n en la red.<\/li>\n<li>Todos los accidentes deben comunicarse a la direcci\u00f3n. La direcci\u00f3n se reserva el derecho a denegar la entrada o la afiliaci\u00f3n y a pedir a los invitados que se marchen o revocar la afiliaci\u00f3n, por infracci\u00f3n de estas normas.<\/li>\n<li>No est\u00e1 permitido fumar en ning\u00fan apartamento, en el Restaurante, la zona de la Piscina, el Jacuzzi, la Sauna y la recepci\u00f3n. Por favor, respeta las se\u00f1ales de prohibido fumar.<\/li>\n<\/ul>\n<p>Los visitantes de Costa Natura deber\u00e1n firmar y aceptar las normas mencionadas antes de entrar en Costa Natura.<\/p>\n<p>Todos los visitantes deben registrarse en recepci\u00f3n antes de iniciar su visita.<\/p>\n<p><strong>Pol\u00edtica de vestimenta<\/strong><\/p>\n<p>El naturismo se considera normal en cualquier lugar y en cualquier momento dentro de Costa Natura.<\/p>\n<p>Por la noche, en el restaurante se prefiere que la gente se vista para la ocasi\u00f3n. Sin embargo, no es obligatorio. No se fomenta bailar desnudo en el restaurante, pero en determinados actos tem\u00e1ticos anunciados en los tablones de anuncios se acepta la desnudez total o parcial.<\/p>\n<p>No se podr\u00e1 llevar ba\u00f1ador de ning\u00fan tipo en las Piscinas, el Jacuzzi o la Sauna. Se recomienda en todo momento el uso de pa\u00f1ales de nataci\u00f3n en los beb\u00e9s y ni\u00f1os peque\u00f1os. Ten en cuenta que no se permiten beb\u00e9s, ni\u00f1os peque\u00f1os, ni ni\u00f1os (menores de 16 a\u00f1os) en la sauna, ni en el jacuzzi.<\/p>\n<p><strong>Etiqueta naturista<\/strong><\/p>\n<p>Utiliza una toalla cuando te sientes desnudo en sillas, bancos, tumbonas, columpios o aparatos de gimnasia.<\/p>\n<h2>Condiciones WiFi<\/h2>\n<ul>\n<li>El servicio WiFi proporciona acceso compartido a Internet, de velocidad limitada y limitado a 2 dispositivos por c\u00f3digo de usuario.<\/li>\n<li>No est\u00e1 permitido el acceso gratuito a la red WiFi \/ Internet. Es un servicio \u00fanico para Propietarios, clientes y visitantes de Costa Natura.<\/li>\n<li>Para acceder a Internet, es necesario un c\u00f3digo de usuario. El c\u00f3digo es intransferible.<\/li>\n<li>El uso del c\u00f3digo para conectarse a la red WiFi y a Internet es responsabilidad exclusiva del usuario.<\/li>\n<li>El servicio WiFi almacena las conexiones salientes de todos y cada uno de los usuarios en una base de datos, que facilitaremos a las autoridades legales o judiciales competentes si nos lo solicitan. Estar de acuerdo con este documento significa que el usuario es consciente y permite el almacenamiento automatizado de dichas conexiones, tiempos de uso y todos los detalles del dispositivo.<\/li>\n<li>Es responsabilidad del usuario proteger sus dispositivos dentro de la red WiFi e Internet con antivirus, malware o cortafuegos adecuados.<\/li>\n<li>No est\u00e1 permitido el uso de programas P2P ni las descargas excesivas. Se aplica una pol\u00edtica de uso justo determinada por la Comunidad de Propietarios de Costa Natura y la Asociaci\u00f3n Naturista Costa Natura ( el ProveedorWiFi)<\/li>\n<li>El Proveedor de WiFi se reserva el derecho a bloquear el acceso, incluir en una lista negra o denegar el acceso a cualquier sitio, dominio, puerto o instalaci\u00f3n de conexi\u00f3n en cualquier momento.<\/li>\n<li>El Proveedor de WIFI se reserva el derecho, sin previo aviso, de retirar el acceso a aquellos que inhiban o redirijan deliberadamente el acceso leg\u00edtimo de los usuarios legales al sistema WIFI.<\/li>\n<\/ul>\n<p>Hay m\u00e1s idiomas disponibles previa solicitud. <a href=\"https:\/\/costanatura.com\/es\/contactos\/\">Ponte en contacto con nosotros aqu\u00ed<\/a>.<\/p>\n<p>Otros idiomas est\u00e1n disponibles bajo solicitud. Si necesitas informaci\u00f3n en un idioma adicional, por favor solic\u00edtelo <a href=\"\/es\/contacto\">aqu\u00ed<\/a>.<\/p>\t\t\t\t\t\t\t\t<\/div>\n\t\t\t\t<\/div>\n\t\t\t\t\t<\/div>\n\t\t\t\t<\/div>\n\t\t\t\t<div class=\"elementor-element elementor-element-f5b6e39 elementor-widget-divider--view-line elementor-widget elementor-widget-divider\" data-id=\"f5b6e39\" data-element_type=\"widget\" data-e-type=\"widget\" data-widget_type=\"divider.default\">\n\t\t\t\t<div class=\"elementor-widget-container\">\n\t\t\t\t\t\t\t<div class=\"elementor-divider\">\n\t\t\t<span class=\"elementor-divider-separator\">\n\t\t\t\t\t\t<\/span>\n\t\t<\/div>\n\t\t\t\t\t\t<\/div>\n\t\t\t\t<\/div>\n\t\t<div class=\"elementor-element elementor-element-9ffeb6d e-flex e-con-boxed e-con e-child\" data-id=\"9ffeb6d\" data-element_type=\"container\" data-e-type=\"container\">\n\t\t\t\t\t<div class=\"e-con-inner\">\n\t\t\t\t<div class=\"elementor-element elementor-element-d7234d7 elementor-widget elementor-widget-button\" data-id=\"d7234d7\" data-element_type=\"widget\" data-e-type=\"widget\" data-widget_type=\"button.default\">\n\t\t\t\t<div class=\"elementor-widget-container\">\n\t\t\t\t\t\t\t\t\t<div class=\"elementor-button-wrapper\">\n\t\t\t\t\t<a class=\"elementor-button elementor-button-link elementor-size-sm\" href=\"https:\/\/costanatura.com\/terms-and-conditions\/\">\n\t\t\t\t\t\t<span class=\"elementor-button-content-wrapper\">\n\t\t\t\t\t\t\t\t\t<span class=\"elementor-button-text\">Condiciones generales<\/span>\n\t\t\t\t\t<\/span>\n\t\t\t\t\t<\/a>\n\t\t\t\t<\/div>\n\t\t\t\t\t\t\t\t<\/div>\n\t\t\t\t<\/div>\n\t\t\t\t<div class=\"elementor-element elementor-element-abccadc elementor-widget elementor-widget-button\" data-id=\"abccadc\" data-element_type=\"widget\" data-e-type=\"widget\" data-widget_type=\"button.default\">\n\t\t\t\t<div class=\"elementor-widget-container\">\n\t\t\t\t\t\t\t\t\t<div class=\"elementor-button-wrapper\">\n\t\t\t\t\t<a class=\"elementor-button elementor-button-link elementor-size-sm\" href=\"https:\/\/costanatura.com\/price-list\/\">\n\t\t\t\t\t\t<span class=\"elementor-button-content-wrapper\">\n\t\t\t\t\t\t\t\t\t<span class=\"elementor-button-text\">Lista de precios<\/span>\n\t\t\t\t\t<\/span>\n\t\t\t\t\t<\/a>\n\t\t\t\t<\/div>\n\t\t\t\t\t\t\t\t<\/div>\n\t\t\t\t<\/div>\n\t\t\t\t<div class=\"elementor-element elementor-element-6d076c2 elementor-widget elementor-widget-button\" data-id=\"6d076c2\" data-element_type=\"widget\" data-e-type=\"widget\" data-widget_type=\"button.default\">\n\t\t\t\t<div class=\"elementor-widget-container\">\n\t\t\t\t\t\t\t\t\t<div class=\"elementor-button-wrapper\">\n\t\t\t\t\t<a class=\"elementor-button elementor-button-link elementor-size-sm\" href=\"https:\/\/costanatura.com\/accommodations\/\">\n\t\t\t\t\t\t<span class=\"elementor-button-content-wrapper\">\n\t\t\t\t\t\t\t\t\t<span class=\"elementor-button-text\">Apartamentos<\/span>\n\t\t\t\t\t<\/span>\n\t\t\t\t\t<\/a>\n\t\t\t\t<\/div>\n\t\t\t\t\t\t\t\t<\/div>\n\t\t\t\t<\/div>\n\t\t\t\t\t<\/div>\n\t\t\t\t<\/div>\n\t\t\t\t\t<\/div>\n\t\t\t\t<\/div>\n\t\t\t\t<\/div>\n\t\t","protected":false},"excerpt":{"rendered":"<p>Normas comunitarias Costa Natura Aplicable a: Propietarios Clientes Miembros del Club Visitantes de d\u00eda Resumen A los Clientes, Socios del Club y pases de d\u00eda se les pedir\u00e1 en Recepci\u00f3n que rellenen un formulario por el que se comprometen a cumplir las normas internas del Complejo Naturista, que se exponen a continuaci\u00f3n: La desnudez es [&hellip;]<\/p>\n","protected":false},"author":1,"featured_media":5232170,"parent":0,"menu_order":0,"comment_status":"closed","ping_status":"closed","template":"","meta":{"inline_featured_image":false,"footnotes":""},"class_list":["post-4587","page","type-page","status-publish","has-post-thumbnail","hentry"],"aioseo_notices":[],"_links":{"self":[{"href":"https:\/\/costanatura.com\/es\/wp-json\/wp\/v2\/pages\/4587","targetHints":{"allow":["GET"]}}],"collection":[{"href":"https:\/\/costanatura.com\/es\/wp-json\/wp\/v2\/pages"}],"about":[{"href":"https:\/\/costanatura.com\/es\/wp-json\/wp\/v2\/types\/page"}],"author":[{"embeddable":true,"href":"https:\/\/costanatura.com\/es\/wp-json\/wp\/v2\/users\/1"}],"replies":[{"embeddable":true,"href":"https:\/\/costanatura.com\/es\/wp-json\/wp\/v2\/comments?post=4587"}],"version-history":[{"count":6,"href":"https:\/\/costanatura.com\/es\/wp-json\/wp\/v2\/pages\/4587\/revisions"}],"predecessor-version":[{"id":51418419,"href":"https:\/\/costanatura.com\/es\/wp-json\/wp\/v2\/pages\/4587\/revisions\/51418419"}],"wp:featuredmedia":[{"embeddable":true,"href":"https:\/\/costanatura.com\/es\/wp-json\/wp\/v2\/media\/5232170"}],"wp:attachment":[{"href":"https:\/\/costanatura.com\/es\/wp-json\/wp\/v2\/media?parent=4587"}],"curies":[{"name":"wp","href":"https:\/\/api.w.org\/{rel}","templated":true}]}}