
{"id":42791,"date":"2024-03-26T21:32:24","date_gmt":"2024-03-26T20:32:24","guid":{"rendered":"https:\/\/costanatura.com\/restablecer-contrasena\/"},"modified":"2024-04-17T17:54:26","modified_gmt":"2024-04-17T16:54:26","slug":"restablecer-contrasena","status":"publish","type":"page","link":"https:\/\/costanatura.com\/es\/restablecer-contrasena\/","title":{"rendered":"Restablecer contrase\u00f1a"},"content":{"rendered":"\t\t<div data-elementor-type=\"wp-page\" data-elementor-id=\"42791\" class=\"elementor elementor-42791 elementor-6554\" data-elementor-post-type=\"page\">\n\t\t\t\t<div class=\"elementor-element elementor-element-08db20c e-flex e-con-boxed e-con e-parent\" data-id=\"08db20c\" data-element_type=\"container\" data-e-type=\"container\" data-settings=\"{&quot;background_background&quot;:&quot;classic&quot;}\">\n\t\t\t\t\t<div class=\"e-con-inner\">\n\t\t<div class=\"elementor-element elementor-element-3664bdd e-flex e-con-boxed e-con e-child\" data-id=\"3664bdd\" data-element_type=\"container\" data-e-type=\"container\" id=\"resetPass\" data-settings=\"{&quot;background_background&quot;:&quot;classic&quot;}\">\n\t\t\t\t\t<div class=\"e-con-inner\">\n\t\t\t\t<div class=\"elementor-element elementor-element-2bc2717 elementor-widget elementor-widget-heading\" data-id=\"2bc2717\" data-element_type=\"widget\" data-e-type=\"widget\" data-widget_type=\"heading.default\">\n\t\t\t\t<div class=\"elementor-widget-container\">\n\t\t\t\t\t<h2 class=\"elementor-heading-title elementor-size-default\">Restablecer contrase\u00f1a<\/h2>\t\t\t\t<\/div>\n\t\t\t\t<\/div>\n\t\t\t\t<div class=\"elementor-element elementor-element-1c30c27 elementor-widget__width-initial elementor-widget elementor-widget-shortcode\" data-id=\"1c30c27\" data-element_type=\"widget\" data-e-type=\"widget\" data-widget_type=\"shortcode.default\">\n\t\t\t\t<div class=\"elementor-widget-container\">\n\t\t\t\t\t\t\t<div class=\"elementor-shortcode\">\r\n<div id=\"password-lost-form-wrap\">\r\n\r\n\t\r\n\t\r\n\t<form id=\"lostpasswordform\" method=\"post\" class=\"account-page-form\">\r\n\t\t<fieldset>\r\n\t\t\t<legend>Restablecer contrase\u00f1a<\/legend>\r\n\r\n\t\t\t<div class=\"somfrp-lost-pass-form-text\">\r\n\t\t\t\t<p class=\"extra-space\">Introduce tu direcci\u00f3n de correo electr\u00f3nico o tu nombre de usuario. Recibir\u00e1s un enlace para crear una nueva contrase\u00f1a por correo electr\u00f3nico.<\/p>\t\t\t<\/div>\r\n\r\n\t\t\t<p class=\"no-margin\">\r\n\t\t\t\t<label for=\"somfrp_user_info\">Direcci\u00f3n de correo electr\u00f3nico o nombre de usuario<\/label>\r\n\t\t\t\t<input type=\"text\" name=\"somfrp_user_info\" id=\"somfrp_user_info\" required autocomplete=\"username\">\r\n\t\t\t<\/p>\r\n\t\t\t\r\n\r\n\t\t\t<div class=\"lostpassword-submit\">\r\n\t\t\t\t<input type=\"hidden\" id=\"somfrp_nonce\" name=\"somfrp_nonce\" value=\"151e3549ba\" \/><input type=\"hidden\" name=\"_wp_http_referer\" value=\"\/es\/wp-json\/wp\/v2\/pages\/42791\" \/>\t\t\t\t<input type=\"hidden\" name=\"submitted\" id=\"submitted\" value=\"true\">\r\n\t\t\t\t<input type=\"hidden\" name=\"somfrp_action\" id=\"somfrp_post_action\" value=\"somfrp_lost_pass\">\r\n\t\t\t\t<button type=\"submit\" id=\"reset-pass-submit\" name=\"reset-pass-submit\" class=\"button big-btn\">Restablecer contrase\u00f1a<\/button>\r\n\t\t\t<\/div>\r\n\r\n\t\t<\/fieldset>\r\n\t<\/form>\r\n\r\n<\/div><\/div>\n\t\t\t\t\t\t<\/div>\n\t\t\t\t<\/div>\n\t\t\t\t\t<\/div>\n\t\t\t\t<\/div>\n\t\t\t\t\t<\/div>\n\t\t\t\t<\/div>\n\t\t\t\t<\/div>\n\t\t","protected":false},"excerpt":{"rendered":"<p>Restablecer contrase\u00f1a<\/p>\n","protected":false},"author":1,"featured_media":0,"parent":0,"menu_order":0,"comment_status":"closed","ping_status":"closed","template":"","meta":{"inline_featured_image":false,"footnotes":""},"class_list":["post-42791","page","type-page","status-publish","hentry"],"aioseo_notices":[],"_links":{"self":[{"href":"https:\/\/costanatura.com\/es\/wp-json\/wp\/v2\/pages\/42791","targetHints":{"allow":["GET"]}}],"collection":[{"href":"https:\/\/costanatura.com\/es\/wp-json\/wp\/v2\/pages"}],"about":[{"href":"https:\/\/costanatura.com\/es\/wp-json\/wp\/v2\/types\/page"}],"author":[{"embeddable":true,"href":"https:\/\/costanatura.com\/es\/wp-json\/wp\/v2\/users\/1"}],"replies":[{"embeddable":true,"href":"https:\/\/costanatura.com\/es\/wp-json\/wp\/v2\/comments?post=42791"}],"version-history":[{"count":0,"href":"https:\/\/costanatura.com\/es\/wp-json\/wp\/v2\/pages\/42791\/revisions"}],"wp:attachment":[{"href":"https:\/\/costanatura.com\/es\/wp-json\/wp\/v2\/media?parent=42791"}],"curies":[{"name":"wp","href":"https:\/\/api.w.org\/{rel}","templated":true}]}}