
{"id":42765,"date":"2024-04-15T05:44:40","date_gmt":"2024-04-15T04:44:40","guid":{"rendered":"https:\/\/costanatura.com\/error-de-reserva\/"},"modified":"2024-04-17T16:49:55","modified_gmt":"2024-04-17T15:49:55","slug":"error-de-reserva","status":"publish","type":"page","link":"https:\/\/costanatura.com\/es\/error-de-reserva\/","title":{"rendered":"Error de reserva"},"content":{"rendered":"\t\t<div data-elementor-type=\"wp-page\" data-elementor-id=\"42765\" class=\"elementor elementor-42765 elementor-38330\" data-elementor-post-type=\"page\">\n\t\t\t\t<div class=\"elementor-element elementor-element-c96990b e-flex e-con-boxed e-con e-parent\" data-id=\"c96990b\" data-element_type=\"container\" data-e-type=\"container\">\n\t\t\t\t\t<div class=\"e-con-inner\">\n\t\t\t\t<div class=\"elementor-element elementor-element-6d335da elementor-widget elementor-widget-heading\" data-id=\"6d335da\" data-element_type=\"widget\" data-e-type=\"widget\" data-widget_type=\"heading.default\">\n\t\t\t\t<div class=\"elementor-widget-container\">\n\t\t\t\t\t<h2 class=\"elementor-heading-title elementor-size-default\">Se ha producido un error<\/h2>\t\t\t\t<\/div>\n\t\t\t\t<\/div>\n\t\t\t\t<div class=\"elementor-element elementor-element-a26b26e elementor-widget elementor-widget-text-editor\" data-id=\"a26b26e\" data-element_type=\"widget\" data-e-type=\"widget\" data-widget_type=\"text-editor.default\">\n\t\t\t\t<div class=\"elementor-widget-container\">\n\t\t\t\t\t\t\t\t\t<p>Lamentablemente, parece que hemos tenido un problema al procesar tu solicitud de reserva de habitaci\u00f3n.<br>Nuestro equipo de recepci\u00f3n est\u00e1 aqu\u00ed para ayudarte a completar tu reserva y asegurarte una estancia perfecta en nuestro complejo naturista.<\/p>\n<p>Ponte en contacto con nosotros directamente y estaremos encantados de ayudarte en el proceso de reserva:<br><a href=\"tel:+34952808065\">  +34 952 80 80 65<\/a><br><a href=\"mailto:info@costanatura.com\">info@costanatura.com<\/a><\/p>\t\t\t\t\t\t\t\t<\/div>\n\t\t\t\t<\/div>\n\t\t\t\t\t<\/div>\n\t\t\t\t<\/div>\n\t\t\t\t<\/div>\n\t\t","protected":false},"excerpt":{"rendered":"<p>Se ha producido un error Lamentablemente, parece que hemos tenido un problema al procesar tu solicitud de reserva de habitaci\u00f3n.Nuestro equipo de recepci\u00f3n est\u00e1 aqu\u00ed para ayudarte a completar tu reserva y asegurarte una estancia perfecta en nuestro complejo naturista. Ponte en contacto con nosotros directamente y estaremos encantados de ayudarte en el proceso de [&hellip;]<\/p>\n","protected":false},"author":1,"featured_media":0,"parent":0,"menu_order":0,"comment_status":"closed","ping_status":"closed","template":"","meta":{"inline_featured_image":false,"footnotes":""},"class_list":["post-42765","page","type-page","status-publish","hentry"],"aioseo_notices":[],"_links":{"self":[{"href":"https:\/\/costanatura.com\/es\/wp-json\/wp\/v2\/pages\/42765","targetHints":{"allow":["GET"]}}],"collection":[{"href":"https:\/\/costanatura.com\/es\/wp-json\/wp\/v2\/pages"}],"about":[{"href":"https:\/\/costanatura.com\/es\/wp-json\/wp\/v2\/types\/page"}],"author":[{"embeddable":true,"href":"https:\/\/costanatura.com\/es\/wp-json\/wp\/v2\/users\/1"}],"replies":[{"embeddable":true,"href":"https:\/\/costanatura.com\/es\/wp-json\/wp\/v2\/comments?post=42765"}],"version-history":[{"count":0,"href":"https:\/\/costanatura.com\/es\/wp-json\/wp\/v2\/pages\/42765\/revisions"}],"wp:attachment":[{"href":"https:\/\/costanatura.com\/es\/wp-json\/wp\/v2\/media?parent=42765"}],"curies":[{"name":"wp","href":"https:\/\/api.w.org\/{rel}","templated":true}]}}