
{"id":5932,"date":"2023-12-22T04:43:37","date_gmt":"2023-12-22T03:43:37","guid":{"rendered":"https:\/\/costanatura.com\/buchungsbestaetigung\/erhaltene-reservierung\/"},"modified":"2024-04-24T09:25:52","modified_gmt":"2024-04-24T08:25:52","slug":"erhaltene-reservierung","status":"publish","type":"page","link":"https:\/\/costanatura.com\/de\/buchungsbestaetigung\/erhaltene-reservierung\/","title":{"rendered":"Erhaltene Reservierung"},"content":{"rendered":"\t\t<div data-elementor-type=\"wp-page\" data-elementor-id=\"5932\" class=\"elementor elementor-5932 elementor-14\" data-elementor-post-type=\"page\">\n\t\t\t\t<div class=\"elementor-element elementor-element-c292be6 e-flex e-con-boxed e-con e-parent\" data-id=\"c292be6\" data-element_type=\"container\" data-e-type=\"container\" data-settings=\"{&quot;background_background&quot;:&quot;classic&quot;}\">\n\t\t\t\t\t<div class=\"e-con-inner\">\n\t\t\t\t<div class=\"elementor-element elementor-element-f047c35 elementor-widget elementor-widget-heading\" data-id=\"f047c35\" data-element_type=\"widget\" data-e-type=\"widget\" data-widget_type=\"heading.default\">\n\t\t\t\t<div class=\"elementor-widget-container\">\n\t\t\t\t\t<h1 class=\"elementor-heading-title elementor-size-default\">Erhaltene Reservierung<\/h1>\t\t\t\t<\/div>\n\t\t\t\t<\/div>\n\t\t\t\t\t<\/div>\n\t\t\t\t<\/div>\n\t\t<div class=\"elementor-element elementor-element-5fc9c831 e-flex e-con-boxed e-con e-parent\" data-id=\"5fc9c831\" data-element_type=\"container\" data-e-type=\"container\">\n\t\t\t\t\t<div class=\"e-con-inner\">\n\t\t\t\t<div class=\"elementor-element elementor-element-0855733 elementor-widget elementor-widget-text-editor\" data-id=\"0855733\" data-element_type=\"widget\" data-e-type=\"widget\" data-widget_type=\"text-editor.default\">\n\t\t\t\t<div class=\"elementor-widget-container\">\n\t\t\t\t\t\t\t\t\t<p>Deine Reservierung wurde ordnungsgem\u00e4\u00df empfangen.<\/p>\n\t\t\t\t\t\t\t\t<\/div>\n\t\t\t\t<\/div>\n\t\t\t\t<div class=\"elementor-element elementor-element-bf257e2 elementor-widget elementor-widget-text-editor\" data-id=\"bf257e2\" data-element_type=\"widget\" data-e-type=\"widget\" data-widget_type=\"text-editor.default\">\n\t\t\t\t<div class=\"elementor-widget-container\">\n\t\t\t\t\t\t\t\t\t<p>Wir best\u00e4tigen hiermit, dass wir deine Reservierung erfolgreich erhalten haben und haben dir die Details per E-Mail geschickt.  <\/p>\n\t\t\t\t\t\t\t\t<\/div>\n\t\t\t\t<\/div>\n\t\t\t\t<div class=\"elementor-element elementor-element-631854f elementor-widget elementor-widget-mphbe-booking-confirmation\" data-id=\"631854f\" data-element_type=\"widget\" data-e-type=\"widget\" data-widget_type=\"mphbe-booking-confirmation.default\">\n\t\t\t\t<div class=\"elementor-widget-container\">\n\t\t\t\t\t<div class=\"mphb_sc_booking_confirmation\"><\/div>\t\t\t\t<\/div>\n\t\t\t\t<\/div>\n\t\t\t\t<div class=\"elementor-element elementor-element-b31dcb0 elementor-widget elementor-widget-spacer\" data-id=\"b31dcb0\" data-element_type=\"widget\" data-e-type=\"widget\" data-widget_type=\"spacer.default\">\n\t\t\t\t<div class=\"elementor-widget-container\">\n\t\t\t\t\t\t\t<div class=\"elementor-spacer\">\n\t\t\t<div class=\"elementor-spacer-inner\"><\/div>\n\t\t<\/div>\n\t\t\t\t\t\t<\/div>\n\t\t\t\t<\/div>\n\t\t\t\t\t<\/div>\n\t\t\t\t<\/div>\n\t\t\t\t<\/div>\n\t\t","protected":false},"excerpt":{"rendered":"<p>Erhaltene Reservierung Deine Reservierung wurde ordnungsgem\u00e4\u00df empfangen. Wir best\u00e4tigen hiermit, dass wir deine Reservierung erfolgreich erhalten haben und haben dir die Details per E-Mail geschickt.<\/p>\n","protected":false},"author":1,"featured_media":0,"parent":5913,"menu_order":0,"comment_status":"closed","ping_status":"closed","template":"","meta":{"inline_featured_image":false,"footnotes":""},"class_list":["post-5932","page","type-page","status-publish","hentry"],"aioseo_notices":[],"_links":{"self":[{"href":"https:\/\/costanatura.com\/de\/wp-json\/wp\/v2\/pages\/5932","targetHints":{"allow":["GET"]}}],"collection":[{"href":"https:\/\/costanatura.com\/de\/wp-json\/wp\/v2\/pages"}],"about":[{"href":"https:\/\/costanatura.com\/de\/wp-json\/wp\/v2\/types\/page"}],"author":[{"embeddable":true,"href":"https:\/\/costanatura.com\/de\/wp-json\/wp\/v2\/users\/1"}],"replies":[{"embeddable":true,"href":"https:\/\/costanatura.com\/de\/wp-json\/wp\/v2\/comments?post=5932"}],"version-history":[{"count":0,"href":"https:\/\/costanatura.com\/de\/wp-json\/wp\/v2\/pages\/5932\/revisions"}],"up":[{"embeddable":true,"href":"https:\/\/costanatura.com\/de\/wp-json\/wp\/v2\/pages\/5913"}],"wp:attachment":[{"href":"https:\/\/costanatura.com\/de\/wp-json\/wp\/v2\/media?parent=5932"}],"curies":[{"name":"wp","href":"https:\/\/api.w.org\/{rel}","templated":true}]}}