
{"id":5310,"date":"2024-02-28T10:06:58","date_gmt":"2024-02-28T09:06:58","guid":{"rendered":"https:\/\/costanatura.com\/bedingungen-und-konditionen\/"},"modified":"2026-04-08T10:00:50","modified_gmt":"2026-04-08T09:00:50","slug":"bedingungen-und-konditionen","status":"publish","type":"page","link":"https:\/\/costanatura.com\/de\/bedingungen-und-konditionen\/","title":{"rendered":"Bedingungen und Konditionen"},"content":{"rendered":"\t\t<div data-elementor-type=\"wp-page\" data-elementor-id=\"5310\" class=\"elementor elementor-5310 elementor-2353\" data-elementor-post-type=\"page\">\n\t\t\t\t<div class=\"elementor-element elementor-element-959a2e3 e-flex e-con-boxed e-con e-parent\" data-id=\"959a2e3\" data-element_type=\"container\" data-e-type=\"container\" data-settings=\"{&quot;background_background&quot;:&quot;classic&quot;}\">\n\t\t\t\t\t<div class=\"e-con-inner\">\n\t\t\t\t<div class=\"elementor-element elementor-element-26a42ce elementor-widget elementor-widget-heading\" data-id=\"26a42ce\" data-element_type=\"widget\" data-e-type=\"widget\" data-widget_type=\"heading.default\">\n\t\t\t\t<div class=\"elementor-widget-container\">\n\t\t\t\t\t<h1 class=\"elementor-heading-title elementor-size-default\">Bedingungen &amp; Konditionen<\/h1>\t\t\t\t<\/div>\n\t\t\t\t<\/div>\n\t\t\t\t<div class=\"elementor-element elementor-element-9652cc5 elementor-widget elementor-widget-heading\" data-id=\"9652cc5\" data-element_type=\"widget\" data-e-type=\"widget\" data-widget_type=\"heading.default\">\n\t\t\t\t<div class=\"elementor-widget-container\">\n\t\t\t\t\t<div class=\"elementor-heading-title elementor-size-default\">Costa Natura<\/div>\t\t\t\t<\/div>\n\t\t\t\t<\/div>\n\t\t\t\t\t<\/div>\n\t\t\t\t<\/div>\n\t\t<div class=\"elementor-element elementor-element-ca73c4c e-flex e-con-boxed e-con e-parent\" data-id=\"ca73c4c\" data-element_type=\"container\" data-e-type=\"container\">\n\t\t\t\t\t<div class=\"e-con-inner\">\n\t\t<div class=\"elementor-element elementor-element-f3e3e6c e-flex e-con-boxed e-con e-child\" data-id=\"f3e3e6c\" data-element_type=\"container\" data-e-type=\"container\">\n\t\t\t\t\t<div class=\"e-con-inner\">\n\t\t\t\t<div class=\"elementor-element elementor-element-993bbe1 texto elementor-widget elementor-widget-text-editor\" data-id=\"993bbe1\" data-element_type=\"widget\" data-e-type=\"widget\" data-widget_type=\"text-editor.default\">\n\t\t\t\t<div class=\"elementor-widget-container\">\n\t\t\t\t\t\t\t\t\t<h2>APARTMENTS<\/h2><p>Alle Wohnungen sind mit einer eigenen Terrasse, K\u00fcche, Bad und Klimaanlage ausgestattet.<\/p><ul><li><strong>Studios<\/strong>: Apartments, in denen sich Wohnzimmer, Schlafzimmer und K\u00fcche auf einer Fl\u00e4che befinden. Perfekt f\u00fcr einen Aufenthalt f\u00fcr eine oder zwei Personen. Die Innenfl\u00e4che betr\u00e4gt 18 Quadratmeter, 9 Quadratmeter auf der Terrasse.<\/li><li><strong>Wohnungen<\/strong>: In diesen Wohnungen ist der Wohnbereich vom Schlafzimmer getrennt. Die Innenfl\u00e4che betr\u00e4gt etwa 27 Quadratmeter, 9 Quadratmeter auf der Terrasse. Je nach Ausstattung k\u00f6nnen sie zwischen 2 und 4 Personen beherbergen.<\/li><li><strong>Gro\u00dfe Wohnung<\/strong>: Es ist eine gr\u00f6\u00dfere Wohnung, mit 36 Quadratmetern auf einer Etage und 18 Quadratmetern Terrasse (ca.).<\/li><li><strong>Duplex<\/strong>: Es hat die gleiche Gr\u00f6\u00dfe wie die gro\u00dfen Wohnungen, 36 Quadratmeter, ist aber auf zwei Etagen aufgeteilt und hat au\u00dferdem zwei Terrassen von 9 Quadratmetern, eine Terrasse in jeder Etage.<\/li><li><strong>Penthouse<\/strong>: Das Penthouse ist das gr\u00f6\u00dfte Apartment mit Panoramablick auf das Meer und den Berg. Es ist sehr gut ausgestattet und hat einen sehr hohen Standard.<\/li><\/ul><p><em>(<\/em><em>Bitte beachte, dass alle unsere Wohnungen in Privatbesitz sind. Jede Wohnung wird vom Eigent\u00fcmer in verschiedenen Stilen, Farben und nach individuellem Geschmack eingerichtet und ausgestattet, aber alle entsprechen dem Mindeststandard).<\/em><\/p><h2>PREISE<\/h2><p>Die Preise der Wohnungen richten sich nach ihrer Lage innerhalb der Anlage, der Aussicht, dem allgemeinen Zustand und der Ausstattung. Alle Wohnungen decken die Bed\u00fcrfnisse der Kunden ab, von der Grundausstattung bis zum hohen Standard.<\/p><h2>ZAHLUNGEN<\/h2><p>Um die Reservierung zu sichern, ben\u00f6tigen wir eine Anzahlung von 30 %. Ohne diese Anzahlung kann Ihre Buchung nicht best\u00e4tigt werden. Der Restbetrag muss <strong>4 Wochen vor Ihrer Ankunft gezahlt werden. <\/strong>Costa Natura beh\u00e4lt sich das Recht vor, die Reservierung zu stornieren, wenn die Zahlung nicht innerhalb dieses Zeitraums vollst\u00e4ndig erfolgt.<\/p><p><span style=\"text-align: var(--text-align); color: var( --e-global-color-text );\">Barzahlungen sind nur bei Reservierungen bis zu einem Betrag von 1000 \u20ac m\u00f6glich. Wenn der Gesamtbetrag der Reservierungen 1000 \u20ac \u00fcbersteigt, muss die Zahlung per Karte erfolgen.<\/span><span style=\"text-align: var(--text-align); color: var( --e-global-color-text );\">.<\/span><\/p><h2>STORNIERUNGSBEDINGUNGEN<\/h2><p>Bei Stornierungen, die mehr als <strong>4 Wochen vor der Ankunft<\/strong> erfolgen, wird der gezahlte Betrag zur\u00fcckerstattet. Bei Stornierungen, die <strong>zwischen 4 und 2 Wochen vor der Ankunft<\/strong> erfolgen, wird eine <strong>Geb\u00fchr in H\u00f6he von 50%<\/strong> des gesamten Buchungsbetrags erhoben. Wenn Sie die Buchung weniger als 2 Wochen vor dem Anreisetag stornieren, wird der gezahlte Betrag nicht zur\u00fcckerstattet (bitte beachten Sie, dass Ihre Reiseversicherung diese Stornierung abdeckt, wir k\u00f6nnen Ihnen die Rechnung zukommen lassen). Weniger als 4 Wochen vor der Ankunft k\u00f6nnen Sie die Reservierung oder das Apartment nicht mehr \u00e4ndern.<\/p><h2>SCHL\u00dcSSEL UND ZUGANGSKARTE\/ARMBAND<\/h2><p>Um das Resort zu betreten, wenn die Rezeption geschlossen ist, bekommst du von uns eine Zugangskarte und Armb\u00e4nder f\u00fcr die Dauer deines Aufenthalts. F\u00fcr diese Zugangsschl\u00fcssel nehmen wir eine Kaution von 20\u20ac in bar, die du bei deiner Abreise zur\u00fcckbekommst.<\/p><h2>ANK\u00dcNFTE NACH DER \u00d6FFNUNGSZEIT DER REZEPTION<\/h2><p>Wenn du ankommst, wenn die Rezeption bereits geschlossen ist, erh\u00e4ltst du im Voraus ausf\u00fchrliche Anweisungen. Alle Zahlungen m\u00fcssen im Voraus geleistet werden. (Wenn du zu sp\u00e4t kommst, informiere bitte die Rezeption).<\/p><h2>ELEKTRIZIT\u00c4T<\/h2><p>Es ist wichtig, dass du verantwortungsvoll mit dem Strom umgehst, z. B. indem du Ger\u00e4te ausschaltest, wenn du nicht in der Wohnung bist (Klimaanlage, Heizung, Fu\u00dfbodenheizung usw.). Wird eine missbr\u00e4uchliche Nutzung von Strom festgestellt, wird diese dem Kundenkonto belastet.<\/p><h2>REINIGUNG<\/h2><p>Wir stellen bei der Ankunft Bettw\u00e4sche und Handt\u00fccher zur Verf\u00fcgung. Alle Vermietungen (au\u00dfer Winter-\/Sonderangebote) beinhalten eine w\u00f6chentliche Minireinigung mit Handtuch- und W\u00e4schewechsel sowie einen Handtuchwechsel alle 4 Tage.<\/p><h2>REGELN<\/h2><p>Dies ist ein Familien-FKK-Resort. Wir bitten alle Eigent\u00fcmer, Kunden und Tagesbesucher, die Gemeinschaft und die Familien-FKK-Protokolle zu respektieren. Wir bitten alle Urlauber darum, die <a href=\"\/?page_id=21997\"><strong>Gemeinschaftsregeln<\/strong><\/a>.<\/p><h2><span style=\"color: var(--e-global-color-30ecc66); font-family: Petrona, sans-serif; font-size: 18px; letter-spacing: 1.5px; text-transform: uppercase; text-align: var(--text-align);\">SCH\u00c4DEN UND UNANGEMESSENER GEBRAUCH<\/span><\/h2><p>Alle Grundst\u00fccke sollten sauber hinterlassen werden und mit Respekt behandelt werden.<\/p><p>Sch\u00e4den, die w\u00e4hrend des Aufenthalts in der Wohnung entstehen, m\u00fcssen an der Rezeption gemeldet werden. Sch\u00e4den oder Br\u00fcche, die durch unsachgem\u00e4\u00dfe Nutzung entstehen, werden dem Kunden in Rechnung gestellt.<\/p><p>Bei schlechtem Wetter (Regen oder Wind) m\u00fcssen die Sonnensegel aufgerollt werden. Jede Besch\u00e4digung durch unsachgem\u00e4\u00dfen Gebrauch wird dem Kunden in Rechnung gestellt.<\/p><p><strong>Rauchen ist<\/strong> in der Wohnung <strong>nicht erlaubt<\/strong>. F\u00fcr das Rauchen in der Wohnung wird eine zus\u00e4tzliche Geb\u00fchr von 150\u20ac erhoben.<\/p><p>Lies <a href=\"https:\/\/costanatura.com\/de\/gdpr-datenschutzerklaerung\/\">hier<\/a> unsere GDPR- und Datenschutz-Erkl\u00e4rung<\/p><p><strong>ASOCIACI\u00d3N NATURISTA COSTA NATURA, CIF G-93265734<\/strong><\/p>\t\t\t\t\t\t\t\t<\/div>\n\t\t\t\t<\/div>\n\t\t\t\t\t<\/div>\n\t\t\t\t<\/div>\n\t\t\t\t<div class=\"elementor-element elementor-element-4e4de8e elementor-widget-divider--view-line elementor-widget elementor-widget-divider\" data-id=\"4e4de8e\" data-element_type=\"widget\" data-e-type=\"widget\" data-widget_type=\"divider.default\">\n\t\t\t\t<div class=\"elementor-widget-container\">\n\t\t\t\t\t\t\t<div class=\"elementor-divider\">\n\t\t\t<span class=\"elementor-divider-separator\">\n\t\t\t\t\t\t<\/span>\n\t\t<\/div>\n\t\t\t\t\t\t<\/div>\n\t\t\t\t<\/div>\n\t\t<div class=\"elementor-element elementor-element-1e9bbc7 e-flex e-con-boxed e-con e-child\" data-id=\"1e9bbc7\" data-element_type=\"container\" data-e-type=\"container\">\n\t\t\t\t\t<div class=\"e-con-inner\">\n\t\t\t\t<div class=\"elementor-element elementor-element-0be27f7 elementor-widget elementor-widget-button\" data-id=\"0be27f7\" data-element_type=\"widget\" data-e-type=\"widget\" data-widget_type=\"button.default\">\n\t\t\t\t<div class=\"elementor-widget-container\">\n\t\t\t\t\t\t\t\t\t<div class=\"elementor-button-wrapper\">\n\t\t\t\t\t<a class=\"elementor-button elementor-button-link elementor-size-sm\" href=\"https:\/\/costanatura.com\/community-rules\/\">\n\t\t\t\t\t\t<span class=\"elementor-button-content-wrapper\">\n\t\t\t\t\t\t\t\t\t<span class=\"elementor-button-text\">Gemeinschaftsregeln<\/span>\n\t\t\t\t\t<\/span>\n\t\t\t\t\t<\/a>\n\t\t\t\t<\/div>\n\t\t\t\t\t\t\t\t<\/div>\n\t\t\t\t<\/div>\n\t\t\t\t<div class=\"elementor-element elementor-element-0ba9b56 elementor-widget elementor-widget-button\" data-id=\"0ba9b56\" data-element_type=\"widget\" data-e-type=\"widget\" data-widget_type=\"button.default\">\n\t\t\t\t<div class=\"elementor-widget-container\">\n\t\t\t\t\t\t\t\t\t<div class=\"elementor-button-wrapper\">\n\t\t\t\t\t<a class=\"elementor-button elementor-button-link elementor-size-sm\" href=\"https:\/\/costanatura.com\/price-list\/\">\n\t\t\t\t\t\t<span class=\"elementor-button-content-wrapper\">\n\t\t\t\t\t\t\t\t\t<span class=\"elementor-button-text\">Preisliste<\/span>\n\t\t\t\t\t<\/span>\n\t\t\t\t\t<\/a>\n\t\t\t\t<\/div>\n\t\t\t\t\t\t\t\t<\/div>\n\t\t\t\t<\/div>\n\t\t\t\t<div class=\"elementor-element elementor-element-b929c34 elementor-widget elementor-widget-button\" data-id=\"b929c34\" data-element_type=\"widget\" data-e-type=\"widget\" data-widget_type=\"button.default\">\n\t\t\t\t<div class=\"elementor-widget-container\">\n\t\t\t\t\t\t\t\t\t<div class=\"elementor-button-wrapper\">\n\t\t\t\t\t<a class=\"elementor-button elementor-button-link elementor-size-sm\" href=\"https:\/\/costanatura.com\/accommodations\/\">\n\t\t\t\t\t\t<span class=\"elementor-button-content-wrapper\">\n\t\t\t\t\t\t\t\t\t<span class=\"elementor-button-text\">Wohnungen<\/span>\n\t\t\t\t\t<\/span>\n\t\t\t\t\t<\/a>\n\t\t\t\t<\/div>\n\t\t\t\t\t\t\t\t<\/div>\n\t\t\t\t<\/div>\n\t\t\t\t\t<\/div>\n\t\t\t\t<\/div>\n\t\t\t\t\t<\/div>\n\t\t\t\t<\/div>\n\t\t\t\t<\/div>\n\t\t","protected":false},"excerpt":{"rendered":"<p>Bedingungen &amp; Konditionen Costa Natura APARTMENTS Alle Wohnungen sind mit einer eigenen Terrasse, K\u00fcche, Bad und Klimaanlage ausgestattet. Studios: Apartments, in denen sich Wohnzimmer, Schlafzimmer und K\u00fcche auf einer Fl\u00e4che befinden. Perfekt f\u00fcr einen Aufenthalt f\u00fcr eine oder zwei Personen. Die Innenfl\u00e4che betr\u00e4gt 18 Quadratmeter, 9 Quadratmeter auf der Terrasse. Wohnungen: In diesen Wohnungen ist [&hellip;]<\/p>\n","protected":false},"author":1,"featured_media":5232169,"parent":0,"menu_order":0,"comment_status":"closed","ping_status":"closed","template":"","meta":{"inline_featured_image":false,"footnotes":""},"class_list":["post-5310","page","type-page","status-publish","has-post-thumbnail","hentry"],"aioseo_notices":[],"_links":{"self":[{"href":"https:\/\/costanatura.com\/de\/wp-json\/wp\/v2\/pages\/5310","targetHints":{"allow":["GET"]}}],"collection":[{"href":"https:\/\/costanatura.com\/de\/wp-json\/wp\/v2\/pages"}],"about":[{"href":"https:\/\/costanatura.com\/de\/wp-json\/wp\/v2\/types\/page"}],"author":[{"embeddable":true,"href":"https:\/\/costanatura.com\/de\/wp-json\/wp\/v2\/users\/1"}],"replies":[{"embeddable":true,"href":"https:\/\/costanatura.com\/de\/wp-json\/wp\/v2\/comments?post=5310"}],"version-history":[{"count":11,"href":"https:\/\/costanatura.com\/de\/wp-json\/wp\/v2\/pages\/5310\/revisions"}],"predecessor-version":[{"id":51472335,"href":"https:\/\/costanatura.com\/de\/wp-json\/wp\/v2\/pages\/5310\/revisions\/51472335"}],"wp:featuredmedia":[{"embeddable":true,"href":"https:\/\/costanatura.com\/de\/wp-json\/wp\/v2\/media\/5232169"}],"wp:attachment":[{"href":"https:\/\/costanatura.com\/de\/wp-json\/wp\/v2\/media?parent=5310"}],"curies":[{"name":"wp","href":"https:\/\/api.w.org\/{rel}","templated":true}]}}