
{"id":5221,"date":"2024-02-28T10:06:36","date_gmt":"2024-02-28T09:06:36","guid":{"rendered":"https:\/\/costanatura.com\/preisliste\/"},"modified":"2026-03-19T10:47:07","modified_gmt":"2026-03-19T09:47:07","slug":"preisliste","status":"publish","type":"page","link":"https:\/\/costanatura.com\/de\/preisliste\/","title":{"rendered":"Preisliste"},"content":{"rendered":"\t\t<div data-elementor-type=\"wp-page\" data-elementor-id=\"5221\" class=\"elementor elementor-5221 elementor-2349\" data-elementor-post-type=\"page\">\n\t\t\t\t<div class=\"elementor-element elementor-element-d2a16d9 e-flex e-con-boxed e-con e-parent\" data-id=\"d2a16d9\" data-element_type=\"container\" data-e-type=\"container\" data-settings=\"{&quot;background_background&quot;:&quot;classic&quot;}\">\n\t\t\t\t\t<div class=\"e-con-inner\">\n\t\t\t\t<div class=\"elementor-element elementor-element-7c89273 elementor-widget elementor-widget-heading\" data-id=\"7c89273\" data-element_type=\"widget\" data-e-type=\"widget\" data-widget_type=\"heading.default\">\n\t\t\t\t<div class=\"elementor-widget-container\">\n\t\t\t\t\t<h1 class=\"elementor-heading-title elementor-size-default\">Aktuelle Preisliste<\/h1>\t\t\t\t<\/div>\n\t\t\t\t<\/div>\n\t\t\t\t<div class=\"elementor-element elementor-element-12f1eb7 elementor-widget elementor-widget-heading\" data-id=\"12f1eb7\" data-element_type=\"widget\" data-e-type=\"widget\" data-widget_type=\"heading.default\">\n\t\t\t\t<div class=\"elementor-widget-container\">\n\t\t\t\t\t<div class=\"elementor-heading-title elementor-size-default\">Die Preisliste von Costa Natura kann sich aufgrund von saisonalen Preisen und Sonderangeboten \u00e4ndern.<\/div>\t\t\t\t<\/div>\n\t\t\t\t<\/div>\n\t\t\t\t\t<\/div>\n\t\t\t\t<\/div>\n\t\t<div class=\"elementor-element elementor-element-298ab21 e-flex e-con-boxed e-con e-parent\" data-id=\"298ab21\" data-element_type=\"container\" data-e-type=\"container\">\n\t\t\t\t\t<div class=\"e-con-inner\">\n\t\t\t\t<div class=\"elementor-element elementor-element-08bb643 elementor-widget elementor-widget-heading\" data-id=\"08bb643\" data-element_type=\"widget\" data-e-type=\"widget\" data-widget_type=\"heading.default\">\n\t\t\t\t<div class=\"elementor-widget-container\">\n\t\t\t\t\t<h2 class=\"elementor-heading-title elementor-size-default\">Wohnung Preise 2026\/27<\/h2>\t\t\t\t<\/div>\n\t\t\t\t<\/div>\n\t\t\t\t<div class=\"elementor-element elementor-element-d4c0b3b texto elementor-widget elementor-widget-text-editor\" data-id=\"d4c0b3b\" data-element_type=\"widget\" data-e-type=\"widget\" data-widget_type=\"text-editor.default\">\n\t\t\t\t<div class=\"elementor-widget-container\">\n\t\t\t\t\t\t\t\t\t<table>\n<thead>\n<tr>\n<th class=\"table-bcolor2 table-borde\"><span style=\"color: var(--e-global-color-primary);\">Monat<\/span><\/th>\n<th class=\"table-bcolor2\" rowspan=\"2\"><span style=\"color: var(--e-global-color-primary); display: block;\">November &#8211; Februar<\/span><\/th>\n<th class=\"table-bcolor2\" rowspan=\"2\"><span style=\"color: var(--e-global-color-primary); display: block;\">M\u00e4rz &#8211; April&nbsp;<\/span><\/th>\n<th class=\"table-bcolor2\" rowspan=\"2\"><span style=\"color: var(--e-global-color-primary); display: block;\">Mai &#8211; Juni \/ Oktober<\/span><\/th>\n<th class=\"table-bcolor2\" rowspan=\"2\"><span style=\"color: var(--e-global-color-primary); display: block;\">Juli &#8211; September<\/span><\/th>\n<\/tr>\n<tr>\n<th class=\"table-borde\"><span style=\"color: var(--e-global-color-primary);\">Typ<\/span><\/th>\n<\/tr>\n<\/thead>\n<tbody>\n<tr>\n<td class=\"table-bcolor1 table-borde\">Studio Wohnung <\/td>\n<td>53 &#8211; 61 &#8211; 69 \u20ac<\/td>\n<td>69 &#8211; 79 &#8211; 91 \u20ac<\/td>\n<td>85 &#8211; 97 &#8211; 116 \u20ac<\/td>\n<td>114 &#8211; 132 &#8211; 145 \u20ac<\/td>\n<\/tr>\n<tr>\n<td class=\"table-bcolor1 table-borde\">&nbsp;<\/td>\n<td>&nbsp;<\/td>\n<td>&nbsp;<\/td>\n<td>&nbsp;<\/td>\n<td>&nbsp;<\/td>\n<\/tr>\n<tr>\n<td class=\"table-bcolor1 table-borde\"> Wohnung <\/td>\n<td>71 &#8211; 84 &#8211; 95 \u20ac<\/td>\n<td>94 &#8211; 108 &#8211; 123 \u20ac<\/td>\n<td>114 &#8211; 132 &#8211; 153 \u20ac<\/td>\n<td>139 &#8211; 160 &#8211; 179 \u20ac<\/td>\n<\/tr>\n<tr>\n<td class=\"table-bcolor1 table-borde\">&nbsp;<\/td>\n<td>&nbsp;<\/td>\n<td>&nbsp;<\/td>\n<td>&nbsp;<\/td>\n<td>&nbsp;<\/td>\n<\/tr>\n<tr>\n<td class=\"table-bcolor1 table-borde\"> Gro\u00dfe Wohnung \/ Duplex<\/td>\n<td>77 &#8211; 91 &#8211; 103 \u20ac<\/td>\n<td>106 &#8211; 121 &#8211; 139 \u20ac<\/td>\n<td>133 &#8211; 154 &#8211; 174 \u20ac<\/td>\n<td>161 &#8211; 186 &#8211; 205 \u20ac<\/td>\n<\/tr>\n<tr>\n<td class=\"table-bcolor1 table-borde\">&nbsp;<\/td>\n<td>&nbsp;<\/td>\n<td>&nbsp;<\/td>\n<td>&nbsp;<\/td>\n<td>&nbsp;<\/td>\n<\/tr>\n<tr>\n<td class=\"table-bcolor1 table-borde\">Penthouse Wohnung<\/td>\n<td>159 \u20ac<\/td>\n<td>215 \u20ac<\/td>\n<td>267 \u20ac<\/td>\n<td>329 \u20ac<\/td>\n<\/tr>\n<\/tbody>\n<\/table>\t\t\t\t\t\t\t\t<\/div>\n\t\t\t\t<\/div>\n\t\t\t\t<div class=\"elementor-element elementor-element-f2d8e9d texto elementor-widget elementor-widget-text-editor\" data-id=\"f2d8e9d\" data-element_type=\"widget\" data-e-type=\"widget\" data-widget_type=\"text-editor.default\">\n\t\t\t\t<div class=\"elementor-widget-container\">\n\t\t\t\t\t\t\t\t\t<h2>Allgemeine Buchungsbedingungen<\/h2><ul><li>Alle Preise sind in Euro angegeben und enthalten die spanische Steuer.<\/li><li>Die Mindestbuchung pro Wohnung betr\u00e4gt zwei N\u00e4chte (einige Wohnungen k\u00f6nnen davon abweichen).<\/li><\/ul><h2>Reinigung<\/h2><ul><li>Die Handt\u00fccher werden jeden 4. Tag gewechselt.<\/li><li>Handtuch- und Bettw\u00e4schewechsel sowie Minireinigung werden jede Woche angeboten.<\/li><\/ul><div> <\/div>\t\t\t\t\t\t\t\t<\/div>\n\t\t\t\t<\/div>\n\t\t\t\t<div class=\"elementor-element elementor-element-eed1237 elementor-widget-divider--view-line elementor-widget elementor-widget-divider\" data-id=\"eed1237\" data-element_type=\"widget\" data-e-type=\"widget\" data-widget_type=\"divider.default\">\n\t\t\t\t<div class=\"elementor-widget-container\">\n\t\t\t\t\t\t\t<div class=\"elementor-divider\">\n\t\t\t<span class=\"elementor-divider-separator\">\n\t\t\t\t\t\t<\/span>\n\t\t<\/div>\n\t\t\t\t\t\t<\/div>\n\t\t\t\t<\/div>\n\t\t<div class=\"elementor-element elementor-element-28ea6fb e-con-full e-flex e-con e-child\" data-id=\"28ea6fb\" data-element_type=\"container\" data-e-type=\"container\">\n\t\t<div class=\"elementor-element elementor-element-bfcc02c e-flex e-con-boxed e-con e-child\" data-id=\"bfcc02c\" data-element_type=\"container\" data-e-type=\"container\">\n\t\t\t\t\t<div class=\"e-con-inner\">\n\t\t\t\t<div class=\"elementor-element elementor-element-e06f46e elementor-widget elementor-widget-heading\" data-id=\"e06f46e\" data-element_type=\"widget\" data-e-type=\"widget\" data-widget_type=\"heading.default\">\n\t\t\t\t<div class=\"elementor-widget-container\">\n\t\t\t\t\t<h2 class=\"elementor-heading-title elementor-size-default\">Winter Offer Rates 2026\/27<\/h2>\t\t\t\t<\/div>\n\t\t\t\t<\/div>\n\t\t\t\t<div class=\"elementor-element elementor-element-d28bb11 texto elementor-widget elementor-widget-text-editor\" data-id=\"d28bb11\" data-element_type=\"widget\" data-e-type=\"widget\" data-widget_type=\"text-editor.default\">\n\t\t\t\t<div class=\"elementor-widget-container\">\n\t\t\t\t\t\t\t\t\t<ul><li>Preise g\u00fcltig vom 01\/11 bis 31\/03<\/li><li>Mindestaufenthalt von 30 N\u00e4chten<\/li><li>Elektrizit\u00e4t und Endreinigung sind inklusive<\/li><li>Handt\u00fccher und W\u00e4schewechsel sind nicht inbegriffen<\/li><li>Buchungen m\u00fcssen direkt an der Rezeption vorgenommen werden.<\/li><\/ul>\t\t\t\t\t\t\t\t<\/div>\n\t\t\t\t<\/div>\n\t\t\t\t\t<\/div>\n\t\t\t\t<\/div>\n\t\t<div class=\"elementor-element elementor-element-4097cee e-flex e-con-boxed e-con e-child\" data-id=\"4097cee\" data-element_type=\"container\" data-e-type=\"container\">\n\t\t\t\t\t<div class=\"e-con-inner\">\n\t\t\t\t<div class=\"elementor-element elementor-element-5ccf4d9 texto elementor-widget elementor-widget-text-editor\" data-id=\"5ccf4d9\" data-element_type=\"widget\" data-e-type=\"widget\" data-widget_type=\"text-editor.default\">\n\t\t\t\t<div class=\"elementor-widget-container\">\n\t\t\t\t\t\t\t\t\t<table class=\"col2\">\n<thead>\n<tr>\n<th><span style=\"color: var(--e-global-color-primary);\">Typ<\/span><\/th>\n<th><span style=\"color: var(--e-global-color-primary);\">November &#8211; M\u00e4rz<\/span><\/th>\n<\/tr>\n<\/thead>\n<tbody>\n<tr>\n<td class=\"table-bcolor1 table-borde\">Studio-Apartment <\/td>\n<td><strong>40 &#8211; 43 &#8211; 45 \u20ac<\/strong><\/td>\n<\/tr>\n<tr>\n<td class=\"table-bcolor1 table-borde\">&nbsp;<\/td>\n<td>&nbsp;<\/td>\n<\/tr>\n<tr>\n<td class=\"table-bcolor1 table-borde\">Wohnung <\/td>\n<td><strong>48 &#8211; 54 &#8211; 56 \u20ac<\/strong><\/td>\n<\/tr>\n<tr>\n<td class=\"table-bcolor1 table-borde\">&nbsp;<\/td>\n<td>&nbsp;<\/td>\n<\/tr>\n<tr>\n<td class=\"table-bcolor1 table-borde\">Gro\u00dfe Wohnung \/ Duplex <\/td>\n<td><strong>53 &#8211; 57 &#8211; 63 \u20ac<\/strong><\/td>\n<\/tr>\n<tr>\n<td class=\"table-bcolor1 table-borde\">&nbsp;<\/td>\n<td>&nbsp;<\/td>\n<\/tr>\n<\/tbody>\n<\/table>\t\t\t\t\t\t\t\t<\/div>\n\t\t\t\t<\/div>\n\t\t\t\t\t<\/div>\n\t\t\t\t<\/div>\n\t\t\t\t<\/div>\n\t\t<div class=\"elementor-element elementor-element-2615191 e-flex e-con-boxed e-con e-child\" data-id=\"2615191\" data-element_type=\"container\" data-e-type=\"container\">\n\t\t\t\t\t<div class=\"e-con-inner\">\n\t\t\t\t<div class=\"elementor-element elementor-element-43e4860 elementor-widget elementor-widget-button\" data-id=\"43e4860\" data-element_type=\"widget\" data-e-type=\"widget\" data-widget_type=\"button.default\">\n\t\t\t\t<div class=\"elementor-widget-container\">\n\t\t\t\t\t\t\t\t\t<div class=\"elementor-button-wrapper\">\n\t\t\t\t\t<a class=\"elementor-button elementor-button-link elementor-size-sm\" href=\"https:\/\/costanatura.com\/terms-and-conditions\/\">\n\t\t\t\t\t\t<span class=\"elementor-button-content-wrapper\">\n\t\t\t\t\t\t\t\t\t<span class=\"elementor-button-text\">Bedingungen und Konditionen<\/span>\n\t\t\t\t\t<\/span>\n\t\t\t\t\t<\/a>\n\t\t\t\t<\/div>\n\t\t\t\t\t\t\t\t<\/div>\n\t\t\t\t<\/div>\n\t\t\t\t<div class=\"elementor-element elementor-element-6330a23 elementor-widget elementor-widget-button\" data-id=\"6330a23\" data-element_type=\"widget\" data-e-type=\"widget\" data-widget_type=\"button.default\">\n\t\t\t\t<div class=\"elementor-widget-container\">\n\t\t\t\t\t\t\t\t\t<div class=\"elementor-button-wrapper\">\n\t\t\t\t\t<a class=\"elementor-button elementor-button-link elementor-size-sm\" href=\"https:\/\/costanatura.com\/community-rules\/\">\n\t\t\t\t\t\t<span class=\"elementor-button-content-wrapper\">\n\t\t\t\t\t\t\t\t\t<span class=\"elementor-button-text\">Gemeinschaftsregeln<\/span>\n\t\t\t\t\t<\/span>\n\t\t\t\t\t<\/a>\n\t\t\t\t<\/div>\n\t\t\t\t\t\t\t\t<\/div>\n\t\t\t\t<\/div>\n\t\t\t\t<div class=\"elementor-element elementor-element-82c74d4 elementor-widget elementor-widget-button\" data-id=\"82c74d4\" data-element_type=\"widget\" data-e-type=\"widget\" data-widget_type=\"button.default\">\n\t\t\t\t<div class=\"elementor-widget-container\">\n\t\t\t\t\t\t\t\t\t<div class=\"elementor-button-wrapper\">\n\t\t\t\t\t<a class=\"elementor-button elementor-button-link elementor-size-sm\" href=\"https:\/\/costanatura.com\/accommodations\/\">\n\t\t\t\t\t\t<span class=\"elementor-button-content-wrapper\">\n\t\t\t\t\t\t\t\t\t<span class=\"elementor-button-text\">Wohnungen<\/span>\n\t\t\t\t\t<\/span>\n\t\t\t\t\t<\/a>\n\t\t\t\t<\/div>\n\t\t\t\t\t\t\t\t<\/div>\n\t\t\t\t<\/div>\n\t\t\t\t\t<\/div>\n\t\t\t\t<\/div>\n\t\t<div class=\"elementor-element elementor-element-416fa0c e-con-full e-flex e-con e-child\" data-id=\"416fa0c\" data-element_type=\"container\" data-e-type=\"container\">\n\t\t\t\t<\/div>\n\t\t\t\t\t<\/div>\n\t\t\t\t<\/div>\n\t\t<div class=\"elementor-element elementor-element-0411334 e-flex e-con-boxed e-con e-parent\" data-id=\"0411334\" data-element_type=\"container\" data-e-type=\"container\">\n\t\t\t\t\t<div class=\"e-con-inner\">\n\t\t\t\t<div class=\"elementor-element elementor-element-d346dd7 elementor-widget-divider--view-line elementor-widget elementor-widget-divider\" data-id=\"d346dd7\" data-element_type=\"widget\" data-e-type=\"widget\" data-widget_type=\"divider.default\">\n\t\t\t\t<div class=\"elementor-widget-container\">\n\t\t\t\t\t\t\t<div class=\"elementor-divider\">\n\t\t\t<span class=\"elementor-divider-separator\">\n\t\t\t\t\t\t<\/span>\n\t\t<\/div>\n\t\t\t\t\t\t<\/div>\n\t\t\t\t<\/div>\n\t\t\t\t\t<\/div>\n\t\t\t\t<\/div>\n\t\t\t\t<\/div>\n\t\t","protected":false},"excerpt":{"rendered":"<p>Aktuelle Preisliste Die Preisliste von Costa Natura kann sich aufgrund von saisonalen Preisen und Sonderangeboten \u00e4ndern. Wohnung Preise 2026\/27 Monat November &#8211; Februar M\u00e4rz &#8211; April&nbsp; Mai &#8211; Juni \/ Oktober Juli &#8211; September Typ Studio Wohnung 53 &#8211; 61 &#8211; 69 \u20ac 69 &#8211; 79 &#8211; 91 \u20ac 85 &#8211; 97 &#8211; 116 \u20ac [&hellip;]<\/p>\n","protected":false},"author":1,"featured_media":5232169,"parent":0,"menu_order":0,"comment_status":"closed","ping_status":"closed","template":"","meta":{"inline_featured_image":false,"footnotes":""},"class_list":["post-5221","page","type-page","status-publish","has-post-thumbnail","hentry"],"aioseo_notices":[],"_links":{"self":[{"href":"https:\/\/costanatura.com\/de\/wp-json\/wp\/v2\/pages\/5221","targetHints":{"allow":["GET"]}}],"collection":[{"href":"https:\/\/costanatura.com\/de\/wp-json\/wp\/v2\/pages"}],"about":[{"href":"https:\/\/costanatura.com\/de\/wp-json\/wp\/v2\/types\/page"}],"author":[{"embeddable":true,"href":"https:\/\/costanatura.com\/de\/wp-json\/wp\/v2\/users\/1"}],"replies":[{"embeddable":true,"href":"https:\/\/costanatura.com\/de\/wp-json\/wp\/v2\/comments?post=5221"}],"version-history":[{"count":22,"href":"https:\/\/costanatura.com\/de\/wp-json\/wp\/v2\/pages\/5221\/revisions"}],"predecessor-version":[{"id":51431943,"href":"https:\/\/costanatura.com\/de\/wp-json\/wp\/v2\/pages\/5221\/revisions\/51431943"}],"wp:featuredmedia":[{"embeddable":true,"href":"https:\/\/costanatura.com\/de\/wp-json\/wp\/v2\/media\/5232169"}],"wp:attachment":[{"href":"https:\/\/costanatura.com\/de\/wp-json\/wp\/v2\/media?parent=5221"}],"curies":[{"name":"wp","href":"https:\/\/api.w.org\/{rel}","templated":true}]}}