
{"id":5190,"date":"2024-03-05T15:17:21","date_gmt":"2024-03-05T14:17:21","guid":{"rendered":"https:\/\/costanatura.com\/gdpr-datenschutzerklaerung\/"},"modified":"2024-03-24T13:39:48","modified_gmt":"2024-03-24T12:39:48","slug":"gdpr-datenschutzerklaerung","status":"publish","type":"page","link":"https:\/\/costanatura.com\/de\/gdpr-datenschutzerklaerung\/","title":{"rendered":"GDPR &amp; Datenschutzerkl\u00e4rung"},"content":{"rendered":"\t\t<div data-elementor-type=\"wp-page\" data-elementor-id=\"5190\" class=\"elementor elementor-5190 elementor-3760\" data-elementor-post-type=\"page\">\n\t\t\t\t<div class=\"elementor-element elementor-element-959a2e3 e-flex e-con-boxed e-con e-parent\" data-id=\"959a2e3\" data-element_type=\"container\" data-e-type=\"container\" data-settings=\"{&quot;background_background&quot;:&quot;classic&quot;}\">\n\t\t\t\t\t<div class=\"e-con-inner\">\n\t\t\t\t<div class=\"elementor-element elementor-element-26a42ce elementor-widget elementor-widget-heading\" data-id=\"26a42ce\" data-element_type=\"widget\" data-e-type=\"widget\" data-widget_type=\"heading.default\">\n\t\t\t\t<div class=\"elementor-widget-container\">\n\t\t\t\t\t<h1 class=\"elementor-heading-title elementor-size-default\">GDPR &amp; Datenschutzerkl\u00e4rung<\/h1>\t\t\t\t<\/div>\n\t\t\t\t<\/div>\n\t\t\t\t\t<\/div>\n\t\t\t\t<\/div>\n\t\t<div class=\"elementor-element elementor-element-ca73c4c e-flex e-con-boxed e-con e-parent\" data-id=\"ca73c4c\" data-element_type=\"container\" data-e-type=\"container\">\n\t\t\t\t\t<div class=\"e-con-inner\">\n\t\t<div class=\"elementor-element elementor-element-f3e3e6c e-flex e-con-boxed e-con e-child\" data-id=\"f3e3e6c\" data-element_type=\"container\" data-e-type=\"container\">\n\t\t\t\t\t<div class=\"e-con-inner\">\n\t\t\t\t<div class=\"elementor-element elementor-element-993bbe1 texto elementor-widget elementor-widget-text-editor\" data-id=\"993bbe1\" data-element_type=\"widget\" data-e-type=\"widget\" data-widget_type=\"text-editor.default\">\n\t\t\t\t<div class=\"elementor-widget-container\">\n\t\t\t\t\t\t\t\t\t<p><strong>Zusammenfassung<\/strong> Auf der folgenden Seite erf\u00e4hrst du in einfachen Worten, wie die Asociacion Naturista Costa Natura (im Folgenden ANCN genannt) mit deinen Daten umgeht und welche Rechte du nach der EU-Grundverordnung hast. Auf dieser Seite erkl\u00e4ren wir dir, welche Tools wir verwenden und wie wir deine Daten verarbeiten. Ebenso geben wir dir die M\u00f6glichkeit, uns zu kontaktieren und die Daten anzufordern, die wir von dir haben. Wir sind zwar nur ein kleines Team, aber wir legen gro\u00dfen Wert auf Offenheit und Transparenz in Bezug auf deine Datennutzung. Jede und jeder ist willkommen, uns bez\u00fcglich unserer Datenpolitik zu kontaktieren. Diese Seite wird wahrscheinlich h\u00e4ufig ge\u00e4ndert werden, wenn sich die DSGVO weiterentwickelt.  <strong>Wichtig<\/strong> Wenn du eine Buchung bei ANCN vornimmst, erkl\u00e4rst du dich mit den folgenden Angaben zu den von uns verwendeten Tools und dem Umgang mit deinen Daten vollst\u00e4ndig einverstanden.  <em><br \/>\n  <strong>Wenn du mit einigen oder allen der folgenden Informationen nicht einverstanden bist, bittet ANCN dich, keine Online-Buchung vorzunehmen<\/strong><br \/>\n<\/em>.  <strong>Buchungen<\/strong> Wenn du eine Buchung bei uns vornimmst, speichert ANCN deine Daten, damit wir mit dir \u00fcber deine Buchungen kommunizieren k\u00f6nnen. Wir senden dir eine E-Mail-Best\u00e4tigung, alle Aktualisierungen zu deiner Buchung und wir k\u00f6nnen nach deiner Buchung nachfassen, um zu \u00fcberpr\u00fcfen, ob alles reibungslos funktioniert hat. ANCN kann dich gelegentlich per E-Mail \u00fcber Sonderangebote und wichtige Aktualisierungen informieren, auf die du aufmerksam gemacht werden solltest. ANCN speichert derzeit Buchungsinformationen f\u00fcr einen angemessenen Zeitraum. Es werden weder Zahlungsinformationen weitergegeben, noch werden Daten an externe Unternehmen weitergegeben.  <strong>VERWENDUNG DER INFORMATIONEN<\/strong>  Wir verwenden die \u00fcber dich gespeicherten Informationen auf die folgende Weise: Die Informationen, die du uns zur Verf\u00fcgung stellst, werden im Namen von ANCN gesammelt, das uns erlaubt, sie in \u00dcbereinstimmung mit dieser Datenschutzrichtlinie zu verwenden. &#8211; um unsere Verpflichtungen aus den zwischen dir und uns geschlossenen Online- oder Offline-Vertr\u00e4gen zu erf\u00fcllen und dir die von dir angeforderten Informationen, Produkte und Dienstleistungen zur Verf\u00fcgung zu stellen; &#8211; um dir Informationen \u00fcber Waren oder Dienstleistungen zukommen zu lassen, von denen wir glauben, dass sie dich im Zusammenhang mit unseren FKK-Resort-Aktivit\u00e4ten und -Urlauben interessieren k\u00f6nnten, oder um es ANCN zu erlauben, dir diese zukommen zu lassen, soweit dies nach geltendem Recht zul\u00e4ssig ist. &#8211; um Kundendienstanfragen oder andere Anfragen zu bearbeiten, die du uns mitteilst; &#8211; um dich \u00fcber \u00c4nderungen an unseren Produkten oder Dienstleistungen zu informieren; &#8211; um sicherzustellen, dass die Inhalte f\u00fcr dich und f\u00fcr deinen Computer oder dein Handy so effektiv wie m\u00f6glich dargestellt werden. Informationen, die wir \u00fcber dich sammeln. Wir verwenden diese Informationen: &#8211; um die von dir angeforderten Informationen, Produkte und Dienstleistungen bereitzustellen; &#8211; um unsere Websites oder Anwendungen zu verwalten und f\u00fcr interne Abl\u00e4ufe, einschlie\u00dflich Fehlerbehebung, Datenanalyse, Tests, Forschung, Statistik und Umfragen; &#8211; um dir ein einziges Kundenkonto und eine einzige Identit\u00e4t bei uns zu erm\u00f6glichen; &#8211; um sicherzustellen, dass die Inhalte f\u00fcr dich und deinen Computer so effektiv wie m\u00f6glich dargestellt werden; &#8211; um dir die Teilnahme an interaktiven Funktionen unserer Dienste zu erm\u00f6glichen, wenn du dich daf\u00fcr entscheidest; &#8211; im Rahmen unserer Bem\u00fchungen, unsere Websites und Anwendungen sicher zu halten; &#8211; um die Effektivit\u00e4t von Werbung, die wir dir und anderen anbieten, zu messen oder zu verstehen und dir relevante Werbung zu liefern; &#8211; um dir Vorschl\u00e4ge und Empfehlungen zu Waren oder Dienstleistungen zu machen, die dich interessieren k\u00f6nnten; &#8211; um uns zu erm\u00f6glichen, Feedback zu erhalten und Bewertungen unserer Produkte und Dienste durchzuf\u00fchren. Informationen, die wir aus anderen Quellen erhalten. Wir k\u00f6nnen diese Informationen mit den Informationen, die du uns zur Verf\u00fcgung stellst, und den Informationen, die wir \u00fcber dich sammeln, kombinieren. Wir werden diese Informationen und die kombinierten Informationen f\u00fcr die oben genannten Zwecke verwenden (je nachdem, welche Art von Informationen wir erhalten).  <strong>Zahlungen<\/strong> Alle unsere Zahlungen werden \u00fcber Stripe abgewickelt. ANCN speichert deine Kreditkartendaten nicht auf unseren Servern und hat auch keinen Zugriff darauf. Stripe verarbeitet deine Zahlungskarte im Namen von ANCN. Stripe speichert auf Wunsch von ANCN ein branchen\u00fcbliches Token deiner Zahlungskarte, damit wir dir das Geld zur\u00fcckerstatten oder eine No-Show-Geb\u00fchr erheben k\u00f6nnen. Derzeit werden diese Informationen so lange gespeichert, wie die Zahlungskarte g\u00fcltig ist. <strong>Hotjar<\/strong> Um die Erfahrung eines Nutzers auf unseren Websites zu \u00fcberpr\u00fcfen und zu verstehen. Wir \u00fcberpr\u00fcfen diese Informationen regelm\u00e4\u00dfig, um sicherzustellen, dass unsere Websites einwandfrei funktionieren. Wir erfassen und speichern keine pers\u00f6nlichen Daten und halten uns an die Richtlinien von Hotjar bez\u00fcglich der Tastendruckdaten. Derzeit speichern wir die Daten von Hotjar so lange, wie Hotjar uns die Speicherung erlaubt. <strong>Facebook<\/strong> ANCN nutzt Facebook zum Zweck der Werbung. Wir erfassen Nutzerdaten, die uns \u00fcber die Facebook-Pixel-Anwendung zur Verf\u00fcgung stehen. So k\u00f6nnen wir unsere Kunden besser mit relevanten Werbeanzeigen bedienen. ANCN hat keinen Zugriff auf die individuellen Facebook-Daten der Kunden. Alle Daten werden von Facebook selbst verwaltet und dem ANCN-Team nur \u00fcber die Facebook-Werbeplattform zur Verf\u00fcgung gestellt. <strong>Google Analytics<\/strong> ANCN nutzt Google Analytics, um unsere Kunden und ihre Bed\u00fcrfnisse besser zu verstehen, wenn sie auf unsere Seiten kommen. Es werden keine personenbezogenen Daten erfasst. ANCN speichert die Google Analytics-Aufzeichnungen derzeit f\u00fcr einen Zeitraum von 24 Monaten. <strong>Bilder<\/strong> ANCN bezieht die meisten seiner Bilder intern oder von frei verf\u00fcgbaren Bilddatenbanken. ANCN entfernt alle Bilder, die als nicht GDPR-konform eingestuft werden oder f\u00fcr die eine Aufforderung zur Entfernung an ANCN ergangen ist. Anstelle von GDPR-Meldungen wird ANCN alle Bilder auf unbestimmte Zeit aufbewahren und verwenden. <strong>Server<\/strong> ANCN wird auf einer Infrastruktur innerhalb der EU gehostet, vor allem in Spanien. ANCN hat keine Kontrolle \u00fcber den physischen Standort von Hardware in Verbindung mit Tools von Drittanbietern. <strong>Aufbewahrung deiner Informationen<\/strong> Wir ergreifen Ma\u00dfnahmen, um sicherzustellen, dass die von dir zur Verf\u00fcgung gestellten personenbezogenen Daten f\u00fcr einen angemessenen Zeitraum f\u00fcr den Zweck aufbewahrt werden, f\u00fcr den sie erhoben wurden. Nach diesem Zeitraum werden sie gel\u00f6scht oder in einigen F\u00e4llen anonymisiert. <strong>Datensicherung<\/strong> ANCN erstellt t\u00e4glich Sicherungskopien seiner gesamten Infrastruktur, einschlie\u00dflich der Kundendaten, f\u00fcr die Zwecke der Notfallwiederherstellung und Wiederherstellung. Diese Backups werden f\u00fcr einen Zeitraum von 30 Tagen sicher aufbewahrt und dann sicher gel\u00f6scht.  <strong>Wer hat das Sagen?<\/strong>  Im Rahmen der GDPR-Bestimmungen werden alle Anfragen zu deinen Daten und deren Verwendung vom Sekretariat bearbeitet. ANCN hat seinen Sitz an der Ctr de Cadiz, Km151 Estepona, CP 29680 Spanien, mit der Apartamentos Turisticos Registrierungsnummer A\/MA\/00917. <strong>Recht auf Auskunft und L\u00f6schung<\/strong> Als Kunde von ANCN hast du Rechte gem\u00e4\u00df der GDPR-Richtlinien. Um eine Kopie der von uns gespeicherten Daten \u00fcber dich anzufordern und\/oder deren L\u00f6schung zu verlangen, sende bitte eine E-Mail an info@ANCN.info. Achte darauf, dass du deine Buchungsreferenz, die bei der Buchung verwendete E-Mail-Adresse und deinen vollst\u00e4ndigen Namen angibst, damit wir deine Daten miteinander verkn\u00fcpfen und dir ein vollst\u00e4ndiges Bild der gespeicherten Daten geben k\u00f6nnen. Wir bem\u00fchen uns, uns innerhalb von 10 bis 15 Werktagen bei dir zu melden. Bitte beachte, dass die DSGVO nur f\u00fcr Kunden gilt, die ihren Wohnsitz in der EU haben und die nach dem 24. Mai 2018 eine Buchung bei ANCN vorgenommen haben.<\/p>\n\t\t\t\t\t\t\t\t<\/div>\n\t\t\t\t<\/div>\n\t\t\t\t\t<\/div>\n\t\t\t\t<\/div>\n\t\t\t\t<div class=\"elementor-element elementor-element-4e4de8e elementor-widget-divider--view-line elementor-widget elementor-widget-divider\" data-id=\"4e4de8e\" data-element_type=\"widget\" data-e-type=\"widget\" data-widget_type=\"divider.default\">\n\t\t\t\t<div class=\"elementor-widget-container\">\n\t\t\t\t\t\t\t<div class=\"elementor-divider\">\n\t\t\t<span class=\"elementor-divider-separator\">\n\t\t\t\t\t\t<\/span>\n\t\t<\/div>\n\t\t\t\t\t\t<\/div>\n\t\t\t\t<\/div>\n\t\t<div class=\"elementor-element elementor-element-1e9bbc7 e-flex e-con-boxed e-con e-child\" data-id=\"1e9bbc7\" data-element_type=\"container\" data-e-type=\"container\">\n\t\t\t\t\t<div class=\"e-con-inner\">\n\t\t\t\t<div class=\"elementor-element elementor-element-0be27f7 elementor-widget elementor-widget-button\" data-id=\"0be27f7\" data-element_type=\"widget\" data-e-type=\"widget\" data-widget_type=\"button.default\">\n\t\t\t\t<div class=\"elementor-widget-container\">\n\t\t\t\t\t\t\t\t\t<div class=\"elementor-button-wrapper\">\n\t\t\t\t\t<a class=\"elementor-button elementor-button-link elementor-size-sm\" href=\"https:\/\/costanatura.com\/community-rules\/\">\n\t\t\t\t\t\t<span class=\"elementor-button-content-wrapper\">\n\t\t\t\t\t\t\t\t\t<span class=\"elementor-button-text\">Gemeinschaftsregeln<\/span>\n\t\t\t\t\t<\/span>\n\t\t\t\t\t<\/a>\n\t\t\t\t<\/div>\n\t\t\t\t\t\t\t\t<\/div>\n\t\t\t\t<\/div>\n\t\t\t\t<div class=\"elementor-element elementor-element-0ba9b56 elementor-widget elementor-widget-button\" data-id=\"0ba9b56\" data-element_type=\"widget\" data-e-type=\"widget\" data-widget_type=\"button.default\">\n\t\t\t\t<div class=\"elementor-widget-container\">\n\t\t\t\t\t\t\t\t\t<div class=\"elementor-button-wrapper\">\n\t\t\t\t\t<a class=\"elementor-button elementor-button-link elementor-size-sm\" href=\"https:\/\/costanatura.com\/price-list\/\">\n\t\t\t\t\t\t<span class=\"elementor-button-content-wrapper\">\n\t\t\t\t\t\t\t\t\t<span class=\"elementor-button-text\">Preisliste<\/span>\n\t\t\t\t\t<\/span>\n\t\t\t\t\t<\/a>\n\t\t\t\t<\/div>\n\t\t\t\t\t\t\t\t<\/div>\n\t\t\t\t<\/div>\n\t\t\t\t<div class=\"elementor-element elementor-element-b929c34 elementor-widget elementor-widget-button\" data-id=\"b929c34\" data-element_type=\"widget\" data-e-type=\"widget\" data-widget_type=\"button.default\">\n\t\t\t\t<div class=\"elementor-widget-container\">\n\t\t\t\t\t\t\t\t\t<div class=\"elementor-button-wrapper\">\n\t\t\t\t\t<a class=\"elementor-button elementor-button-link elementor-size-sm\" href=\"https:\/\/costanatura.com\/accommodations\/\">\n\t\t\t\t\t\t<span class=\"elementor-button-content-wrapper\">\n\t\t\t\t\t\t\t\t\t<span class=\"elementor-button-text\">Wohnungen<\/span>\n\t\t\t\t\t<\/span>\n\t\t\t\t\t<\/a>\n\t\t\t\t<\/div>\n\t\t\t\t\t\t\t\t<\/div>\n\t\t\t\t<\/div>\n\t\t\t\t\t<\/div>\n\t\t\t\t<\/div>\n\t\t\t\t\t<\/div>\n\t\t\t\t<\/div>\n\t\t\t\t<\/div>\n\t\t","protected":false},"excerpt":{"rendered":"<p>GDPR &amp; Datenschutzerkl\u00e4rung Zusammenfassung Auf der folgenden Seite erf\u00e4hrst du in einfachen Worten, wie die Asociacion Naturista Costa Natura (im Folgenden ANCN genannt) mit deinen Daten umgeht und welche Rechte du nach der EU-Grundverordnung hast. Auf dieser Seite erkl\u00e4ren wir dir, welche Tools wir verwenden und wie wir deine Daten verarbeiten. Ebenso geben wir dir [&hellip;]<\/p>\n","protected":false},"author":2,"featured_media":0,"parent":0,"menu_order":0,"comment_status":"closed","ping_status":"closed","template":"","meta":{"inline_featured_image":false,"footnotes":""},"class_list":["post-5190","page","type-page","status-publish","hentry"],"aioseo_notices":[],"_links":{"self":[{"href":"https:\/\/costanatura.com\/de\/wp-json\/wp\/v2\/pages\/5190","targetHints":{"allow":["GET"]}}],"collection":[{"href":"https:\/\/costanatura.com\/de\/wp-json\/wp\/v2\/pages"}],"about":[{"href":"https:\/\/costanatura.com\/de\/wp-json\/wp\/v2\/types\/page"}],"author":[{"embeddable":true,"href":"https:\/\/costanatura.com\/de\/wp-json\/wp\/v2\/users\/2"}],"replies":[{"embeddable":true,"href":"https:\/\/costanatura.com\/de\/wp-json\/wp\/v2\/comments?post=5190"}],"version-history":[{"count":0,"href":"https:\/\/costanatura.com\/de\/wp-json\/wp\/v2\/pages\/5190\/revisions"}],"wp:attachment":[{"href":"https:\/\/costanatura.com\/de\/wp-json\/wp\/v2\/media?parent=5190"}],"curies":[{"name":"wp","href":"https:\/\/api.w.org\/{rel}","templated":true}]}}