
{"id":5186,"date":"2024-02-28T10:06:47","date_gmt":"2024-02-28T09:06:47","guid":{"rendered":"https:\/\/costanatura.com\/gemeinschaftsregeln\/"},"modified":"2026-04-27T10:43:08","modified_gmt":"2026-04-27T09:43:08","slug":"gemeinschaftsregeln","status":"publish","type":"page","link":"https:\/\/costanatura.com\/de\/gemeinschaftsregeln\/","title":{"rendered":"Gemeinschaftsregeln"},"content":{"rendered":"\t\t<div data-elementor-type=\"wp-page\" data-elementor-id=\"5186\" class=\"elementor elementor-5186 elementor-2351\" data-elementor-post-type=\"page\">\n\t\t\t\t<div class=\"elementor-element elementor-element-91fe42c e-flex e-con-boxed e-con e-parent\" data-id=\"91fe42c\" data-element_type=\"container\" data-e-type=\"container\" data-settings=\"{&quot;background_background&quot;:&quot;classic&quot;}\">\n\t\t\t\t\t<div class=\"e-con-inner\">\n\t\t\t\t<div class=\"elementor-element elementor-element-fe12daa elementor-widget elementor-widget-heading\" data-id=\"fe12daa\" data-element_type=\"widget\" data-e-type=\"widget\" data-widget_type=\"heading.default\">\n\t\t\t\t<div class=\"elementor-widget-container\">\n\t\t\t\t\t<h1 class=\"elementor-heading-title elementor-size-default\">Gemeinschaftsregeln<\/h1>\t\t\t\t<\/div>\n\t\t\t\t<\/div>\n\t\t\t\t<div class=\"elementor-element elementor-element-526b8a7 elementor-widget elementor-widget-heading\" data-id=\"526b8a7\" data-element_type=\"widget\" data-e-type=\"widget\" data-widget_type=\"heading.default\">\n\t\t\t\t<div class=\"elementor-widget-container\">\n\t\t\t\t\t<div class=\"elementor-heading-title elementor-size-default\">Costa Natura<\/div>\t\t\t\t<\/div>\n\t\t\t\t<\/div>\n\t\t\t\t\t<\/div>\n\t\t\t\t<\/div>\n\t\t<div class=\"elementor-element elementor-element-15deac0 e-flex e-con-boxed e-con e-parent\" data-id=\"15deac0\" data-element_type=\"container\" data-e-type=\"container\">\n\t\t\t\t\t<div class=\"e-con-inner\">\n\t\t<div class=\"elementor-element elementor-element-386bb8d e-flex e-con-boxed e-con e-child\" data-id=\"386bb8d\" data-element_type=\"container\" data-e-type=\"container\">\n\t\t\t\t\t<div class=\"e-con-inner\">\n\t\t\t\t<div class=\"elementor-element elementor-element-02da245 texto elementor-widget elementor-widget-text-editor\" data-id=\"02da245\" data-element_type=\"widget\" data-e-type=\"widget\" data-widget_type=\"text-editor.default\">\n\t\t\t\t<div class=\"elementor-widget-container\">\n\t\t\t\t\t\t\t\t\t<p>Gilt f\u00fcr:<\/p><ul><li>Besitzer<\/li><li>Kunden<\/li><li>Clubmitglieder<\/li><li>Tagesbesucher<\/li><\/ul><p><b>Zusammenfassung<\/b><\/p><p>Kunden, Clubmitglieder und Tagesbesucher werden an der Rezeption gebeten, ein Formular auszuf\u00fcllen, mit dem sie sich verpflichten, die internen Regeln des Naturist Resort einzuhalten, die im Folgenden aufgef\u00fchrt sind.<\/p><ul><li>Nacktheit ist auf dem Gel\u00e4nde und in den R\u00e4umlichkeiten von Costa Natura die Norm. In den Schwimmb\u00e4dern, im Whirlpool und in der Sauna ist keine Kleidung (auch keine Badebekleidung) erlaubt. Bei der Benutzung von Schaukeln, Sonnenliegen, den St\u00fchlen auf den Terrassen und in der Sauna M\u00dcSSEN immer Handt\u00fccher benutzt werden.<\/li><li>Von jedem wird erwartet, dass er sich so verh\u00e4lt, dass die Rechte anderer respektiert werden und die Harmonie und Ruhe von Costa Natura nicht gest\u00f6rt wird.<\/li><li>Costa Natura hei\u00dft Kinder unter der Voraussetzung willkommen, dass die Eltern\/Erziehungsberechtigten ihre Kinder jederzeit beaufsichtigen und sicherstellen, dass sie diese Regeln auch einhalten. Um die Gesundheits- und Sicherheitsvorschriften einzuhalten, wird empfohlen, dass Kinder unter 8 Jahren den Whirlpool und die Sauna nicht benutzen. Wenn Kinder unter 8 Jahren den Whirlpool oder die Sauna betreten, m\u00fcssen sie von ihren Eltern\/Erziehungsberechtigten begleitet werden. Das Management \u00fcbernimmt keine Verantwortung f\u00fcr die Nichteinhaltung dieser Regeln. Die Nutzung aller Einrichtungen erfolgt auf eigene Gefahr. Der Fitnessraum kann nur von Personen ab 16 Jahren genutzt werden.<\/li><li>Jeder ist verpflichtet, die Badezeiten einzuhalten, die auf den Schildern am Schwimmbad und auf dem schwarzen Brett an der Rezeption angegeben sind. Au\u00dferhalb dieser Zeiten handelt der Nutzer auf eigenes Risiko (Eltern sind f\u00fcr ihre Kinder verantwortlich)<\/li><li>Die Poolabdeckung wird bei schlechten Wetterbedingungen ausgefahren. Dies dient der Aufrechterhaltung des W\u00e4rmeniveaus im Pool<\/li><li>Alle sind f\u00fcr Sch\u00e4den am Gemeinschaftseigentum verantwortlich, auch f\u00fcr solche, die von ihren Kindern oder anderen Personen, f\u00fcr die sie verantwortlich sind, verursacht werden. Sie erstatten der Gemeinschaft alle anfallenden Kosten.<\/li><li>Kunden, Clubmitgliedern und Tagesbesuchern ist es nicht erlaubt, Tiere mit nach Costa Natura zu bringen. Das Anz\u00fcnden von offenem Feuer oder Grillen ist nicht gestattet.<\/li><li>Jeder muss die in jeder Wohnung vorhandenen W\u00e4schest\u00e4nder benutzen und darf keine Handt\u00fccher oder Kleidung \u00fcber die Terrasse h\u00e4ngen.<\/li><li>Nur Eigent\u00fcmer und Kunden d\u00fcrfen private Fahrzeuge mitbringen und auf den festgelegten Parkfl\u00e4chen parken (1 Fahrzeug pro Wohnung). Es ist nicht erlaubt, Zelte, Wohnwagen oder Wohnmobile mitzubringen oder zu benutzen. Camping, Wohnmobile, Zelte oder \u00e4hnliche tempor\u00e4re Unterk\u00fcnfte sind nicht erlaubt. Die Nutzer des Parkplatzes werden gebeten, die blau gekennzeichneten Parkpl\u00e4tze f\u00fcr Personen mit eingeschr\u00e4nkter Mobilit\u00e4t zu respektieren. Bitte parke mit der gebotenen Vorsicht und nimm R\u00fccksicht auf andere Parkhausbenutzer.<\/li><li>Clubmitglieder und Tagesg\u00e4ste m\u00fcssen Costa Natura \u00fcber die Rezeption betreten und d\u00fcrfen keine Fahrzeuge in das Resort bringen. Die Mitgliedskarten der Naturist Association\/Federation m\u00fcssen beim Betreten des Resorts vorgelegt werden. Tagesbesucher und kurzfristige Mitgliedschaften werden das ganze Jahr \u00fcber akzeptiert, <span style=\"text-decoration: underline;\"><strong>au\u00dfer im Juli und August.<\/strong><\/span> <\/li><li>Die Umkleidekabine (mit begrenztem Platz f\u00fcr Spinde) ist f\u00fcr Clubmitglieder und Tagesg\u00e4ste gedacht. Einen Schl\u00fcssel erh\u00e4ltst du gegen eine Kaution an der Rezeption. Die Leitung \u00fcbernimmt keine Verantwortung f\u00fcr pers\u00f6nliche Ausr\u00fcstung oder Kleidung, die dort zur\u00fcckgelassen wird. Clubmitglieder und Tagesbesucher sollten die Umkleidekabine benutzen, um zu vermeiden, dass sie sich in den Gemeinschaftsbereichen aus- und anziehen.<\/li><li>Die Verwendung von Foto-\/Video-\/Telefon-\/Tablet-Aufnahme- oder \u00dcbertragungsger\u00e4ten ist in \u00f6ffentlichen Bereichen ausdr\u00fccklich verboten, wenn es sich um Personen ohne deren schriftliche Genehmigung handelt.<\/li><li>Alle Nutzer des drahtlosen Netzwerks von Costa Natura m\u00fcssen die Nutzungsbedingungen einhalten, die bei der Anmeldung zum Netzwerk angegeben sind.<\/li><li>Alle Unf\u00e4lle m\u00fcssen der Gesch\u00e4ftsleitung gemeldet werden. Die Gesch\u00e4ftsf\u00fchrung beh\u00e4lt sich das Recht vor, G\u00e4sten bei Verst\u00f6\u00dfen gegen diese Regeln den Zutritt oder die Mitgliedschaft zu verweigern und sie zum Verlassen des Geb\u00e4udes aufzufordern oder die Mitgliedschaft zu widerrufen.<\/li><li>Das Rauchen ist in allen Apartments, im Restaurant, im Poolbereich, im Jacuzzi, in der Sauna und an der Rezeption strengstens verboten. Bitte beachte die Rauchverbotsschilder.<\/li><\/ul><p>Von den Besuchern von Costa Natura wird erwartet, dass sie die oben genannten Regeln unterschreiben und akzeptieren, bevor sie Costa Natura betreten.<\/p><p>Alle Besucher m\u00fcssen sich vor Beginn ihres Besuchs an der Rezeption melden.<\/p><p><strong>Kleiderordnung<\/strong><\/p><p>Innerhalb der Grenzen von CostaNatura wird Naturismus \u00fcberall und jederzeit als normal angesehen.<\/p><p>Abends im Restaurant ist es w\u00fcnschenswert, dass die Leute sich dem Anlass entsprechend kleiden. Sie ist jedoch nicht verpflichtend. Nackt zu tanzen ist im Restaurant nicht erw\u00fcnscht, aber bei bestimmten Themenveranstaltungen, die an den Anschlagtafeln angek\u00fcndigt werden, ist Nacktheit ganz oder teilweise erlaubt.<\/p><p>Badekleidung jeglicher Art darf in den Schwimmb\u00e4dern, im Whirlpool und in der Sauna nicht getragen werden. Die Verwendung von Schwimmwindeln f\u00fcr S\u00e4uglinge\/Kleinkinder wird jederzeit empfohlen. Beachte, dass S\u00e4uglinge, Kleinkinder und Kinder (unter 16 Jahren) nicht in die Sauna oder den Whirlpool d\u00fcrfen.<\/p><p><strong>Naturisten-Knigge<\/strong><\/p><p>Bitte benutze ein Handtuch, wenn du nackt auf St\u00fchlen, B\u00e4nken, Sonnenliegen, Liegest\u00fchlen, Sportger\u00e4ten oder Ger\u00e4ten im Kinderspielbereich sitzt.<\/p><h2>WiFi Bedingungen und Konditionen<\/h2><ul><li>Der WiFi-Service bietet einen gemeinsamen Internetzugang mit begrenzter Geschwindigkeit und ist auf 2 Ger\u00e4te pro Benutzercode beschr\u00e4nkt.<\/li><li>Der freie Zugang zum WiFi \/ Internet-Netzwerk ist nicht erlaubt. Es ist ein einzigartiger Service f\u00fcr Eigent\u00fcmer, Kunden und Besucher von Costa Natura.<\/li><li>F\u00fcr den Zugang zum Internet ist ein Benutzercode erforderlich Der Code ist nicht \u00fcbertragbar.<\/li><li>Die Verwendung des Codes zur Verbindung mit dem WiFi-Netzwerk und dem Internet liegt in der Verantwortung des Nutzers.<\/li><li>Der WiFi-Dienst speichert die ausgehenden Verbindungen jeder einzelnen Nutzerin und jedes einzelnen Nutzers in einer Datenbank, die wir auf Anfrage an die zust\u00e4ndigen Rechts- oder Justizbeh\u00f6rden weitergeben. Die Zustimmung zu diesem Dokument bedeutet, dass der\/die Nutzer\/in sich der automatischen Speicherung solcher Verbindungen, Nutzungszeiten und aller Ger\u00e4tedaten bewusst ist und diese zul\u00e4sst.<\/li><li>Es liegt in der Verantwortung der Nutzer\/innen, ihre Ger\u00e4te im WiFi-Netzwerk und im Internet mit geeigneten Antiviren-, Malware- oder Firewalls zu sch\u00fctzen.  <\/li><li>Die Nutzung von P2P-Programmen oder exzessives Herunterladen ist nicht erlaubt. Es gilt eine Richtlinie zur fairen Nutzung, die von der Comunidad de Propietarios de Costa Natura und der Asociacion Naturista Costa Natura (dem WiFi-Anbieter) festgelegt wurde.<\/li><li>Der WiFi-Anbieter beh\u00e4lt sich das Recht vor, den Zugang zu einer Website, einer Domain, einem Port oder einer Verbindungsm\u00f6glichkeit jederzeit zu sperren, auf eine schwarze Liste zu setzen oder den Zugang zu verweigern.<\/li><li>Der WiFi-Anbieter beh\u00e4lt sich das Recht vor, ohne Vorank\u00fcndigung denjenigen den Zugang zu entziehen, die den rechtm\u00e4\u00dfigen Zugang zum WIFI-System absichtlich behindern oder umleiten.<\/li><\/ul><p>Weitere Sprachen sind auf Anfrage erh\u00e4ltlich. Bitte <a href=\"https:\/\/costanatura.com\/de\/kontakt\/\">kontaktiere uns hier<\/a>.<\/p><p>Andere Sprachen sind auf Anfrage erh\u00e4ltlich. Si requiere informaci\u00f3n en un idioma adicional por favor solic\u00edtelo <a href=\"\/es\/contacto\">aqu\u00ed<\/a>.<\/p>\t\t\t\t\t\t\t\t<\/div>\n\t\t\t\t<\/div>\n\t\t\t\t\t<\/div>\n\t\t\t\t<\/div>\n\t\t\t\t<div class=\"elementor-element elementor-element-f5b6e39 elementor-widget-divider--view-line elementor-widget elementor-widget-divider\" data-id=\"f5b6e39\" data-element_type=\"widget\" data-e-type=\"widget\" data-widget_type=\"divider.default\">\n\t\t\t\t<div class=\"elementor-widget-container\">\n\t\t\t\t\t\t\t<div class=\"elementor-divider\">\n\t\t\t<span class=\"elementor-divider-separator\">\n\t\t\t\t\t\t<\/span>\n\t\t<\/div>\n\t\t\t\t\t\t<\/div>\n\t\t\t\t<\/div>\n\t\t<div class=\"elementor-element elementor-element-9ffeb6d e-flex e-con-boxed e-con e-child\" data-id=\"9ffeb6d\" data-element_type=\"container\" data-e-type=\"container\">\n\t\t\t\t\t<div class=\"e-con-inner\">\n\t\t\t\t<div class=\"elementor-element elementor-element-d7234d7 elementor-widget elementor-widget-button\" data-id=\"d7234d7\" data-element_type=\"widget\" data-e-type=\"widget\" data-widget_type=\"button.default\">\n\t\t\t\t<div class=\"elementor-widget-container\">\n\t\t\t\t\t\t\t\t\t<div class=\"elementor-button-wrapper\">\n\t\t\t\t\t<a class=\"elementor-button elementor-button-link elementor-size-sm\" href=\"https:\/\/costanatura.com\/terms-and-conditions\/\">\n\t\t\t\t\t\t<span class=\"elementor-button-content-wrapper\">\n\t\t\t\t\t\t\t\t\t<span class=\"elementor-button-text\">Bedingungen &amp; Konditionen<\/span>\n\t\t\t\t\t<\/span>\n\t\t\t\t\t<\/a>\n\t\t\t\t<\/div>\n\t\t\t\t\t\t\t\t<\/div>\n\t\t\t\t<\/div>\n\t\t\t\t<div class=\"elementor-element elementor-element-abccadc elementor-widget elementor-widget-button\" data-id=\"abccadc\" data-element_type=\"widget\" data-e-type=\"widget\" data-widget_type=\"button.default\">\n\t\t\t\t<div class=\"elementor-widget-container\">\n\t\t\t\t\t\t\t\t\t<div class=\"elementor-button-wrapper\">\n\t\t\t\t\t<a class=\"elementor-button elementor-button-link elementor-size-sm\" href=\"https:\/\/costanatura.com\/price-list\/\">\n\t\t\t\t\t\t<span class=\"elementor-button-content-wrapper\">\n\t\t\t\t\t\t\t\t\t<span class=\"elementor-button-text\">Preisliste<\/span>\n\t\t\t\t\t<\/span>\n\t\t\t\t\t<\/a>\n\t\t\t\t<\/div>\n\t\t\t\t\t\t\t\t<\/div>\n\t\t\t\t<\/div>\n\t\t\t\t<div class=\"elementor-element elementor-element-6d076c2 elementor-widget elementor-widget-button\" data-id=\"6d076c2\" data-element_type=\"widget\" data-e-type=\"widget\" data-widget_type=\"button.default\">\n\t\t\t\t<div class=\"elementor-widget-container\">\n\t\t\t\t\t\t\t\t\t<div class=\"elementor-button-wrapper\">\n\t\t\t\t\t<a class=\"elementor-button elementor-button-link elementor-size-sm\" href=\"https:\/\/costanatura.com\/accommodations\/\">\n\t\t\t\t\t\t<span class=\"elementor-button-content-wrapper\">\n\t\t\t\t\t\t\t\t\t<span class=\"elementor-button-text\">Wohnungen<\/span>\n\t\t\t\t\t<\/span>\n\t\t\t\t\t<\/a>\n\t\t\t\t<\/div>\n\t\t\t\t\t\t\t\t<\/div>\n\t\t\t\t<\/div>\n\t\t\t\t\t<\/div>\n\t\t\t\t<\/div>\n\t\t\t\t\t<\/div>\n\t\t\t\t<\/div>\n\t\t\t\t<\/div>\n\t\t","protected":false},"excerpt":{"rendered":"<p>Gemeinschaftsregeln Costa Natura Gilt f\u00fcr: Besitzer Kunden Clubmitglieder Tagesbesucher Zusammenfassung Kunden, Clubmitglieder und Tagesbesucher werden an der Rezeption gebeten, ein Formular auszuf\u00fcllen, mit dem sie sich verpflichten, die internen Regeln des Naturist Resort einzuhalten, die im Folgenden aufgef\u00fchrt sind. Nacktheit ist auf dem Gel\u00e4nde und in den R\u00e4umlichkeiten von Costa Natura die Norm. In den [&hellip;]<\/p>\n","protected":false},"author":1,"featured_media":5232169,"parent":0,"menu_order":0,"comment_status":"closed","ping_status":"closed","template":"","meta":{"inline_featured_image":false,"footnotes":""},"class_list":["post-5186","page","type-page","status-publish","has-post-thumbnail","hentry"],"aioseo_notices":[],"_links":{"self":[{"href":"https:\/\/costanatura.com\/de\/wp-json\/wp\/v2\/pages\/5186","targetHints":{"allow":["GET"]}}],"collection":[{"href":"https:\/\/costanatura.com\/de\/wp-json\/wp\/v2\/pages"}],"about":[{"href":"https:\/\/costanatura.com\/de\/wp-json\/wp\/v2\/types\/page"}],"author":[{"embeddable":true,"href":"https:\/\/costanatura.com\/de\/wp-json\/wp\/v2\/users\/1"}],"replies":[{"embeddable":true,"href":"https:\/\/costanatura.com\/de\/wp-json\/wp\/v2\/comments?post=5186"}],"version-history":[{"count":2,"href":"https:\/\/costanatura.com\/de\/wp-json\/wp\/v2\/pages\/5186\/revisions"}],"predecessor-version":[{"id":51513539,"href":"https:\/\/costanatura.com\/de\/wp-json\/wp\/v2\/pages\/5186\/revisions\/51513539"}],"wp:featuredmedia":[{"embeddable":true,"href":"https:\/\/costanatura.com\/de\/wp-json\/wp\/v2\/media\/5232169"}],"wp:attachment":[{"href":"https:\/\/costanatura.com\/de\/wp-json\/wp\/v2\/media?parent=5186"}],"curies":[{"name":"wp","href":"https:\/\/api.w.org\/{rel}","templated":true}]}}